{"id":7900,"date":"2020-08-25T09:31:10","date_gmt":"2020-08-25T09:31:10","guid":{"rendered":"https:\/\/7oroof.com\/tfdemos\/medcity\/?page_id=7900"},"modified":"2025-04-11T17:15:09","modified_gmt":"2025-04-11T14:15:09","slug":"doktorlar","status":"publish","type":"page","link":"https:\/\/estecenter.com\/tr\/doktorlar\/","title":{"rendered":"Doktorlar"},"content":{"rendered":"<div data-elementor-type=\"wp-page\" data-elementor-id=\"7900\" class=\"elementor elementor-7900\" data-elementor-post-type=\"page\">\n\t\t\t\t        <section class=\"elementor-section elementor-top-section elementor-element elementor-element-7ed276c6 elementor-section-stretched elementor-section-boxed elementor-section-height-default elementor-section-height-default\" data-id=\"7ed276c6\" data-element_type=\"section\" data-settings=\"{&quot;stretch_section&quot;:&quot;section-stretched&quot;,&quot;background_background&quot;:&quot;classic&quot;}\">\r\n\t\t            <div class=\"elementor-background-overlay\"><\/div>\r\n\t\t\r\n\t\t        <div class=\"elementor-container elementor-column-gap-default\" >\r\n\t\t        <div class=\"elementor-column elementor-col-100 elementor-top-column elementor-element elementor-element-2753da95\" data-id=\"2753da95\" data-element_type=\"column\">\r\n            <div class=\"elementor-widget-wrap elementor-element-populated\">\r\n                        <section class=\"elementor-section elementor-inner-section elementor-element elementor-element-3a14eaed elementor-section-boxed elementor-section-height-default elementor-section-height-default\" data-id=\"3a14eaed\" data-element_type=\"section\">\r\n\t\t\r\n\t\t        <div class=\"elementor-container elementor-column-gap-default\" >\r\n\t\t        <div class=\"elementor-column elementor-col-50 elementor-inner-column elementor-element elementor-element-7ed4aef0\" data-id=\"7ed4aef0\" data-element_type=\"column\">\r\n            <div class=\"elementor-widget-wrap elementor-element-populated\">\r\n                \t\t<div class=\"elementor-element elementor-element-464ffd45 elementor-widget elementor-widget-cms_heading\" data-id=\"464ffd45\" data-element_type=\"widget\" data-widget_type=\"cms_heading.default\">\n\t\t\t\t<div class=\"elementor-widget-container\">\n\t\t\t<div class=\"cms-heading-wrapper cms-heading-layout1\">\r\n    \r\n            <h2 class=\"custom-heading\">\r\n            <span >Toplumdaki En A\u011f\u0131r Hastalara Bak\u0131m Sa\u011flamak.<\/span>\r\n        <\/h2>\r\n        \r\n    <\/div>\t\t<\/div>\n\t\t\t\t<\/div>\n\t\t\t\t<div class=\"elementor-element elementor-element-1bd67295 elementor-widget elementor-widget-text-editor\" data-id=\"1bd67295\" data-element_type=\"widget\" data-widget_type=\"text-editor.default\">\n\t\t\t\t<div class=\"elementor-widget-container\">\n\t\t\t<style>\/*! elementor - v3.21.0 - 15-04-2024 *\/\n.elementor-widget-text-editor.elementor-drop-cap-view-stacked .elementor-drop-cap{background-color:#69727d;color:#fff}.elementor-widget-text-editor.elementor-drop-cap-view-framed .elementor-drop-cap{color:#69727d;border:3px solid;background-color:transparent}.elementor-widget-text-editor:not(.elementor-drop-cap-view-default) .elementor-drop-cap{margin-top:8px}.elementor-widget-text-editor:not(.elementor-drop-cap-view-default) .elementor-drop-cap-letter{width:1em;height:1em}.elementor-widget-text-editor .elementor-drop-cap{float:left;text-align:center;line-height:1;font-size:50px}.elementor-widget-text-editor .elementor-drop-cap-letter{display:inline-block}<\/style>\t\t\t\t<p>Medcity, 1990 y\u0131l\u0131ndan beri Avrupa&#039;da faaliyet g\u00f6steriyor ve sa\u011fl\u0131k altyap\u0131s\u0131n\u0131n iyile\u015ftirilmesi i\u00e7in yenilik\u00e7i \u00e7\u00f6z\u00fcmler sunan t\u0131bbi hizmetler konusunda uzmanla\u015fm\u0131\u015ft\u0131r.<\/p>\t\t\t\t\t\t<\/div>\n\t\t\t\t<\/div>\n\t\t\t\t<div class=\"elementor-element elementor-element-76a879bc elementor-widget-mobile__width-inherit elementor-widget elementor-widget-cms_button\" data-id=\"76a879bc\" data-element_type=\"widget\" data-widget_type=\"cms_button.default\">\n\t\t\t\t<div class=\"elementor-widget-container\">\n\t\t\t<div class=\"cms-button-wrapper cms-button layout1\">\r\n    <a href=\"https:\/\/7oroof.com\/tfdemos\/medcity\/appointment\/\" target=\"_blank\" rel=\"nofollow noopener\" class=\"btn btn-default\">\r\n                            <span class=\"cms-button-icon cms-align-icon-right\">\r\n                <svg aria-hidden=\"true\" class=\"e-font-icon-svg e-fas-arrow-right\" viewbox=\"0 0 448 512\" xmlns=\"http:\/\/www.w3.org\/2000\/svg\"><path d=\"M190.5 66.9l22.2-22.2c9.4-9.4 24.6-9.4 33.9 0L441 239c9.4 9.4 9.4 24.6 0 33.9L246.6 467.3c-9.4 9.4-24.6 9.4-33.9 0l-22.2-22.2c-9.5-9.5-9.3-25 .4-34.3L311.4 296H24c-13.3 0-24-10.7-24-24v-32c0-13.3 10.7-24 24-24h287.4L190.9 101.2c-9.8-9.3-10-24.8-.4-34.3z\"><\/path><\/svg>            <\/span>\r\n                <span class=\"cms-button-text\">Randevu Al<\/span>\r\n    <\/a>\r\n<\/div>\t\t<\/div>\n\t\t\t\t<\/div>\n\t\t            <\/div>\r\n        <\/div>\r\n                <div class=\"elementor-column elementor-col-50 elementor-inner-column elementor-element elementor-element-40780a41\" data-id=\"40780a41\" data-element_type=\"column\">\r\n            <div class=\"elementor-widget-wrap\">\r\n                            <\/div>\r\n        <\/div>\r\n        \t\t\t<\/div>\r\n\t\t<\/section>\r\n\t\t        <section class=\"elementor-section elementor-inner-section elementor-element elementor-element-546fd7e2 elementor-section-boxed elementor-section-height-default elementor-section-height-default\" data-id=\"546fd7e2\" data-element_type=\"section\">\r\n\t\t\r\n\t\t        <div class=\"elementor-container elementor-column-gap-default\" >\r\n\t\t        <div class=\"elementor-column elementor-col-100 elementor-inner-column elementor-element elementor-element-477d02a0\" data-id=\"477d02a0\" data-element_type=\"column\">\r\n            <div class=\"elementor-widget-wrap elementor-element-populated\">\r\n                \t\t<div class=\"elementor-element elementor-element-b3a9690 elementor-widget elementor-widget-cms_breadcrumb\" data-id=\"b3a9690\" data-element_type=\"widget\" data-widget_type=\"cms_breadcrumb.default\">\n\t\t\t\t<div class=\"elementor-widget-container\">\n\t\t\t<ul class=\"cms-breadcrumb\"><li><span class=\"breadcrumb-entry\">Ev<\/span><\/li><\/ul>\t\t<\/div>\n\t\t\t\t<\/div>\n\t\t            <\/div>\r\n        <\/div>\r\n        \t\t\t<\/div>\r\n\t\t<\/section>\r\n\t\t            <\/div>\r\n        <\/div>\r\n        \t\t\t<\/div>\r\n\t\t<\/section>\r\n\t\t        <section class=\"elementor-section elementor-top-section elementor-element elementor-element-1946dbd2 elementor-section-boxed elementor-section-height-default elementor-section-height-default\" data-id=\"1946dbd2\" data-element_type=\"section\" data-settings=\"{&quot;background_background&quot;:&quot;classic&quot;}\">\r\n\t\t\r\n\t\t        <div class=\"elementor-container elementor-column-gap-default\" >\r\n\t\t        <div class=\"elementor-column elementor-col-100 elementor-top-column elementor-element elementor-element-37a87cad\" data-id=\"37a87cad\" data-element_type=\"column\">\r\n            <div class=\"elementor-widget-wrap elementor-element-populated\">\r\n                \t\t<div class=\"elementor-element elementor-element-630f34b3 elementor-widget elementor-widget-cms_doctor_grid\" data-id=\"630f34b3\" data-element_type=\"widget\" data-widget_type=\"cms_doctor_grid.default\">\n\t\t\t\t<div class=\"elementor-widget-container\">\n\t\t\t\r\n<div id=\"cms_doctor_grid-630f34b3\" class=\"cms-grid cms-doctor-grid layout2\" data-layout=\"masonry\" data-start-page=\"1\" data-max-pages=\"1\" data-total=\"1\" data-perpage=\"6\" data-next-link=\"\">\r\n    <div class=\"cms-grid-overlay\"><\/div>\r\n    \r\n    <div class=\"cms-grid-inner cms-grid-masonry row animation-time\" data-gutter=\"15\">\r\n                    <div class=\"grid-sizer col-xl-4 col-lg-4 col-md-6 col-sm-6 col-12\"><\/div>\r\n                                <div class=\"grid-item col-xl-4 col-lg-4 col-md-6 col-sm-6 col-12\">\r\n                    <div class=\"grid-item-inner\">\r\n                                                    <div class=\"entry-featured\">\r\n                                <a href=\"https:\/\/estecenter.com\/tr\/doktor\/op-dr-erkan-yuce\/\"><img decoding=\"async\" width=\"308\" height=\"446\" src=\"https:\/\/estecenter.com\/wp-content\/uploads\/2025\/12\/Screenshot-2025-12-18-at-12.05.10.png\" class=\"attachment-full\" alt=\"Ekran g\u00f6r\u00fcnt\u00fcs\u00fc 2025 12 18 12.05.10 tarihinde\" \/><\/a>\r\n                            <\/div>\r\n                        \r\n                        <div class=\"entry-body\">\r\n                            <h3 class=\"entry-title\">\r\n                                <a href=\"https:\/\/estecenter.com\/tr\/doktor\/op-dr-erkan-yuce\/\">Op. Dr. Erkan Y\u00fcce<\/a>\r\n                            <\/h3>\r\n                                                            <div class=\"item-category\">\r\n                                    <a href=\"https:\/\/estecenter.com\/tr\/blog\/doktor-kategorisi\/plastik-ve-rekonstruktif-cerrah\/\" rel=\"tag\">Plastik ve Rekonstr\u00fcktif Cerrah<\/a>                                <\/div>\r\n                                                                                        <div class=\"entry-content\">\r\n                                    Plastik, Rekonstr\u00fcktif ve Estetik Cerrahi Uzman\u0131 Op. Dr. Erkan Y\u00fcce, bu alanda uzun y\u0131llara dayanan klinik ve cerrahi deneyime sahip uzman bir hekimdir\u2026                                <\/div>\r\n                                                        <div class=\"bottom-content\">\r\n                                                                    <div class=\"entry-readmore\">\r\n                                        <a class=\"btn\" href=\"https:\/\/estecenter.com\/tr\/doktor\/op-dr-erkan-yuce\/\">\r\n                                            <span>Devam\u0131n\u0131 oku<\/span>\r\n                                            <i class=\"far fa-arrow-right\"><\/i>\r\n                                        <\/a>\r\n                                    <\/div>\r\n                                                                <div class=\"content-social\">\r\n                                    <ul class=\"doctor-social\">\r\n                                                                                    <li>\r\n                                                <a class=\"doctor-f\" href=\"#\" target=\"_self\">\r\n                                                    <i class=\"zmdi zmdi-facebook\"><\/i>\r\n                                                <\/a>\r\n                                            <\/li>\r\n                                                                                                                            <li>\r\n                                                <a class=\"doctor-t\" href=\"#\" target=\"_self\">\r\n                                                    <i class=\"zmdi zmdi-twitter\"><\/i>\r\n                                                <\/a>\r\n                                            <\/li>\r\n                                                                                                                                                                                                    <\/ul>\r\n                                <\/div>\r\n                            <\/div>\r\n                        <\/div>\r\n                    <\/div>\r\n                <\/div>\r\n                <\/div>\r\n            <div class=\"cms-grid-pagination\" data-loadmore=\"{&quot;posttype&quot;:&quot;doctor&quot;,&quot;startPage&quot;:1,&quot;maxPages&quot;:1,&quot;total&quot;:1,&quot;perpage&quot;:6,&quot;nextLink&quot;:&quot;&quot;,&quot;source&quot;:&quot;&quot;,&quot;orderby&quot;:&quot;date&quot;,&quot;order&quot;:&quot;desc&quot;,&quot;limit&quot;:6,&quot;post_ids&quot;:&quot;&quot;,&quot;col_xl&quot;:4,&quot;col_lg&quot;:4,&quot;col_md&quot;:6,&quot;col_sm&quot;:6,&quot;col_xs&quot;:12,&quot;thumbnail_size&quot;:&quot;full&quot;,&quot;thumbnail_custom_dimension&quot;:{&quot;width&quot;:&quot;&quot;,&quot;height&quot;:&quot;&quot;},&quot;pagination_type&quot;:&quot;pagination&quot;,&quot;show_categories&quot;:&quot;true&quot;,&quot;show_excerpt&quot;:&quot;true&quot;,&quot;num_words&quot;:26,&quot;show_button&quot;:&quot;true&quot;,&quot;button_text&quot;:&quot;Read More&quot;,&quot;template_type&quot;:&quot;doctor_grid_layout2&quot;,&quot;show_facebook&quot;:&quot;true&quot;,&quot;show_instagram&quot;:&quot;false&quot;,&quot;show_twitter&quot;:&quot;true&quot;,&quot;show_email&quot;:&quot;false&quot;,&quot;show_phone&quot;:&quot;false&quot;,&quot;tax&quot;:[]}\" data-query=\"{&quot;post_type&quot;:&quot;doctor&quot;,&quot;post_status&quot;:&quot;publish&quot;,&quot;posts_per_page&quot;:6,&quot;order&quot;:&quot;desc&quot;,&quot;orderby&quot;:&quot;date&quot;,&quot;tax_query&quot;:{&quot;relation&quot;:&quot;OR&quot;},&quot;post__not_in&quot;:[7900]}\">\r\n                    <\/div>\r\n        <\/div>\t\t<\/div>\n\t\t\t\t<\/div>\n\t\t            <\/div>\r\n        <\/div>\r\n        \t\t\t<\/div>\r\n\t\t<\/section>\r\n\t\t\t\t<\/div>","protected":false},"excerpt":{"rendered":"<p>Providing Care for The Sickest In Community. Medcity has been present in Europe since 1990, offering innovative solutions, specializing in medical services for treatment of medical infrastructure. Make Appointment Home \u0130brahim \u00c7evik Medical Director Providing Care for The Sickest In Community. Medcity has been present in Europe since 1990, offering innovative solutions, specializing in medical [&hellip;]<\/p>","protected":false},"author":1,"featured_media":0,"parent":0,"menu_order":0,"comment_status":"closed","ping_status":"closed","template":"","meta":{"footnotes":""},"categories":[],"tags":[],"_links":{"self":[{"href":"https:\/\/estecenter.com\/tr\/wp-json\/wp\/v2\/pages\/7900"}],"collection":[{"href":"https:\/\/estecenter.com\/tr\/wp-json\/wp\/v2\/pages"}],"about":[{"href":"https:\/\/estecenter.com\/tr\/wp-json\/wp\/v2\/types\/page"}],"author":[{"embeddable":true,"href":"https:\/\/estecenter.com\/tr\/wp-json\/wp\/v2\/users\/1"}],"replies":[{"embeddable":true,"href":"https:\/\/estecenter.com\/tr\/wp-json\/wp\/v2\/comments?post=7900"}],"version-history":[{"count":11,"href":"https:\/\/estecenter.com\/tr\/wp-json\/wp\/v2\/pages\/7900\/revisions"}],"predecessor-version":[{"id":25694,"href":"https:\/\/estecenter.com\/tr\/wp-json\/wp\/v2\/pages\/7900\/revisions\/25694"}],"wp:attachment":[{"href":"https:\/\/estecenter.com\/tr\/wp-json\/wp\/v2\/media?parent=7900"}],"wp:term":[{"taxonomy":"category","embeddable":true,"href":"https:\/\/estecenter.com\/tr\/wp-json\/wp\/v2\/categories?post=7900"},{"taxonomy":"post_tag","embeddable":true,"href":"https:\/\/estecenter.com\/tr\/wp-json\/wp\/v2\/tags?post=7900"}],"curies":[{"name":"wp","href":"https:\/\/api.w.org\/{rel}","templated":true}]}}