{"id":20667,"date":"2024-07-09T11:48:49","date_gmt":"2024-07-09T08:48:49","guid":{"rendered":"https:\/\/estecenter.com\/?page_id=20667"},"modified":"2024-08-02T16:07:10","modified_gmt":"2024-08-02T13:07:10","slug":"dr-irfan-aydin","status":"publish","type":"page","link":"https:\/\/estecenter.com\/tr\/dr-irfan-aydin\/","title":{"rendered":"Dr. \u0130rfan Ayd\u0131n"},"content":{"rendered":"<div data-elementor-type=\"wp-page\" data-elementor-id=\"20667\" class=\"elementor elementor-20667\" data-elementor-post-type=\"page\">\n\t\t\t\t        <section class=\"elementor-section elementor-top-section elementor-element elementor-element-b84ce89 elementor-section-stretched elementor-section-boxed elementor-section-height-default elementor-section-height-default\" data-id=\"b84ce89\" data-element_type=\"section\" data-settings=\"{&quot;stretch_section&quot;:&quot;section-stretched&quot;,&quot;background_background&quot;:&quot;classic&quot;}\">\r\n\t\t            <div class=\"elementor-background-overlay\"><\/div>\r\n\t\t\r\n\t\t        <div class=\"elementor-container elementor-column-gap-default\" >\r\n\t\t        <div class=\"elementor-column elementor-col-100 elementor-top-column elementor-element elementor-element-dca622f\" data-id=\"dca622f\" data-element_type=\"column\">\r\n            <div class=\"elementor-widget-wrap elementor-element-populated\">\r\n                        <section class=\"elementor-section elementor-inner-section elementor-element elementor-element-5d619c7 elementor-section-boxed elementor-section-height-default elementor-section-height-default\" data-id=\"5d619c7\" data-element_type=\"section\">\r\n\t\t\r\n\t\t        <div class=\"elementor-container elementor-column-gap-default\" >\r\n\t\t        <div class=\"elementor-column elementor-col-100 elementor-inner-column elementor-element elementor-element-0c6c311\" data-id=\"0c6c311\" data-element_type=\"column\">\r\n            <div class=\"elementor-widget-wrap\">\r\n                            <\/div>\r\n        <\/div>\r\n        \t\t\t<\/div>\r\n\t\t<\/section>\r\n\t\t            <\/div>\r\n        <\/div>\r\n        \t\t\t<\/div>\r\n\t\t<\/section>\r\n\t\t        <section class=\"elementor-section elementor-top-section elementor-element elementor-element-3f8e1b5 elementor-section-boxed elementor-section-height-default elementor-section-height-default\" data-id=\"3f8e1b5\" data-element_type=\"section\">\r\n\t\t\r\n\t\t        <div class=\"elementor-container elementor-column-gap-extended\" >\r\n\t\t        <div class=\"elementor-column elementor-col-50 elementor-top-column elementor-element elementor-element-a2e9280\" data-id=\"a2e9280\" data-element_type=\"column\">\r\n            <div class=\"elementor-widget-wrap elementor-element-populated\">\r\n                \t\t<div class=\"elementor-element elementor-element-aa66056 elementor-position-top elementor-widget elementor-widget-image-box\" data-id=\"aa66056\" data-element_type=\"widget\" data-widget_type=\"image-box.default\">\n\t\t\t\t<div class=\"elementor-widget-container\">\n\t\t\t<style>\/*! elementor - v3.21.0 - 15-04-2024 *\/\n.elementor-widget-image-box .elementor-image-box-content{width:100%}@media (min-width:768px){.elementor-widget-image-box.elementor-position-left .elementor-image-box-wrapper,.elementor-widget-image-box.elementor-position-right .elementor-image-box-wrapper{display:flex}.elementor-widget-image-box.elementor-position-right .elementor-image-box-wrapper{text-align:end;flex-direction:row-reverse}.elementor-widget-image-box.elementor-position-left .elementor-image-box-wrapper{text-align:start;flex-direction:row}.elementor-widget-image-box.elementor-position-top .elementor-image-box-img{margin:auto}.elementor-widget-image-box.elementor-vertical-align-top .elementor-image-box-wrapper{align-items:flex-start}.elementor-widget-image-box.elementor-vertical-align-middle .elementor-image-box-wrapper{align-items:center}.elementor-widget-image-box.elementor-vertical-align-bottom .elementor-image-box-wrapper{align-items:flex-end}}@media (max-width:767px){.elementor-widget-image-box .elementor-image-box-img{margin-left:auto!important;margin-right:auto!important;margin-bottom:15px}}.elementor-widget-image-box .elementor-image-box-img{display:inline-block}.elementor-widget-image-box .elementor-image-box-title a{color:inherit}.elementor-widget-image-box .elementor-image-box-wrapper{text-align:center}.elementor-widget-image-box .elementor-image-box-description{margin:0}<\/style><div class=\"elementor-image-box-wrapper\"><figure class=\"elementor-image-box-img\"><img decoding=\"async\" width=\"700\" height=\"1050\" src=\"https:\/\/estecenter.com\/wp-content\/uploads\/2024\/08\/irfan-en.webp\" class=\"attachment-full size-full wp-image-23327\" alt=\"Plastik ve Rekonstr\u00fcktif Cerrah\" srcset=\"https:\/\/estecenter.com\/wp-content\/uploads\/2024\/08\/irfan-en.webp 700w, https:\/\/estecenter.com\/wp-content\/uploads\/2024\/08\/irfan-en-200x300.webp 200w, https:\/\/estecenter.com\/wp-content\/uploads\/2024\/08\/irfan-en-683x1024.webp 683w\" sizes=\"(max-width: 700px) 100vw, 700px\" \/><\/figure><div class=\"elementor-image-box-content\"><h3 class=\"elementor-image-box-title\"><span class=\"ez-toc-section\" id=\"Dr_Irfan_Aydin\"><\/span>Dr. \u0130rfan Ayd\u0131n<span class=\"ez-toc-section-end\"><\/span><\/h3><p class=\"elementor-image-box-description\">Plastik ve Rekonstr\u00fcktif Cerrah<br><br><br><\/p><\/div><\/div>\t\t<\/div>\n\t\t\t\t<\/div>\n\t\t        <section class=\"elementor-section elementor-inner-section elementor-element elementor-element-048315f elementor-section-boxed elementor-section-height-default elementor-section-height-default\" data-id=\"048315f\" data-element_type=\"section\" data-settings=\"{&quot;background_background&quot;:&quot;classic&quot;}\">\r\n\t\t            <div class=\"elementor-background-overlay\"><\/div>\r\n\t\t\r\n\t\t        <div class=\"elementor-container elementor-column-gap-no\" >\r\n\t\t        <div class=\"elementor-column elementor-col-100 elementor-inner-column elementor-element elementor-element-a9aae3e\" data-id=\"a9aae3e\" data-element_type=\"column\">\r\n            <div class=\"elementor-widget-wrap\">\r\n                            <\/div>\r\n        <\/div>\r\n        \t\t\t<\/div>\r\n\t\t<\/section>\r\n\t\t            <\/div>\r\n        <\/div>\r\n                <div class=\"elementor-column elementor-col-50 elementor-top-column elementor-element elementor-element-2f81b44\" data-id=\"2f81b44\" data-element_type=\"column\">\r\n            <div class=\"elementor-widget-wrap elementor-element-populated\">\r\n                \t\t<div class=\"elementor-element elementor-element-160d473 elementor-widget elementor-widget-spacer\" data-id=\"160d473\" data-element_type=\"widget\" data-widget_type=\"spacer.default\">\n\t\t\t\t<div class=\"elementor-widget-container\">\n\t\t\t<style>\/*! elementor - v3.21.0 - 15-04-2024 *\/\n.elementor-column .elementor-spacer-inner{height:var(--spacer-size)}.e-con{--container-widget-width:100%}.e-con-inner>.elementor-widget-spacer,.e-con>.elementor-widget-spacer{width:var(--container-widget-width,var(--spacer-size));--align-self:var(--container-widget-align-self,initial);--flex-shrink:0}.e-con-inner>.elementor-widget-spacer>.elementor-widget-container,.e-con>.elementor-widget-spacer>.elementor-widget-container{height:100%;width:100%}.e-con-inner>.elementor-widget-spacer>.elementor-widget-container>.elementor-spacer,.e-con>.elementor-widget-spacer>.elementor-widget-container>.elementor-spacer{height:100%}.e-con-inner>.elementor-widget-spacer>.elementor-widget-container>.elementor-spacer>.elementor-spacer-inner,.e-con>.elementor-widget-spacer>.elementor-widget-container>.elementor-spacer>.elementor-spacer-inner{height:var(--container-widget-height,var(--spacer-size))}.e-con-inner>.elementor-widget-spacer.elementor-widget-empty,.e-con>.elementor-widget-spacer.elementor-widget-empty{position:relative;min-height:22px;min-width:22px}.e-con-inner>.elementor-widget-spacer.elementor-widget-empty .elementor-widget-empty-icon,.e-con>.elementor-widget-spacer.elementor-widget-empty .elementor-widget-empty-icon{position:absolute;top:0;bottom:0;left:0;right:0;margin:auto;padding:0;width:22px;height:22px}<\/style>\t\t<div class=\"elementor-spacer\">\n\t\t\t<div class=\"elementor-spacer-inner\"><\/div>\n\t\t<\/div>\n\t\t\t\t<\/div>\n\t\t\t\t<\/div>\n\t\t\t\t<div class=\"elementor-element elementor-element-f3c0cf9 elementor-widget elementor-widget-cms_heading\" data-id=\"f3c0cf9\" data-element_type=\"widget\" data-widget_type=\"cms_heading.default\">\n\t\t\t\t<div class=\"elementor-widget-container\">\n\t\t\t<div class=\"cms-heading-wrapper cms-heading-layout1\">\r\n    \r\n            <h4 class=\"custom-heading\"><span class=\"ez-toc-section\" id=\"Biography\"><\/span>\r\n            <span >Biyografi<\/span>\r\n        <span class=\"ez-toc-section-end\"><\/span><\/h4>\r\n        \r\n    <\/div>\t\t<\/div>\n\t\t\t\t<\/div>\n\t\t\t\t<div class=\"elementor-element elementor-element-d0d5a66 elementor-widget elementor-widget-text-editor\" data-id=\"d0d5a66\" data-element_type=\"widget\" data-widget_type=\"text-editor.default\">\n\t\t\t\t<div class=\"elementor-widget-container\">\n\t\t\t<style>\/*! elementor - v3.21.0 - 15-04-2024 *\/\n.elementor-widget-text-editor.elementor-drop-cap-view-stacked .elementor-drop-cap{background-color:#69727d;color:#fff}.elementor-widget-text-editor.elementor-drop-cap-view-framed .elementor-drop-cap{color:#69727d;border:3px solid;background-color:transparent}.elementor-widget-text-editor:not(.elementor-drop-cap-view-default) .elementor-drop-cap{margin-top:8px}.elementor-widget-text-editor:not(.elementor-drop-cap-view-default) .elementor-drop-cap-letter{width:1em;height:1em}.elementor-widget-text-editor .elementor-drop-cap{float:left;text-align:center;line-height:1;font-size:50px}.elementor-widget-text-editor .elementor-drop-cap-letter{display:inline-block}<\/style>\t\t\t\t<p><strong>\u0130lk\u00f6\u011fretim<\/strong>Band\u0131rma Lisesi 1987<br \/><strong>T\u0131p e\u011fitimi<\/strong>Marmara \u00dcniversitesi T\u0131p Fak\u00fcltesi 1987-1995<br \/><strong>Uzmanl\u0131k E\u011fitimi<\/strong>\u0130stanbul \u00dcniversitesi, \u0130stanbul T\u0131p Fak\u00fcltesi, Plastik ve Rekonstr\u00fcktif Cerrahi B\u00f6l\u00fcm\u00fc, ABD 1995-2001<\/p>\t\t\t\t\t\t<\/div>\n\t\t\t\t<\/div>\n\t\t\t\t<div class=\"elementor-element elementor-element-7c9ba0b elementor-widget elementor-widget-text-editor\" data-id=\"7c9ba0b\" data-element_type=\"widget\" data-widget_type=\"text-editor.default\">\n\t\t\t\t<div class=\"elementor-widget-container\">\n\t\t\t\t\t\t\t<p><strong><span><span class=\"\">Yurtd\u0131\u015f\u0131 E\u011fitim:<\/span><\/span><\/strong><br \/><span><span class=\"\">St Agahta Hastanesi \u2013 K\u00f6ln \u2013 Almanya Kas\u0131m 2001 \u2013 1. asistan aktif rotasyon<\/span><\/span><br \/><span><span class=\"\">IPRASS 1999 San Francisco \u2013 Amerika \u2013 Poster Sunumu ve \u00c7al\u0131\u015ftay Kat\u0131l\u0131m\u0131<\/span><\/span><br \/><span><span class=\"\">Haaglanden Kliniek \u2013 Hollanda \u2013 Palomar T\u0131p Teknolojileri Slimlipo \u00c7al\u0131\u015ftay\u0131<\/span><\/span><br \/><span><span class=\"\">Uluslararas\u0131 ISAPS taze kadavra estetik diseksiyon y\u00fcz anatomisi kursu, Liege, Bel\u00e7ika, 2017<\/span><\/span><\/p><p><strong><span>D\u0131\u015f Entegrasyon:<\/span><\/strong><br \/><span>1995 \u2013 USMLA STEP 1-2 (Amerika Birle\u015fik Devletleri T\u0131p Lisans S\u0131nav\u0131) Amerikan T\u0131p Bilimleri S\u0131nav\u0131 veya Amerikan t\u0131p yeterlilik s\u0131nav\u0131<\/span><br \/><span>Nisan 2013 Br\u00fcksel \u2013 Bel\u00e7ika EBOPRASS (Avrupa Plastik ve Estetik Cerrahi Kurulu) yaz\u0131l\u0131 s\u0131nav\u0131 ve Kas\u0131m 2013 Selanik \u2013 Yunanistan s\u00f6zl\u00fc s\u0131nav\u0131 ve Avrupa Birli\u011fi Plastik Cerrahi Akademisi \u00fcyeli\u011fine kabul.<\/span><\/p><p><span>Sa\u00e7 Ekimi ve Transplantasyon Cerrahisi Derne\u011fi&#039;nin Kurucu \u00dcyesi ve 2. Ba\u015fkan\u0131<\/span><\/p>\t\t\t\t\t\t<\/div>\n\t\t\t\t<\/div>\n\t\t\t\t<div class=\"elementor-element elementor-element-03d81b5 elementor-widget elementor-widget-cms_heading\" data-id=\"03d81b5\" data-element_type=\"widget\" data-widget_type=\"cms_heading.default\">\n\t\t\t\t<div class=\"elementor-widget-container\">\n\t\t\t<div class=\"cms-heading-wrapper cms-heading-layout1\">\r\n    \r\n            <h4 class=\"custom-heading\"><span class=\"ez-toc-section\" id=\"Certificates\"><\/span>\r\n            <span >Sertifikalar<\/span>\r\n        <span class=\"ez-toc-section-end\"><\/span><\/h4>\r\n        \r\n    <\/div>\t\t<\/div>\n\t\t\t\t<\/div>\n\t\t\t\t<div class=\"elementor-element elementor-element-6c0a442 elementor-widget elementor-widget-text-editor\" data-id=\"6c0a442\" data-element_type=\"widget\" data-widget_type=\"text-editor.default\">\n\t\t\t\t<div class=\"elementor-widget-container\">\n\t\t\t\t\t\t\t<p><span>Estetik \u0130leri D\u00fczey Kursu, Y\u00fcz: Dolgu Maddeleri - Botulinum Toksini - Kimyasal Peelingler - Ask\u0131 \u0130pleri Paris 2006<\/span><br \/><span>Estetik \u0130leri Kurs, V\u00fccut: Lipoliz \u2013 Karboksi Terapi \u2013 Mezoterapi. Paris 2006<\/span><br \/><span>Temel mikrocerrahi kursu, \u015ei\u015fli Etfal Hastanesi 2000<\/span><br \/><span>Fue tekni\u011fi ile sa\u00e7 ekimi kursu. EYBCD 2009 bursa<\/span><\/p>\t\t\t\t\t\t<\/div>\n\t\t\t\t<\/div>\n\t\t        <section class=\"elementor-section elementor-inner-section elementor-element elementor-element-f38b093 elementor-section-boxed elementor-section-height-default elementor-section-height-default\" data-id=\"f38b093\" data-element_type=\"section\">\r\n\t\t\r\n\t\t        <div class=\"elementor-container elementor-column-gap-no\" >\r\n\t\t        <div class=\"elementor-column elementor-col-100 elementor-inner-column elementor-element elementor-element-df23ba8\" data-id=\"df23ba8\" data-element_type=\"column\">\r\n            <div class=\"elementor-widget-wrap elementor-element-populated\">\r\n                \t\t<div class=\"elementor-element elementor-element-cc227dc elementor-arrows-position-outside elementor-pagination-position-outside elementor-widget elementor-widget-image-carousel\" data-id=\"cc227dc\" data-element_type=\"widget\" data-settings=\"{&quot;slides_to_show&quot;:&quot;2&quot;,&quot;navigation&quot;:&quot;both&quot;,&quot;autoplay&quot;:&quot;yes&quot;,&quot;pause_on_hover&quot;:&quot;yes&quot;,&quot;pause_on_interaction&quot;:&quot;yes&quot;,&quot;autoplay_speed&quot;:5000,&quot;infinite&quot;:&quot;yes&quot;,&quot;speed&quot;:500,&quot;image_spacing_custom&quot;:{&quot;unit&quot;:&quot;px&quot;,&quot;size&quot;:20,&quot;sizes&quot;:[]},&quot;image_spacing_custom_tablet&quot;:{&quot;unit&quot;:&quot;px&quot;,&quot;size&quot;:&quot;&quot;,&quot;sizes&quot;:[]},&quot;image_spacing_custom_mobile&quot;:{&quot;unit&quot;:&quot;px&quot;,&quot;size&quot;:&quot;&quot;,&quot;sizes&quot;:[]}}\" data-widget_type=\"image-carousel.default\">\n\t\t\t\t<div class=\"elementor-widget-container\">\n\t\t\t<style>\/*! elementor - v3.21.0 - 15-04-2024 *\/\n.elementor-widget-image-carousel .swiper,.elementor-widget-image-carousel .swiper-container{position:static}.elementor-widget-image-carousel .swiper-container .swiper-slide figure,.elementor-widget-image-carousel .swiper .swiper-slide figure{line-height:inherit}.elementor-widget-image-carousel .swiper-slide{text-align:center}.elementor-image-carousel-wrapper:not(.swiper-container-initialized):not(.swiper-initialized) .swiper-slide{max-width:calc(100% \/ var(--e-image-carousel-slides-to-show, 3))}<\/style>\t\t<div class=\"elementor-image-carousel-wrapper swiper\" dir=\"ltr\">\n\t\t\t<div class=\"elementor-image-carousel swiper-wrapper\" aria-live=\"off\">\n\t\t\t\t\t\t\t\t<div class=\"swiper-slide\" role=\"group\" aria-roledescription=\"slide\" aria-label=\"1 \/ 2\"><figure class=\"swiper-slide-inner\"><img decoding=\"async\" class=\"swiper-slide-image\" src=\"https:\/\/estecenter.com\/wp-content\/uploads\/2024\/04\/5.jpg\" alt=\"5\" \/><figcaption class=\"elementor-image-carousel-caption\">Uluslararas\u0131 Sa\u011fl\u0131k Turizmi Yetki Belgesi<\/figcaption><\/figure><\/div><div class=\"swiper-slide\" role=\"group\" aria-roledescription=\"slide\" aria-label=\"2 \/ 2\"><figure class=\"swiper-slide-inner\"><img decoding=\"async\" class=\"swiper-slide-image\" src=\"https:\/\/estecenter.com\/wp-content\/uploads\/2024\/04\/5-1.jpg\" alt=\"5 1\" \/><figcaption class=\"elementor-image-carousel-caption\">Uluslararas\u0131 Sa\u011fl\u0131k Turizmi Yetki Belgeleri<\/figcaption><\/figure><\/div>\t\t\t<\/div>\n\t\t\t\t\t\t\t\t\t\t\t\t<div class=\"elementor-swiper-button elementor-swiper-button-prev\" role=\"button\" tabindex=\"0\">\n\t\t\t\t\t\t<svg aria-hidden=\"true\" class=\"e-font-icon-svg e-eicon-chevron-left\" viewbox=\"0 0 1000 1000\" xmlns=\"http:\/\/www.w3.org\/2000\/svg\"><path d=\"M646 125C629 125 613 133 604 142L308 442C296 454 292 471 292 487 292 504 296 521 308 533L604 854C617 867 629 875 646 875 663 875 679 871 692 858 704 846 713 829 713 812 713 796 708 779 692 767L438 487 692 225C700 217 708 204 708 187 708 171 704 154 692 142 675 129 663 125 646 125Z\"><\/path><\/svg>\t\t\t\t\t<\/div>\n\t\t\t\t\t<div class=\"elementor-swiper-button elementor-swiper-button-next\" role=\"button\" tabindex=\"0\">\n\t\t\t\t\t\t<svg aria-hidden=\"true\" class=\"e-font-icon-svg e-eicon-chevron-right\" viewbox=\"0 0 1000 1000\" xmlns=\"http:\/\/www.w3.org\/2000\/svg\"><path d=\"M696 533C708 521 713 504 713 487 713 471 708 454 696 446L400 146C388 133 375 125 354 125 338 125 325 129 313 142 300 154 292 171 292 187 292 204 296 221 308 233L563 492 304 771C292 783 288 800 288 817 288 833 296 850 308 863 321 871 338 875 354 875 371 875 388 867 400 854L696 533Z\"><\/path><\/svg>\t\t\t\t\t<\/div>\n\t\t\t\t\n\t\t\t\t\t\t\t\t\t<div class=\"swiper-pagination\"><\/div>\n\t\t\t\t\t\t\t\t\t<\/div>\n\t\t\t\t<\/div>\n\t\t\t\t<\/div>\n\t\t            <\/div>\r\n        <\/div>\r\n        \t\t\t<\/div>\r\n\t\t<\/section>\r\n\t\t            <\/div>\r\n        <\/div>\r\n        \t\t\t<\/div>\r\n\t\t<\/section>\r\n\t\t\t\t<\/div>","protected":false},"excerpt":{"rendered":"<p>Dr. \u0130rfan Ayd\u0131n Plastic and Reconstructive Surgeon \u00dclke time_zone utm_source Offline Conversion ref utm_campaign Make Appointment Biography Primary education: Band\u0131rma high school 1987Medical education: Marmara University Faculty of Medicine 1987-1995Specialization Education: Istanbul University, Istanbul Faculty of Medicine, Plastic and Reconstructive Surgery USA 1995-2001 Study Abroad:St Agahta Krankenhaus \u2013 Cologne \u2013 Germany November 2001 \u2013 1st [&hellip;]<\/p>","protected":false},"author":1,"featured_media":0,"parent":0,"menu_order":0,"comment_status":"closed","ping_status":"closed","template":"","meta":{"footnotes":""},"categories":[],"tags":[],"_links":{"self":[{"href":"https:\/\/estecenter.com\/tr\/wp-json\/wp\/v2\/pages\/20667"}],"collection":[{"href":"https:\/\/estecenter.com\/tr\/wp-json\/wp\/v2\/pages"}],"about":[{"href":"https:\/\/estecenter.com\/tr\/wp-json\/wp\/v2\/types\/page"}],"author":[{"embeddable":true,"href":"https:\/\/estecenter.com\/tr\/wp-json\/wp\/v2\/users\/1"}],"replies":[{"embeddable":true,"href":"https:\/\/estecenter.com\/tr\/wp-json\/wp\/v2\/comments?post=20667"}],"version-history":[{"count":19,"href":"https:\/\/estecenter.com\/tr\/wp-json\/wp\/v2\/pages\/20667\/revisions"}],"predecessor-version":[{"id":23350,"href":"https:\/\/estecenter.com\/tr\/wp-json\/wp\/v2\/pages\/20667\/revisions\/23350"}],"wp:attachment":[{"href":"https:\/\/estecenter.com\/tr\/wp-json\/wp\/v2\/media?parent=20667"}],"wp:term":[{"taxonomy":"category","embeddable":true,"href":"https:\/\/estecenter.com\/tr\/wp-json\/wp\/v2\/categories?post=20667"},{"taxonomy":"post_tag","embeddable":true,"href":"https:\/\/estecenter.com\/tr\/wp-json\/wp\/v2\/tags?post=20667"}],"curies":[{"name":"wp","href":"https:\/\/api.w.org\/{rel}","templated":true}]}}