{"id":17471,"date":"2024-04-22T10:45:16","date_gmt":"2024-04-22T07:45:16","guid":{"rendered":"https:\/\/estecenter.com\/ziyaretci-politikasi\/"},"modified":"2024-04-26T14:38:15","modified_gmt":"2024-04-26T11:38:15","slug":"ziyaretci-politikasi","status":"publish","type":"page","link":"https:\/\/estecenter.com\/tr\/ziyaretci-politikasi\/","title":{"rendered":"Politikas\u0131"},"content":{"rendered":"<div data-elementor-type=\"wp-page\" data-elementor-id=\"17471\" class=\"elementor elementor-17471\" data-elementor-post-type=\"page\">\n\t\t\t\t        <section class=\"elementor-section elementor-top-section elementor-element elementor-element-3ee4e01 elementor-section-stretched elementor-section-boxed elementor-section-height-default elementor-section-height-default\" data-id=\"3ee4e01\" data-element_type=\"section\" data-settings=\"{&quot;stretch_section&quot;:&quot;section-stretched&quot;,&quot;background_background&quot;:&quot;classic&quot;}\">\r\n\t\t            <div class=\"elementor-background-overlay\"><\/div>\r\n\t\t\r\n\t\t        <div class=\"elementor-container elementor-column-gap-default\" >\r\n\t\t        <div class=\"elementor-column elementor-col-100 elementor-top-column elementor-element elementor-element-8d15320\" data-id=\"8d15320\" data-element_type=\"column\">\r\n            <div class=\"elementor-widget-wrap elementor-element-populated\">\r\n                \t\t<div class=\"elementor-element elementor-element-8d23ec7 elementor-widget elementor-widget-cms_heading\" data-id=\"8d23ec7\" data-element_type=\"widget\" data-widget_type=\"cms_heading.default\">\n\t\t\t\t<div class=\"elementor-widget-container\">\n\t\t\t<div class=\"cms-heading-wrapper cms-heading-layout1\">\r\n    \r\n            <h2 class=\"custom-heading\">\r\n            <span >Politikas\u0131<\/span>\r\n        <\/h2>\r\n        \r\n    <\/div>\t\t<\/div>\n\t\t\t\t<\/div>\n\t\t            <\/div>\r\n        <\/div>\r\n        \t\t\t<\/div>\r\n\t\t<\/section>\r\n\t\t        <section class=\"elementor-section elementor-top-section elementor-element elementor-element-876277c elementor-section-stretched elementor-section-boxed elementor-section-height-default elementor-section-height-default\" data-id=\"876277c\" data-element_type=\"section\" data-settings=\"{&quot;stretch_section&quot;:&quot;section-stretched&quot;}\">\r\n\t\t\r\n\t\t        <div class=\"elementor-container elementor-column-gap-default\" >\r\n\t\t        <div class=\"elementor-column elementor-col-50 elementor-top-column elementor-element elementor-element-02af45a\" data-id=\"02af45a\" data-element_type=\"column\">\r\n            <div class=\"elementor-widget-wrap elementor-element-populated\">\r\n                        <section class=\"elementor-section elementor-inner-section elementor-element elementor-element-820ee9b elementor-section-full_width elementor-section-height-default elementor-section-height-default\" data-id=\"820ee9b\" data-element_type=\"section\" data-settings=\"{&quot;sticky&quot;:&quot;top&quot;,&quot;sticky_on&quot;:[&quot;desktop&quot;,&quot;tablet&quot;],&quot;sticky_parent&quot;:&quot;yes&quot;,&quot;sticky_offset&quot;:99,&quot;sticky_effects_offset&quot;:0}\">\r\n\t\t\r\n\t\t        <div class=\"elementor-container elementor-column-gap-no\" >\r\n\t\t        <div class=\"elementor-column elementor-col-100 elementor-inner-column elementor-element elementor-element-6b63ea7\" data-id=\"6b63ea7\" data-element_type=\"column\">\r\n            <div class=\"elementor-widget-wrap elementor-element-populated\">\r\n                \t\t<div class=\"elementor-element elementor-element-8f24657 elementor-widget elementor-widget-heading\" data-id=\"8f24657\" data-element_type=\"widget\" data-widget_type=\"heading.default\">\n\t\t\t\t<div class=\"elementor-widget-container\">\n\t\t\t<style>\/*! elementor - v3.21.0 - 15-04-2024 *\/\n.elementor-heading-title{padding:0;margin:0;line-height:1}.elementor-widget-heading .elementor-heading-title[class*=elementor-size-]>a{color:inherit;font-size:inherit;line-height:inherit}.elementor-widget-heading .elementor-heading-title.elementor-size-small{font-size:15px}.elementor-widget-heading .elementor-heading-title.elementor-size-medium{font-size:19px}.elementor-widget-heading .elementor-heading-title.elementor-size-large{font-size:29px}.elementor-widget-heading .elementor-heading-title.elementor-size-xl{font-size:39px}.elementor-widget-heading .elementor-heading-title.elementor-size-xxl{font-size:59px}<\/style><p class=\"elementor-heading-title elementor-size-default\">Estecenter Ziyaret\u00e7i Politikas\u0131<\/p>\t\t<\/div>\n\t\t\t\t<\/div>\n\t\t            <\/div>\r\n        <\/div>\r\n        \t\t\t<\/div>\r\n\t\t<\/section>\r\n\t\t\t\t<div class=\"elementor-element elementor-element-20c358e elementor-icon-list--layout-traditional elementor-list-item-link-full_width elementor-widget elementor-widget-icon-list\" data-id=\"20c358e\" data-element_type=\"widget\" data-widget_type=\"icon-list.default\">\n\t\t\t\t<div class=\"elementor-widget-container\">\n\t\t\t<link rel=\"stylesheet\" href=\"https:\/\/estecenter.com\/wp-content\/plugins\/elementor\/assets\/css\/widget-icon-list.min.css\">\t\t<ul class=\"elementor-icon-list-items\">\n\t\t\t\t\t\t\t<li class=\"elementor-icon-list-item\">\n\t\t\t\t\t\t\t\t\t\t\t<a href=\"https:\/\/estecenter.com\/tr\/internet-cerez-politikasi\/\">\n\n\t\t\t\t\t\t\t\t\t\t\t\t<span class=\"elementor-icon-list-icon\">\n\t\t\t\t\t\t\t<svg aria-hidden=\"true\" class=\"e-font-icon-svg e-fas-circle\" viewbox=\"0 0 512 512\" xmlns=\"http:\/\/www.w3.org\/2000\/svg\"><path d=\"M256 8C119 8 8 119 8 256s111 248 248 248 248-111 248-248S393 8 256 8z\"><\/path><\/svg>\t\t\t\t\t\t<\/span>\n\t\t\t\t\t\t\t\t\t\t<span class=\"elementor-icon-list-text\">\u0130nternet \u00c7erez Politikas\u0131<\/span>\n\t\t\t\t\t\t\t\t\t\t\t<\/a>\n\t\t\t\t\t\t\t\t\t<\/li>\n\t\t\t\t\t\t\t\t<li class=\"elementor-icon-list-item\">\n\t\t\t\t\t\t\t\t\t\t\t<a href=\"https:\/\/estecenter.com\/tr\/ziyaretci-politikasi\/\">\n\n\t\t\t\t\t\t\t\t\t\t\t\t<span class=\"elementor-icon-list-icon\">\n\t\t\t\t\t\t\t<svg aria-hidden=\"true\" class=\"e-font-icon-svg e-fas-circle\" viewbox=\"0 0 512 512\" xmlns=\"http:\/\/www.w3.org\/2000\/svg\"><path d=\"M256 8C119 8 8 119 8 256s111 248 248 248 248-111 248-248S393 8 256 8z\"><\/path><\/svg>\t\t\t\t\t\t<\/span>\n\t\t\t\t\t\t\t\t\t\t<span class=\"elementor-icon-list-text\">Politikas\u0131<\/span>\n\t\t\t\t\t\t\t\t\t\t\t<\/a>\n\t\t\t\t\t\t\t\t\t<\/li>\n\t\t\t\t\t\t\t\t<li class=\"elementor-icon-list-item\">\n\t\t\t\t\t\t\t\t\t\t\t<a href=\"https:\/\/estecenter.com\/tr\/refakatci-politikasi\/\">\n\n\t\t\t\t\t\t\t\t\t\t\t\t<span class=\"elementor-icon-list-icon\">\n\t\t\t\t\t\t\t<svg aria-hidden=\"true\" class=\"e-font-icon-svg e-fas-circle\" viewbox=\"0 0 512 512\" xmlns=\"http:\/\/www.w3.org\/2000\/svg\"><path d=\"M256 8C119 8 8 119 8 256s111 248 248 248 248-111 248-248S393 8 256 8z\"><\/path><\/svg>\t\t\t\t\t\t<\/span>\n\t\t\t\t\t\t\t\t\t\t<span class=\"elementor-icon-list-text\">Refakat\u00e7i Politikas\u0131<\/span>\n\t\t\t\t\t\t\t\t\t\t\t<\/a>\n\t\t\t\t\t\t\t\t\t<\/li>\n\t\t\t\t\t\t\t\t<li class=\"elementor-icon-list-item\">\n\t\t\t\t\t\t\t\t\t\t\t<a href=\"https:\/\/estecenter.com\/tr\/guvenlik-bilgisi-ve-politikasi\/\">\n\n\t\t\t\t\t\t\t\t\t\t\t\t<span class=\"elementor-icon-list-icon\">\n\t\t\t\t\t\t\t<svg aria-hidden=\"true\" class=\"e-font-icon-svg e-fas-circle\" viewbox=\"0 0 512 512\" xmlns=\"http:\/\/www.w3.org\/2000\/svg\"><path d=\"M256 8C119 8 8 119 8 256s111 248 248 248 248-111 248-248S393 8 256 8z\"><\/path><\/svg>\t\t\t\t\t\t<\/span>\n\t\t\t\t\t\t\t\t\t\t<span class=\"elementor-icon-list-text\">G\u00fcvenlik Bilgisi ve Politikas\u0131<\/span>\n\t\t\t\t\t\t\t\t\t\t\t<\/a>\n\t\t\t\t\t\t\t\t\t<\/li>\n\t\t\t\t\t\t\t\t<li class=\"elementor-icon-list-item\">\n\t\t\t\t\t\t\t\t\t\t\t<a href=\"https:\/\/estecenter.com\/tr\/sikayet-politikasi\/\">\n\n\t\t\t\t\t\t\t\t\t\t\t\t<span class=\"elementor-icon-list-icon\">\n\t\t\t\t\t\t\t<svg aria-hidden=\"true\" class=\"e-font-icon-svg e-fas-circle\" viewbox=\"0 0 512 512\" xmlns=\"http:\/\/www.w3.org\/2000\/svg\"><path d=\"M256 8C119 8 8 119 8 256s111 248 248 248 248-111 248-248S393 8 256 8z\"><\/path><\/svg>\t\t\t\t\t\t<\/span>\n\t\t\t\t\t\t\t\t\t\t<span class=\"elementor-icon-list-text\">\u015eikayet Politikas\u0131<\/span>\n\t\t\t\t\t\t\t\t\t\t\t<\/a>\n\t\t\t\t\t\t\t\t\t<\/li>\n\t\t\t\t\t\t\t\t<li class=\"elementor-icon-list-item\">\n\t\t\t\t\t\t\t\t\t\t\t<a href=\"https:\/\/estecenter.com\/tr\/hasta-haklari-birimi\/\">\n\n\t\t\t\t\t\t\t\t\t\t\t\t<span class=\"elementor-icon-list-icon\">\n\t\t\t\t\t\t\t<svg aria-hidden=\"true\" class=\"e-font-icon-svg e-fas-circle\" viewbox=\"0 0 512 512\" xmlns=\"http:\/\/www.w3.org\/2000\/svg\"><path d=\"M256 8C119 8 8 119 8 256s111 248 248 248 248-111 248-248S393 8 256 8z\"><\/path><\/svg>\t\t\t\t\t\t<\/span>\n\t\t\t\t\t\t\t\t\t\t<span class=\"elementor-icon-list-text\">Hasta Haklar\u0131 Birimi<\/span>\n\t\t\t\t\t\t\t\t\t\t\t<\/a>\n\t\t\t\t\t\t\t\t\t<\/li>\n\t\t\t\t\t\t\t\t<li class=\"elementor-icon-list-item\">\n\t\t\t\t\t\t\t\t\t\t\t<a href=\"https:\/\/estecenter.com\/tr\/memnuniyet-saglama-sureci\/\">\n\n\t\t\t\t\t\t\t\t\t\t\t\t<span class=\"elementor-icon-list-icon\">\n\t\t\t\t\t\t\t<svg aria-hidden=\"true\" class=\"e-font-icon-svg e-fas-circle\" viewbox=\"0 0 512 512\" xmlns=\"http:\/\/www.w3.org\/2000\/svg\"><path d=\"M256 8C119 8 8 119 8 256s111 248 248 248 248-111 248-248S393 8 256 8z\"><\/path><\/svg>\t\t\t\t\t\t<\/span>\n\t\t\t\t\t\t\t\t\t\t<span class=\"elementor-icon-list-text\">Memnuniyet Sa\u011flama S\u00fcreci<\/span>\n\t\t\t\t\t\t\t\t\t\t\t<\/a>\n\t\t\t\t\t\t\t\t\t<\/li>\n\t\t\t\t\t\t<\/ul>\n\t\t\t\t<\/div>\n\t\t\t\t<\/div>\n\t\t            <\/div>\r\n        <\/div>\r\n                <div class=\"elementor-column elementor-col-50 elementor-top-column elementor-element elementor-element-067c8d0\" data-id=\"067c8d0\" data-element_type=\"column\" data-settings=\"{&quot;background_background&quot;:&quot;classic&quot;}\">\r\n            <div class=\"elementor-widget-wrap elementor-element-populated\">\r\n                        <section class=\"elementor-section elementor-inner-section elementor-element elementor-element-67938a5 elementor-section-boxed elementor-section-height-default elementor-section-height-default\" data-id=\"67938a5\" data-element_type=\"section\">\r\n\t\t\r\n\t\t        <div class=\"elementor-container elementor-column-gap-no\" >\r\n\t\t        <div class=\"elementor-column elementor-col-100 elementor-inner-column elementor-element elementor-element-b2d7762\" data-id=\"b2d7762\" data-element_type=\"column\">\r\n            <div class=\"elementor-widget-wrap elementor-element-populated\">\r\n                \t\t<div class=\"elementor-element elementor-element-77ea8f4 elementor-widget elementor-widget-heading\" data-id=\"77ea8f4\" data-element_type=\"widget\" data-widget_type=\"heading.default\">\n\t\t\t\t<div class=\"elementor-widget-container\">\n\t\t\t<p class=\"elementor-heading-title elementor-size-default\">Politikas\u0131<\/p>\t\t<\/div>\n\t\t\t\t<\/div>\n\t\t\t\t<div class=\"elementor-element elementor-element-fd0b6c7 elementor-widget elementor-widget-text-editor\" data-id=\"fd0b6c7\" data-element_type=\"widget\" data-widget_type=\"text-editor.default\">\n\t\t\t\t<div class=\"elementor-widget-container\">\n\t\t\t<style>\/*! elementor - v3.21.0 - 15-04-2024 *\/\n.elementor-widget-text-editor.elementor-drop-cap-view-stacked .elementor-drop-cap{background-color:#69727d;color:#fff}.elementor-widget-text-editor.elementor-drop-cap-view-framed .elementor-drop-cap{color:#69727d;border:3px solid;background-color:transparent}.elementor-widget-text-editor:not(.elementor-drop-cap-view-default) .elementor-drop-cap{margin-top:8px}.elementor-widget-text-editor:not(.elementor-drop-cap-view-default) .elementor-drop-cap-letter{width:1em;height:1em}.elementor-widget-text-editor .elementor-drop-cap{float:left;text-align:center;line-height:1;font-size:50px}.elementor-widget-text-editor .elementor-drop-cap-letter{display:inline-block}<\/style>\t\t\t\t<p>Hastalar\u0131m\u0131z\u0131n hastanede kald\u0131\u011f\u0131 s\u00fcre boyunca, sevdikleriyle olan temas\u0131n ve yak\u0131n destek\u00e7ilerinin varl\u0131\u011f\u0131n\u0131n iyile\u015fme s\u00fcrecine olumlu katk\u0131da bulunabilece\u011finin bilincindeyiz. Ancak, hastalar\u0131m\u0131z\u0131n ve di\u011fer ziyaret\u00e7ilerin konforunu ve sa\u011fl\u0131\u011f\u0131n\u0131 korumak ad\u0131na a\u015fa\u011f\u0131daki kurallara uyman\u0131z\u0131 rica ederiz:<\/p>\n<p>\u2022 Hasta ziyaretleri, belirlenen ziyaret saatlerinde yap\u0131lmal\u0131 ve k\u0131sa tutulmal\u0131d\u0131r.<\/p>\n<p>\u2022 Ziyaretler s\u0131ras\u0131nda y\u00fcksek sesle konu\u015fulmamal\u0131 ve g\u00fcr\u00fclt\u00fc yap\u0131lmamal\u0131d\u0131r.<\/p>\n<p>\u2022 Kalabal\u0131k ziyaret\u00e7i gruplar\u0131ndan ka\u00e7\u0131n\u0131lmal\u0131d\u0131r, \u00e7\u00fcnk\u00fc bu hastalar ve di\u011fer ziyaret\u00e7iler i\u00e7in rahats\u0131z edici olabilir.<\/p>\n<p>\u2022 Ziyaret s\u0131ras\u0131nda hasta yata\u011f\u0131na oturulmamas\u0131 \u00f6nemle rica olunur.<\/p>\n<p>\u2022 Doktor kontrol\u00fc d\u0131\u015f\u0131nda yiyecek ve i\u00e7ecek getirilmemelidir.<\/p>\n<p>\u2022 7 ya\u015f\u0131ndan k\u00fc\u00e7\u00fck \u00e7ocuklar getirilmemelidir, \u00e7\u00fcnk\u00fc hastan\u0131n ve di\u011fer ziyaret\u00e7ilerin rahat\u0131n\u0131 bozabilirler.<\/p>\n<p>\u2022 Hastan\u0131n mahremiyetine sayg\u0131 g\u00f6sterilmelidir.<\/p>\n<p>\u2022 Ziyaret saatinin sona ermesinden 5 dakika \u00f6nce ve sonra anons yap\u0131lacakt\u0131r, bu nedenle ziyaret saatlerine dikkat ediniz.<\/p>\n<p>\u2022 Ziyaretiniz s\u0131ras\u0131nda el hijyenine \u00f6nem veriniz ve hasta odalar\u0131nda bulunan el dezenfektanlar\u0131n\u0131 kullan\u0131n\u0131z.<\/p>\n<p>\u2022 Ziyaret s\u00fcresini 10 dakika ile s\u0131n\u0131rl\u0131 tutunuz ve di\u011fer hastalar\u0131n da ziyaret i\u00e7in s\u0131ra bekledi\u011fini unutmay\u0131n\u0131z.<\/p>\n<p>\u2022 Hastanede bulundu\u011funuz s\u00fcre boyunca cep telefonu kullan\u0131m\u0131na \u00f6zen g\u00f6steriniz ve di\u011fer hastalar\u0131n rahat\u0131n\u0131 bozacak hareketlerden ka\u00e7\u0131n\u0131n\u0131z.<\/p>\n<p>\u2022 E\u011fer doktor taraf\u0131ndan hasta ziyaretleri yasaklanm\u0131\u015fsa, bu kurala uyunuz ve hastan\u0131n sa\u011fl\u0131\u011f\u0131na sayg\u0131 g\u00f6steriniz.<\/p>\n<p>Sa\u011fl\u0131\u011f\u0131n\u0131z ve hastalar\u0131m\u0131z\u0131n konforu i\u00e7in g\u00f6sterdi\u011finiz anlay\u0131\u015f ve deste\u011finiz i\u00e7in te\u015fekk\u00fcr ederiz.<\/p>\n\t\t\t\t\t\t<\/div>\n\t\t\t\t<\/div>\n\t\t            <\/div>\r\n        <\/div>\r\n        \t\t\t<\/div>\r\n\t\t<\/section>\r\n\t\t            <\/div>\r\n        <\/div>\r\n        \t\t\t<\/div>\r\n\t\t<\/section>\r\n\t\t\t\t<\/div>","protected":false},"excerpt":{"rendered":"<p>Ziyaret\u00e7i Politikas\u0131 Estecenter Ziyaret\u00e7i Politikas\u0131 \u0130nternet \u00c7erez Politikas\u0131 Ziyaret\u00e7i Politikas\u0131 Refakat\u00e7i Politikas\u0131 G\u00fcvenlik Bilgisi ve Politikas\u0131 \u015eikayet Politikas\u0131 Hasta Haklar\u0131 Birimi Memnuniyet Sa\u011flama S\u00fcreci Ziyaret\u00e7i Politikas\u0131 Hastalar\u0131m\u0131z\u0131n hastanede kald\u0131\u011f\u0131 s\u00fcre boyunca, sevdikleriyle olan temas\u0131n ve yak\u0131n destek\u00e7ilerinin varl\u0131\u011f\u0131n\u0131n iyile\u015fme s\u00fcrecine olumlu katk\u0131da bulunabilece\u011finin bilincindeyiz. Ancak, hastalar\u0131m\u0131z\u0131n ve di\u011fer ziyaret\u00e7ilerin konforunu ve sa\u011fl\u0131\u011f\u0131n\u0131 korumak ad\u0131na a\u015fa\u011f\u0131daki [&hellip;]<\/p>","protected":false},"author":1,"featured_media":0,"parent":0,"menu_order":0,"comment_status":"closed","ping_status":"closed","template":"","meta":{"footnotes":""},"categories":[],"tags":[],"_links":{"self":[{"href":"https:\/\/estecenter.com\/tr\/wp-json\/wp\/v2\/pages\/17471"}],"collection":[{"href":"https:\/\/estecenter.com\/tr\/wp-json\/wp\/v2\/pages"}],"about":[{"href":"https:\/\/estecenter.com\/tr\/wp-json\/wp\/v2\/types\/page"}],"author":[{"embeddable":true,"href":"https:\/\/estecenter.com\/tr\/wp-json\/wp\/v2\/users\/1"}],"replies":[{"embeddable":true,"href":"https:\/\/estecenter.com\/tr\/wp-json\/wp\/v2\/comments?post=17471"}],"version-history":[{"count":5,"href":"https:\/\/estecenter.com\/tr\/wp-json\/wp\/v2\/pages\/17471\/revisions"}],"predecessor-version":[{"id":18050,"href":"https:\/\/estecenter.com\/tr\/wp-json\/wp\/v2\/pages\/17471\/revisions\/18050"}],"wp:attachment":[{"href":"https:\/\/estecenter.com\/tr\/wp-json\/wp\/v2\/media?parent=17471"}],"wp:term":[{"taxonomy":"category","embeddable":true,"href":"https:\/\/estecenter.com\/tr\/wp-json\/wp\/v2\/categories?post=17471"},{"taxonomy":"post_tag","embeddable":true,"href":"https:\/\/estecenter.com\/tr\/wp-json\/wp\/v2\/tags?post=17471"}],"curies":[{"name":"wp","href":"https:\/\/api.w.org\/{rel}","templated":true}]}}