{"id":17469,"date":"2024-04-22T10:52:49","date_gmt":"2024-04-22T07:52:49","guid":{"rendered":"https:\/\/estecenter.com\/guvenlik-bilgisi-ve-politikasi\/"},"modified":"2024-04-26T14:33:01","modified_gmt":"2024-04-26T11:33:01","slug":"guvenlik-bilgisi-ve-politikasi","status":"publish","type":"page","link":"https:\/\/estecenter.com\/tr\/guvenlik-bilgisi-ve-politikasi\/","title":{"rendered":"G\u00fcvenlik Bilgisi ve Politikas\u0131"},"content":{"rendered":"<div data-elementor-type=\"wp-page\" data-elementor-id=\"17469\" class=\"elementor elementor-17469\" data-elementor-post-type=\"page\">\n\t\t\t\t        <section class=\"elementor-section elementor-top-section elementor-element elementor-element-3ee4e01 elementor-section-stretched elementor-section-boxed elementor-section-height-default elementor-section-height-default\" data-id=\"3ee4e01\" data-element_type=\"section\" data-settings=\"{&quot;stretch_section&quot;:&quot;section-stretched&quot;,&quot;background_background&quot;:&quot;classic&quot;}\">\r\n\t\t            <div class=\"elementor-background-overlay\"><\/div>\r\n\t\t\r\n\t\t        <div class=\"elementor-container elementor-column-gap-default\" >\r\n\t\t        <div class=\"elementor-column elementor-col-100 elementor-top-column elementor-element elementor-element-8d15320\" data-id=\"8d15320\" data-element_type=\"column\">\r\n            <div class=\"elementor-widget-wrap elementor-element-populated\">\r\n                \t\t<div class=\"elementor-element elementor-element-8d23ec7 elementor-widget elementor-widget-cms_heading\" data-id=\"8d23ec7\" data-element_type=\"widget\" data-widget_type=\"cms_heading.default\">\n\t\t\t\t<div class=\"elementor-widget-container\">\n\t\t\t<div class=\"cms-heading-wrapper cms-heading-layout1\">\r\n    \r\n            <h2 class=\"custom-heading\">\r\n            <span >G\u00fcvenlik Bilgisi ve Politikas\u0131<\/span>\r\n        <\/h2>\r\n        \r\n    <\/div>\t\t<\/div>\n\t\t\t\t<\/div>\n\t\t            <\/div>\r\n        <\/div>\r\n        \t\t\t<\/div>\r\n\t\t<\/section>\r\n\t\t        <section class=\"elementor-section elementor-top-section elementor-element elementor-element-876277c elementor-section-stretched elementor-section-boxed elementor-section-height-default elementor-section-height-default\" data-id=\"876277c\" data-element_type=\"section\" data-settings=\"{&quot;stretch_section&quot;:&quot;section-stretched&quot;}\">\r\n\t\t\r\n\t\t        <div class=\"elementor-container elementor-column-gap-default\" >\r\n\t\t        <div class=\"elementor-column elementor-col-50 elementor-top-column elementor-element elementor-element-02af45a\" data-id=\"02af45a\" data-element_type=\"column\">\r\n            <div class=\"elementor-widget-wrap elementor-element-populated\">\r\n                        <section class=\"elementor-section elementor-inner-section elementor-element elementor-element-820ee9b elementor-section-full_width elementor-section-height-default elementor-section-height-default\" data-id=\"820ee9b\" data-element_type=\"section\" data-settings=\"{&quot;sticky&quot;:&quot;top&quot;,&quot;sticky_on&quot;:[&quot;desktop&quot;,&quot;tablet&quot;],&quot;sticky_parent&quot;:&quot;yes&quot;,&quot;sticky_offset&quot;:99,&quot;sticky_effects_offset&quot;:0}\">\r\n\t\t\r\n\t\t        <div class=\"elementor-container elementor-column-gap-no\" >\r\n\t\t        <div class=\"elementor-column elementor-col-100 elementor-inner-column elementor-element elementor-element-6b63ea7\" data-id=\"6b63ea7\" data-element_type=\"column\">\r\n            <div class=\"elementor-widget-wrap elementor-element-populated\">\r\n                \t\t<div class=\"elementor-element elementor-element-8f24657 elementor-widget elementor-widget-heading\" data-id=\"8f24657\" data-element_type=\"widget\" data-widget_type=\"heading.default\">\n\t\t\t\t<div class=\"elementor-widget-container\">\n\t\t\t<style>\/*! elementor - v3.21.0 - 15-04-2024 *\/\n.elementor-heading-title{padding:0;margin:0;line-height:1}.elementor-widget-heading .elementor-heading-title[class*=elementor-size-]>a{color:inherit;font-size:inherit;line-height:inherit}.elementor-widget-heading .elementor-heading-title.elementor-size-small{font-size:15px}.elementor-widget-heading .elementor-heading-title.elementor-size-medium{font-size:19px}.elementor-widget-heading .elementor-heading-title.elementor-size-large{font-size:29px}.elementor-widget-heading .elementor-heading-title.elementor-size-xl{font-size:39px}.elementor-widget-heading .elementor-heading-title.elementor-size-xxl{font-size:59px}<\/style><p class=\"elementor-heading-title elementor-size-default\">Estecenter G\u00fcvenlik Bilgisi ve Politikas\u0131<\/p>\t\t<\/div>\n\t\t\t\t<\/div>\n\t\t            <\/div>\r\n        <\/div>\r\n        \t\t\t<\/div>\r\n\t\t<\/section>\r\n\t\t\t\t<div class=\"elementor-element elementor-element-aa68759 elementor-icon-list--layout-traditional elementor-list-item-link-full_width elementor-widget elementor-widget-icon-list\" data-id=\"aa68759\" data-element_type=\"widget\" data-widget_type=\"icon-list.default\">\n\t\t\t\t<div class=\"elementor-widget-container\">\n\t\t\t<link rel=\"stylesheet\" href=\"https:\/\/estecenter.com\/wp-content\/plugins\/elementor\/assets\/css\/widget-icon-list.min.css\">\t\t<ul class=\"elementor-icon-list-items\">\n\t\t\t\t\t\t\t<li class=\"elementor-icon-list-item\">\n\t\t\t\t\t\t\t\t\t\t\t<a href=\"https:\/\/estecenter.com\/tr\/internet-cerez-politikasi\/\">\n\n\t\t\t\t\t\t\t\t\t\t\t\t<span class=\"elementor-icon-list-icon\">\n\t\t\t\t\t\t\t<svg aria-hidden=\"true\" class=\"e-font-icon-svg e-fas-circle\" viewbox=\"0 0 512 512\" xmlns=\"http:\/\/www.w3.org\/2000\/svg\"><path d=\"M256 8C119 8 8 119 8 256s111 248 248 248 248-111 248-248S393 8 256 8z\"><\/path><\/svg>\t\t\t\t\t\t<\/span>\n\t\t\t\t\t\t\t\t\t\t<span class=\"elementor-icon-list-text\">\u0130nternet \u00c7erez Politikas\u0131<\/span>\n\t\t\t\t\t\t\t\t\t\t\t<\/a>\n\t\t\t\t\t\t\t\t\t<\/li>\n\t\t\t\t\t\t\t\t<li class=\"elementor-icon-list-item\">\n\t\t\t\t\t\t\t\t\t\t\t<a href=\"https:\/\/estecenter.com\/tr\/ziyaretci-politikasi\/\">\n\n\t\t\t\t\t\t\t\t\t\t\t\t<span class=\"elementor-icon-list-icon\">\n\t\t\t\t\t\t\t<svg aria-hidden=\"true\" class=\"e-font-icon-svg e-fas-circle\" viewbox=\"0 0 512 512\" xmlns=\"http:\/\/www.w3.org\/2000\/svg\"><path d=\"M256 8C119 8 8 119 8 256s111 248 248 248 248-111 248-248S393 8 256 8z\"><\/path><\/svg>\t\t\t\t\t\t<\/span>\n\t\t\t\t\t\t\t\t\t\t<span class=\"elementor-icon-list-text\">Politikas\u0131<\/span>\n\t\t\t\t\t\t\t\t\t\t\t<\/a>\n\t\t\t\t\t\t\t\t\t<\/li>\n\t\t\t\t\t\t\t\t<li class=\"elementor-icon-list-item\">\n\t\t\t\t\t\t\t\t\t\t\t<a href=\"https:\/\/estecenter.com\/tr\/refakatci-politikasi\/\">\n\n\t\t\t\t\t\t\t\t\t\t\t\t<span class=\"elementor-icon-list-icon\">\n\t\t\t\t\t\t\t<svg aria-hidden=\"true\" class=\"e-font-icon-svg e-fas-circle\" viewbox=\"0 0 512 512\" xmlns=\"http:\/\/www.w3.org\/2000\/svg\"><path d=\"M256 8C119 8 8 119 8 256s111 248 248 248 248-111 248-248S393 8 256 8z\"><\/path><\/svg>\t\t\t\t\t\t<\/span>\n\t\t\t\t\t\t\t\t\t\t<span class=\"elementor-icon-list-text\">Refakat\u00e7i Politikas\u0131<\/span>\n\t\t\t\t\t\t\t\t\t\t\t<\/a>\n\t\t\t\t\t\t\t\t\t<\/li>\n\t\t\t\t\t\t\t\t<li class=\"elementor-icon-list-item\">\n\t\t\t\t\t\t\t\t\t\t\t<a href=\"https:\/\/estecenter.com\/tr\/guvenlik-bilgisi-ve-politikasi\/\">\n\n\t\t\t\t\t\t\t\t\t\t\t\t<span class=\"elementor-icon-list-icon\">\n\t\t\t\t\t\t\t<svg aria-hidden=\"true\" class=\"e-font-icon-svg e-fas-circle\" viewbox=\"0 0 512 512\" xmlns=\"http:\/\/www.w3.org\/2000\/svg\"><path d=\"M256 8C119 8 8 119 8 256s111 248 248 248 248-111 248-248S393 8 256 8z\"><\/path><\/svg>\t\t\t\t\t\t<\/span>\n\t\t\t\t\t\t\t\t\t\t<span class=\"elementor-icon-list-text\">G\u00fcvenlik Bilgisi ve Politikas\u0131<\/span>\n\t\t\t\t\t\t\t\t\t\t\t<\/a>\n\t\t\t\t\t\t\t\t\t<\/li>\n\t\t\t\t\t\t\t\t<li class=\"elementor-icon-list-item\">\n\t\t\t\t\t\t\t\t\t\t\t<a href=\"https:\/\/estecenter.com\/tr\/sikayet-politikasi\/\">\n\n\t\t\t\t\t\t\t\t\t\t\t\t<span class=\"elementor-icon-list-icon\">\n\t\t\t\t\t\t\t<svg aria-hidden=\"true\" class=\"e-font-icon-svg e-fas-circle\" viewbox=\"0 0 512 512\" xmlns=\"http:\/\/www.w3.org\/2000\/svg\"><path d=\"M256 8C119 8 8 119 8 256s111 248 248 248 248-111 248-248S393 8 256 8z\"><\/path><\/svg>\t\t\t\t\t\t<\/span>\n\t\t\t\t\t\t\t\t\t\t<span class=\"elementor-icon-list-text\">\u015eikayet Politikas\u0131<\/span>\n\t\t\t\t\t\t\t\t\t\t\t<\/a>\n\t\t\t\t\t\t\t\t\t<\/li>\n\t\t\t\t\t\t\t\t<li class=\"elementor-icon-list-item\">\n\t\t\t\t\t\t\t\t\t\t\t<a href=\"https:\/\/estecenter.com\/tr\/hasta-haklari-birimi\/\">\n\n\t\t\t\t\t\t\t\t\t\t\t\t<span class=\"elementor-icon-list-icon\">\n\t\t\t\t\t\t\t<svg aria-hidden=\"true\" class=\"e-font-icon-svg e-fas-circle\" viewbox=\"0 0 512 512\" xmlns=\"http:\/\/www.w3.org\/2000\/svg\"><path d=\"M256 8C119 8 8 119 8 256s111 248 248 248 248-111 248-248S393 8 256 8z\"><\/path><\/svg>\t\t\t\t\t\t<\/span>\n\t\t\t\t\t\t\t\t\t\t<span class=\"elementor-icon-list-text\">Hasta Haklar\u0131 Birimi<\/span>\n\t\t\t\t\t\t\t\t\t\t\t<\/a>\n\t\t\t\t\t\t\t\t\t<\/li>\n\t\t\t\t\t\t\t\t<li class=\"elementor-icon-list-item\">\n\t\t\t\t\t\t\t\t\t\t\t<a href=\"https:\/\/estecenter.com\/tr\/memnuniyet-saglama-sureci\/\">\n\n\t\t\t\t\t\t\t\t\t\t\t\t<span class=\"elementor-icon-list-icon\">\n\t\t\t\t\t\t\t<svg aria-hidden=\"true\" class=\"e-font-icon-svg e-fas-circle\" viewbox=\"0 0 512 512\" xmlns=\"http:\/\/www.w3.org\/2000\/svg\"><path d=\"M256 8C119 8 8 119 8 256s111 248 248 248 248-111 248-248S393 8 256 8z\"><\/path><\/svg>\t\t\t\t\t\t<\/span>\n\t\t\t\t\t\t\t\t\t\t<span class=\"elementor-icon-list-text\">Memnuniyet Sa\u011flama S\u00fcreci<\/span>\n\t\t\t\t\t\t\t\t\t\t\t<\/a>\n\t\t\t\t\t\t\t\t\t<\/li>\n\t\t\t\t\t\t<\/ul>\n\t\t\t\t<\/div>\n\t\t\t\t<\/div>\n\t\t            <\/div>\r\n        <\/div>\r\n                <div class=\"elementor-column elementor-col-50 elementor-top-column elementor-element elementor-element-067c8d0\" data-id=\"067c8d0\" data-element_type=\"column\" data-settings=\"{&quot;background_background&quot;:&quot;classic&quot;}\">\r\n            <div class=\"elementor-widget-wrap elementor-element-populated\">\r\n                        <section class=\"elementor-section elementor-inner-section elementor-element elementor-element-bd6580a elementor-section-boxed elementor-section-height-default elementor-section-height-default\" data-id=\"bd6580a\" data-element_type=\"section\" id=\"about-us\">\r\n\t\t\r\n\t\t        <div class=\"elementor-container elementor-column-gap-no\" >\r\n\t\t        <div class=\"elementor-column elementor-col-100 elementor-inner-column elementor-element elementor-element-27d6c66\" data-id=\"27d6c66\" data-element_type=\"column\">\r\n            <div class=\"elementor-widget-wrap elementor-element-populated\">\r\n                \t\t<div class=\"elementor-element elementor-element-ce54632 elementor-widget elementor-widget-heading\" data-id=\"ce54632\" data-element_type=\"widget\" data-widget_type=\"heading.default\">\n\t\t\t\t<div class=\"elementor-widget-container\">\n\t\t\t<p class=\"elementor-heading-title elementor-size-default\">Estecenter G\u00fcvenlik Bilgisi ve Politikas\u0131<\/p>\t\t<\/div>\n\t\t\t\t<\/div>\n\t\t\t\t<div class=\"elementor-element elementor-element-33a0415 elementor-widget elementor-widget-text-editor\" data-id=\"33a0415\" data-element_type=\"widget\" data-widget_type=\"text-editor.default\">\n\t\t\t\t<div class=\"elementor-widget-container\">\n\t\t\t<style>\/*! elementor - v3.21.0 - 15-04-2024 *\/\n.elementor-widget-text-editor.elementor-drop-cap-view-stacked .elementor-drop-cap{background-color:#69727d;color:#fff}.elementor-widget-text-editor.elementor-drop-cap-view-framed .elementor-drop-cap{color:#69727d;border:3px solid;background-color:transparent}.elementor-widget-text-editor:not(.elementor-drop-cap-view-default) .elementor-drop-cap{margin-top:8px}.elementor-widget-text-editor:not(.elementor-drop-cap-view-default) .elementor-drop-cap-letter{width:1em;height:1em}.elementor-widget-text-editor .elementor-drop-cap{float:left;text-align:center;line-height:1;font-size:50px}.elementor-widget-text-editor .elementor-drop-cap-letter{display:inline-block}<\/style>\t\t\t\t<p>\u015eirketimiz, \u00e7e\u015fitli ama\u00e7larla ki\u015fisel verilerin toplanabilece\u011fi konusunda bilgilendirme yapmaktad\u0131r. A\u015fa\u011f\u0131da, toplanan ki\u015fisel verilerin nas\u0131l ve ne \u015fekilde elde edildi\u011fi, korundu\u011fu ve kullan\u0131ld\u0131\u011f\u0131 belirtilmi\u015ftir.<\/p>\n<p>\u00dcyelik veya ma\u011fazam\u0131z \u00fczerindeki farkl\u0131 formlar\u0131n doldurulmas\u0131yla, kullan\u0131c\u0131lar\u0131n kendileriyle ilgili ki\u015fisel bilgileri (isim, firma bilgileri, ileti\u015fim bilgileri gibi) otomatik olarak toplan\u0131r.<\/p>\n<p>\u015eirketimiz, zaman zaman m\u00fc\u015fterilere kampanya bilgileri, yeni \u00fcr\u00fcn duyurular\u0131, promosyon teklifleri gibi bilgiler g\u00f6nderebilir. Kullan\u0131c\u0131lar, bu bilgileri al\u0131p almamay\u0131 tercih edebilir ve tercihlerini hesap ayarlar\u0131ndan veya iletilerdeki ba\u011flant\u0131lar\u0131 kullanarak y\u00f6netebilirler.<\/p>\n<p>\u00dcyelerimiz taraf\u0131ndan ma\u011fazam\u0131za iletilen ki\u015fisel bilgiler, sadece belirlenen ama\u00e7lar do\u011frultusunda kullan\u0131l\u0131r ve \u00fc\u00e7\u00fcnc\u00fc ki\u015filere if\u015fa edilmez.<\/p>\n<p>Sistemsel sorunlar\u0131n tespiti ve hizmetle ilgili sorunlar\u0131n \u00e7\u00f6z\u00fcm\u00fc i\u00e7in, \u00fcyelerin IP adresleri kaydedilir ve kullan\u0131labilir. Bu bilgiler, genel demografik analizler i\u00e7in de kullan\u0131labilir.<\/p>\n<p>\u015eirketimiz, \u00dcyelik S\u00f6zle\u015fmesi kapsam\u0131nda belirlenen ama\u00e7lar d\u0131\u015f\u0131nda, talep edilen bilgileri do\u011frudan pazarlama amac\u0131yla kullanabilir. Ancak, kullan\u0131c\u0131lar\u0131n\u0131n kimlikleri if\u015fa edilmeden istatistiksel de\u011ferlendirmeler ve pazar ara\u015ft\u0131rmalar\u0131 yapabilir.<\/p>\n<p>Gizli bilgiler kesinlikle gizli tutulur ve gerekli g\u00fcvenlik \u00f6nlemleri al\u0131n\u0131r.<\/p>\n<p>KRED\u0130 KARTI G\u00dcVENL\u0130\u011e\u0130<\/p>\n<p>\u015eirketimiz, kredi kart\u0131 bilgilerini saklamaz ve i\u015flem s\u0131ras\u0131nda g\u00fcvenli bir \u015fekilde \u015fifrelenir. G\u00fcvenli bir sitede oldu\u011funuzu anlamak i\u00e7in taray\u0131c\u0131n\u0131z\u0131n alt\u0131nda bulunan anahtar veya kilit simgesine dikkat etmelisiniz. Kredi kart\u0131 bilgileri, SSL protokol\u00fc kullan\u0131larak g\u00fcvenli bir \u015fekilde iletilir.<\/p>\n<p>Online kredi kart\u0131 ile sipari\u015f veren m\u00fc\u015fterilerin bilgileri, do\u011frulama amac\u0131yla kontrol edilir ve g\u00fcvenilirli\u011fi sa\u011flan\u0131r.<\/p>\n<p>\u00dcyelerin verdi\u011fi bilgilere sadece kendileri ula\u015fabilir ve de\u011fi\u015ftirebilir. \u00dcyelik i\u015flemleri s\u0131ras\u0131nda 128 bit SSL g\u00fcvenlik alan\u0131 kullan\u0131l\u0131r.<\/p>\n<p>\u00dc\u00c7\u00dcNC\u00dc TARAF WEB S\u0130TELER\u0130 VE UYGULAMALAR<\/p>\n<p>\u015eirketimiz, di\u011fer sitelere link verebilir ancak bu sitelerin gizlilik politikalar\u0131 ve i\u00e7eriklerinden sorumlu de\u011fildir.<\/p>\n<p>\u0130ST\u0130SNA\u0130 HALLER<\/p>\n<p>Belirli durumlarda, \u015firketimiz yasal y\u00fck\u00fcml\u00fcl\u00fckler \u00e7er\u00e7evesinde kullan\u0131c\u0131 bilgilerini if\u015fa edebilir.<\/p>\n<p>E-POSTA G\u00dcVENL\u0130\u011e\u0130<\/p>\n<p>M\u00fc\u015fteri hizmetlerine g\u00f6nderilen e-postalarda kredi kart\u0131 bilgileri veya \u015fifreler kesinlikle yaz\u0131lmamal\u0131d\u0131r. Bu bilgiler, \u00fc\u00e7\u00fcnc\u00fc taraflar taraf\u0131ndan g\u00f6r\u00fclebilir ve \u015firketimiz taraf\u0131ndan garanti edilemez.<\/p>\n\t\t\t\t\t\t<\/div>\n\t\t\t\t<\/div>\n\t\t            <\/div>\r\n        <\/div>\r\n        \t\t\t<\/div>\r\n\t\t<\/section>\r\n\t\t            <\/div>\r\n        <\/div>\r\n        \t\t\t<\/div>\r\n\t\t<\/section>\r\n\t\t\t\t<\/div>","protected":false},"excerpt":{"rendered":"<p>G\u00fcvenlik Bilgisi ve Politikas\u0131 Estecenter G\u00fcvenlik Bilgisi ve Politikas\u0131 \u0130nternet \u00c7erez Politikas\u0131 Ziyaret\u00e7i Politikas\u0131 Refakat\u00e7i Politikas\u0131 G\u00fcvenlik Bilgisi ve Politikas\u0131 \u015eikayet Politikas\u0131 Hasta Haklar\u0131 Birimi Memnuniyet Sa\u011flama S\u00fcreci Estecenter G\u00fcvenlik Bilgisi ve Politikas\u0131 \u015eirketimiz, \u00e7e\u015fitli ama\u00e7larla ki\u015fisel verilerin toplanabilece\u011fi konusunda bilgilendirme yapmaktad\u0131r. A\u015fa\u011f\u0131da, toplanan ki\u015fisel verilerin nas\u0131l ve ne \u015fekilde elde edildi\u011fi, korundu\u011fu ve kullan\u0131ld\u0131\u011f\u0131 [&hellip;]<\/p>","protected":false},"author":1,"featured_media":0,"parent":0,"menu_order":0,"comment_status":"closed","ping_status":"closed","template":"","meta":{"footnotes":""},"categories":[],"tags":[],"_links":{"self":[{"href":"https:\/\/estecenter.com\/tr\/wp-json\/wp\/v2\/pages\/17469"}],"collection":[{"href":"https:\/\/estecenter.com\/tr\/wp-json\/wp\/v2\/pages"}],"about":[{"href":"https:\/\/estecenter.com\/tr\/wp-json\/wp\/v2\/types\/page"}],"author":[{"embeddable":true,"href":"https:\/\/estecenter.com\/tr\/wp-json\/wp\/v2\/users\/1"}],"replies":[{"embeddable":true,"href":"https:\/\/estecenter.com\/tr\/wp-json\/wp\/v2\/comments?post=17469"}],"version-history":[{"count":8,"href":"https:\/\/estecenter.com\/tr\/wp-json\/wp\/v2\/pages\/17469\/revisions"}],"predecessor-version":[{"id":18039,"href":"https:\/\/estecenter.com\/tr\/wp-json\/wp\/v2\/pages\/17469\/revisions\/18039"}],"wp:attachment":[{"href":"https:\/\/estecenter.com\/tr\/wp-json\/wp\/v2\/media?parent=17469"}],"wp:term":[{"taxonomy":"category","embeddable":true,"href":"https:\/\/estecenter.com\/tr\/wp-json\/wp\/v2\/categories?post=17469"},{"taxonomy":"post_tag","embeddable":true,"href":"https:\/\/estecenter.com\/tr\/wp-json\/wp\/v2\/tags?post=17469"}],"curies":[{"name":"wp","href":"https:\/\/api.w.org\/{rel}","templated":true}]}}