{"id":17467,"date":"2024-04-22T10:56:57","date_gmt":"2024-04-22T07:56:57","guid":{"rendered":"https:\/\/estecenter.com\/hasta-haklari-birimi\/"},"modified":"2024-04-26T14:34:13","modified_gmt":"2024-04-26T11:34:13","slug":"hasta-haklari-birimi","status":"publish","type":"page","link":"https:\/\/estecenter.com\/tr\/hasta-haklari-birimi\/","title":{"rendered":"Hasta Haklar\u0131 Birimi"},"content":{"rendered":"<div data-elementor-type=\"wp-page\" data-elementor-id=\"17467\" class=\"elementor elementor-17467\" data-elementor-post-type=\"page\">\n\t\t\t\t        <section class=\"elementor-section elementor-top-section elementor-element elementor-element-3ee4e01 elementor-section-stretched elementor-section-boxed elementor-section-height-default elementor-section-height-default\" data-id=\"3ee4e01\" data-element_type=\"section\" data-settings=\"{&quot;stretch_section&quot;:&quot;section-stretched&quot;,&quot;background_background&quot;:&quot;classic&quot;}\">\r\n\t\t            <div class=\"elementor-background-overlay\"><\/div>\r\n\t\t\r\n\t\t        <div class=\"elementor-container elementor-column-gap-default\" >\r\n\t\t        <div class=\"elementor-column elementor-col-100 elementor-top-column elementor-element elementor-element-8d15320\" data-id=\"8d15320\" data-element_type=\"column\">\r\n            <div class=\"elementor-widget-wrap elementor-element-populated\">\r\n                \t\t<div class=\"elementor-element elementor-element-8d23ec7 elementor-widget elementor-widget-cms_heading\" data-id=\"8d23ec7\" data-element_type=\"widget\" data-widget_type=\"cms_heading.default\">\n\t\t\t\t<div class=\"elementor-widget-container\">\n\t\t\t<div class=\"cms-heading-wrapper cms-heading-layout1\">\r\n    \r\n            <h2 class=\"custom-heading\">\r\n            <span >Hasta Haklar\u0131 Birimi<\/span>\r\n        <\/h2>\r\n        \r\n    <\/div>\t\t<\/div>\n\t\t\t\t<\/div>\n\t\t            <\/div>\r\n        <\/div>\r\n        \t\t\t<\/div>\r\n\t\t<\/section>\r\n\t\t        <section class=\"elementor-section elementor-top-section elementor-element elementor-element-876277c elementor-section-stretched elementor-section-boxed elementor-section-height-default elementor-section-height-default\" data-id=\"876277c\" data-element_type=\"section\" data-settings=\"{&quot;stretch_section&quot;:&quot;section-stretched&quot;}\">\r\n\t\t\r\n\t\t        <div class=\"elementor-container elementor-column-gap-default\" >\r\n\t\t        <div class=\"elementor-column elementor-col-50 elementor-top-column elementor-element elementor-element-02af45a\" data-id=\"02af45a\" data-element_type=\"column\">\r\n            <div class=\"elementor-widget-wrap elementor-element-populated\">\r\n                        <section class=\"elementor-section elementor-inner-section elementor-element elementor-element-820ee9b elementor-section-full_width elementor-section-height-default elementor-section-height-default\" data-id=\"820ee9b\" data-element_type=\"section\" data-settings=\"{&quot;sticky&quot;:&quot;top&quot;,&quot;sticky_on&quot;:[&quot;desktop&quot;,&quot;tablet&quot;],&quot;sticky_parent&quot;:&quot;yes&quot;,&quot;sticky_offset&quot;:99,&quot;sticky_effects_offset&quot;:0}\">\r\n\t\t\r\n\t\t        <div class=\"elementor-container elementor-column-gap-no\" >\r\n\t\t        <div class=\"elementor-column elementor-col-100 elementor-inner-column elementor-element elementor-element-6b63ea7\" data-id=\"6b63ea7\" data-element_type=\"column\">\r\n            <div class=\"elementor-widget-wrap elementor-element-populated\">\r\n                \t\t<div class=\"elementor-element elementor-element-8f24657 elementor-widget elementor-widget-heading\" data-id=\"8f24657\" data-element_type=\"widget\" data-widget_type=\"heading.default\">\n\t\t\t\t<div class=\"elementor-widget-container\">\n\t\t\t<style>\/*! elementor - v3.21.0 - 15-04-2024 *\/\n.elementor-heading-title{padding:0;margin:0;line-height:1}.elementor-widget-heading .elementor-heading-title[class*=elementor-size-]>a{color:inherit;font-size:inherit;line-height:inherit}.elementor-widget-heading .elementor-heading-title.elementor-size-small{font-size:15px}.elementor-widget-heading .elementor-heading-title.elementor-size-medium{font-size:19px}.elementor-widget-heading .elementor-heading-title.elementor-size-large{font-size:29px}.elementor-widget-heading .elementor-heading-title.elementor-size-xl{font-size:39px}.elementor-widget-heading .elementor-heading-title.elementor-size-xxl{font-size:59px}<\/style><p class=\"elementor-heading-title elementor-size-default\">Estecenter Hasta Haklar\u0131 Birimi<\/p>\t\t<\/div>\n\t\t\t\t<\/div>\n\t\t            <\/div>\r\n        <\/div>\r\n        \t\t\t<\/div>\r\n\t\t<\/section>\r\n\t\t\t\t<div class=\"elementor-element elementor-element-379ce7e elementor-icon-list--layout-traditional elementor-list-item-link-full_width elementor-widget elementor-widget-icon-list\" data-id=\"379ce7e\" data-element_type=\"widget\" data-widget_type=\"icon-list.default\">\n\t\t\t\t<div class=\"elementor-widget-container\">\n\t\t\t<link rel=\"stylesheet\" href=\"https:\/\/estecenter.com\/wp-content\/plugins\/elementor\/assets\/css\/widget-icon-list.min.css\">\t\t<ul class=\"elementor-icon-list-items\">\n\t\t\t\t\t\t\t<li class=\"elementor-icon-list-item\">\n\t\t\t\t\t\t\t\t\t\t\t<a href=\"https:\/\/estecenter.com\/tr\/internet-cerez-politikasi\/\">\n\n\t\t\t\t\t\t\t\t\t\t\t\t<span class=\"elementor-icon-list-icon\">\n\t\t\t\t\t\t\t<svg aria-hidden=\"true\" class=\"e-font-icon-svg e-fas-circle\" viewbox=\"0 0 512 512\" xmlns=\"http:\/\/www.w3.org\/2000\/svg\"><path d=\"M256 8C119 8 8 119 8 256s111 248 248 248 248-111 248-248S393 8 256 8z\"><\/path><\/svg>\t\t\t\t\t\t<\/span>\n\t\t\t\t\t\t\t\t\t\t<span class=\"elementor-icon-list-text\">\u0130nternet \u00c7erez Politikas\u0131<\/span>\n\t\t\t\t\t\t\t\t\t\t\t<\/a>\n\t\t\t\t\t\t\t\t\t<\/li>\n\t\t\t\t\t\t\t\t<li class=\"elementor-icon-list-item\">\n\t\t\t\t\t\t\t\t\t\t\t<a href=\"https:\/\/estecenter.com\/tr\/ziyaretci-politikasi\/\">\n\n\t\t\t\t\t\t\t\t\t\t\t\t<span class=\"elementor-icon-list-icon\">\n\t\t\t\t\t\t\t<svg aria-hidden=\"true\" class=\"e-font-icon-svg e-fas-circle\" viewbox=\"0 0 512 512\" xmlns=\"http:\/\/www.w3.org\/2000\/svg\"><path d=\"M256 8C119 8 8 119 8 256s111 248 248 248 248-111 248-248S393 8 256 8z\"><\/path><\/svg>\t\t\t\t\t\t<\/span>\n\t\t\t\t\t\t\t\t\t\t<span class=\"elementor-icon-list-text\">Politikas\u0131<\/span>\n\t\t\t\t\t\t\t\t\t\t\t<\/a>\n\t\t\t\t\t\t\t\t\t<\/li>\n\t\t\t\t\t\t\t\t<li class=\"elementor-icon-list-item\">\n\t\t\t\t\t\t\t\t\t\t\t<a href=\"https:\/\/estecenter.com\/tr\/refakatci-politikasi\/\">\n\n\t\t\t\t\t\t\t\t\t\t\t\t<span class=\"elementor-icon-list-icon\">\n\t\t\t\t\t\t\t<svg aria-hidden=\"true\" class=\"e-font-icon-svg e-fas-circle\" viewbox=\"0 0 512 512\" xmlns=\"http:\/\/www.w3.org\/2000\/svg\"><path d=\"M256 8C119 8 8 119 8 256s111 248 248 248 248-111 248-248S393 8 256 8z\"><\/path><\/svg>\t\t\t\t\t\t<\/span>\n\t\t\t\t\t\t\t\t\t\t<span class=\"elementor-icon-list-text\">Refakat\u00e7i Politikas\u0131<\/span>\n\t\t\t\t\t\t\t\t\t\t\t<\/a>\n\t\t\t\t\t\t\t\t\t<\/li>\n\t\t\t\t\t\t\t\t<li class=\"elementor-icon-list-item\">\n\t\t\t\t\t\t\t\t\t\t\t<a href=\"https:\/\/estecenter.com\/tr\/guvenlik-bilgisi-ve-politikasi\/\">\n\n\t\t\t\t\t\t\t\t\t\t\t\t<span class=\"elementor-icon-list-icon\">\n\t\t\t\t\t\t\t<svg aria-hidden=\"true\" class=\"e-font-icon-svg e-fas-circle\" viewbox=\"0 0 512 512\" xmlns=\"http:\/\/www.w3.org\/2000\/svg\"><path d=\"M256 8C119 8 8 119 8 256s111 248 248 248 248-111 248-248S393 8 256 8z\"><\/path><\/svg>\t\t\t\t\t\t<\/span>\n\t\t\t\t\t\t\t\t\t\t<span class=\"elementor-icon-list-text\">G\u00fcvenlik Bilgisi ve Politikas\u0131<\/span>\n\t\t\t\t\t\t\t\t\t\t\t<\/a>\n\t\t\t\t\t\t\t\t\t<\/li>\n\t\t\t\t\t\t\t\t<li class=\"elementor-icon-list-item\">\n\t\t\t\t\t\t\t\t\t\t\t<a href=\"https:\/\/estecenter.com\/tr\/sikayet-politikasi\/\">\n\n\t\t\t\t\t\t\t\t\t\t\t\t<span class=\"elementor-icon-list-icon\">\n\t\t\t\t\t\t\t<svg aria-hidden=\"true\" class=\"e-font-icon-svg e-fas-circle\" viewbox=\"0 0 512 512\" xmlns=\"http:\/\/www.w3.org\/2000\/svg\"><path d=\"M256 8C119 8 8 119 8 256s111 248 248 248 248-111 248-248S393 8 256 8z\"><\/path><\/svg>\t\t\t\t\t\t<\/span>\n\t\t\t\t\t\t\t\t\t\t<span class=\"elementor-icon-list-text\">\u015eikayet Politikas\u0131<\/span>\n\t\t\t\t\t\t\t\t\t\t\t<\/a>\n\t\t\t\t\t\t\t\t\t<\/li>\n\t\t\t\t\t\t\t\t<li class=\"elementor-icon-list-item\">\n\t\t\t\t\t\t\t\t\t\t\t<a href=\"https:\/\/estecenter.com\/tr\/hasta-haklari-birimi\/\">\n\n\t\t\t\t\t\t\t\t\t\t\t\t<span class=\"elementor-icon-list-icon\">\n\t\t\t\t\t\t\t<svg aria-hidden=\"true\" class=\"e-font-icon-svg e-fas-circle\" viewbox=\"0 0 512 512\" xmlns=\"http:\/\/www.w3.org\/2000\/svg\"><path d=\"M256 8C119 8 8 119 8 256s111 248 248 248 248-111 248-248S393 8 256 8z\"><\/path><\/svg>\t\t\t\t\t\t<\/span>\n\t\t\t\t\t\t\t\t\t\t<span class=\"elementor-icon-list-text\">Hasta Haklar\u0131 Birimi<\/span>\n\t\t\t\t\t\t\t\t\t\t\t<\/a>\n\t\t\t\t\t\t\t\t\t<\/li>\n\t\t\t\t\t\t\t\t<li class=\"elementor-icon-list-item\">\n\t\t\t\t\t\t\t\t\t\t\t<a href=\"https:\/\/estecenter.com\/tr\/memnuniyet-saglama-sureci\/\">\n\n\t\t\t\t\t\t\t\t\t\t\t\t<span class=\"elementor-icon-list-icon\">\n\t\t\t\t\t\t\t<svg aria-hidden=\"true\" class=\"e-font-icon-svg e-fas-circle\" viewbox=\"0 0 512 512\" xmlns=\"http:\/\/www.w3.org\/2000\/svg\"><path d=\"M256 8C119 8 8 119 8 256s111 248 248 248 248-111 248-248S393 8 256 8z\"><\/path><\/svg>\t\t\t\t\t\t<\/span>\n\t\t\t\t\t\t\t\t\t\t<span class=\"elementor-icon-list-text\">Memnuniyet Sa\u011flama S\u00fcreci<\/span>\n\t\t\t\t\t\t\t\t\t\t\t<\/a>\n\t\t\t\t\t\t\t\t\t<\/li>\n\t\t\t\t\t\t<\/ul>\n\t\t\t\t<\/div>\n\t\t\t\t<\/div>\n\t\t            <\/div>\r\n        <\/div>\r\n                <div class=\"elementor-column elementor-col-50 elementor-top-column elementor-element elementor-element-067c8d0\" data-id=\"067c8d0\" data-element_type=\"column\" data-settings=\"{&quot;background_background&quot;:&quot;classic&quot;}\">\r\n            <div class=\"elementor-widget-wrap elementor-element-populated\">\r\n                        <section class=\"elementor-section elementor-inner-section elementor-element elementor-element-bd6580a elementor-section-boxed elementor-section-height-default elementor-section-height-default\" data-id=\"bd6580a\" data-element_type=\"section\" id=\"about-us\">\r\n\t\t\r\n\t\t        <div class=\"elementor-container elementor-column-gap-no\" >\r\n\t\t        <div class=\"elementor-column elementor-col-100 elementor-inner-column elementor-element elementor-element-27d6c66\" data-id=\"27d6c66\" data-element_type=\"column\">\r\n            <div class=\"elementor-widget-wrap elementor-element-populated\">\r\n                \t\t<div class=\"elementor-element elementor-element-ce54632 elementor-widget elementor-widget-heading\" data-id=\"ce54632\" data-element_type=\"widget\" data-widget_type=\"heading.default\">\n\t\t\t\t<div class=\"elementor-widget-container\">\n\t\t\t<p class=\"elementor-heading-title elementor-size-default\">Estecenter Hasta Haklar\u0131 Birimi<\/p>\t\t<\/div>\n\t\t\t\t<\/div>\n\t\t\t\t<div class=\"elementor-element elementor-element-89c5737 elementor-widget elementor-widget-text-editor\" data-id=\"89c5737\" data-element_type=\"widget\" data-widget_type=\"text-editor.default\">\n\t\t\t\t<div class=\"elementor-widget-container\">\n\t\t\t<style>\/*! elementor - v3.21.0 - 15-04-2024 *\/\n.elementor-widget-text-editor.elementor-drop-cap-view-stacked .elementor-drop-cap{background-color:#69727d;color:#fff}.elementor-widget-text-editor.elementor-drop-cap-view-framed .elementor-drop-cap{color:#69727d;border:3px solid;background-color:transparent}.elementor-widget-text-editor:not(.elementor-drop-cap-view-default) .elementor-drop-cap{margin-top:8px}.elementor-widget-text-editor:not(.elementor-drop-cap-view-default) .elementor-drop-cap-letter{width:1em;height:1em}.elementor-widget-text-editor .elementor-drop-cap{float:left;text-align:center;line-height:1;font-size:50px}.elementor-widget-text-editor .elementor-drop-cap-letter{display:inline-block}<\/style>\t\t\t\t<p><strong>Hasta Haklar\u0131 ve Sorumluluklar\u0131<\/strong><\/p>\n<p>Sa\u011fl\u0131k hizmetlerinde, bireylerin hak ve sorumluluklar\u0131 b\u00fcy\u00fck \u00f6nem ta\u015f\u0131r. Hastanelerimize ba\u015fvuran her hasta ve aileleri, sa\u011fl\u0131k hizmetlerinden yararlan\u0131rken sahip olduklar\u0131 haklara sayg\u0131 duyulur. Bu kaynak, T.C. Sa\u011fl\u0131k Bakanl\u0131\u011f\u0131 Hasta Haklar\u0131 Y\u00f6netmeli\u011fi\u2019nden esinlenerek haz\u0131rlanm\u0131\u015f olup, hastalar\u0131n haklar\u0131 ve hizmet al\u0131m\u0131 s\u0131ras\u0131nda yerine getirmeleri gereken sorumluluklar hakk\u0131nda bilgi vermektedir.<\/p>\n<p><strong>Hasta Haklar\u0131<\/strong><\/p>\n<p>Hasta haklar\u0131, uluslararas\u0131 ve ulusal mevzuatlarla g\u00fcvence alt\u0131na al\u0131nm\u0131\u015f, sa\u011fl\u0131k kurulu\u015flar\u0131na ba\u015fvuran ki\u015filerin haklar\u0131n\u0131n korunmas\u0131 i\u00e7in yap\u0131lan uygulamalar\u0131 kapsar. Bu haklar, insan sa\u011fl\u0131\u011f\u0131n\u0131n korunmas\u0131 ve y\u00fcksek kaliteli sa\u011fl\u0131k hizmetlerinin sunulmas\u0131n\u0131 ama\u00e7lar.<\/p>\n<ol>\n<li><strong>Hizmetlerden Yararlanma Hakk\u0131:<\/strong>\u00a0Her birey, dil, din, \u0131rk veya mezhep ayr\u0131m\u0131 yap\u0131lmaks\u0131z\u0131n sa\u011fl\u0131k hizmetlerinden e\u015fit \u015fekilde yararlanma hakk\u0131na sahiptir.<\/li>\n<li><strong>Bilgilendirme ve Bilgi \u0130steme Hakk\u0131:<\/strong>\u00a0Hastalar, sa\u011fl\u0131k durumlar\u0131 ve sa\u011fl\u0131k hizmetleri hakk\u0131nda bilgi alma, belgeleri inceleme ve edinme hakk\u0131na sahiptir.<\/li>\n<li><strong>R\u0131za ve Onay Hakk\u0131:<\/strong>\u00a0Hastalar, \u00f6nerilen tedaviler hakk\u0131nda bilgilendirildikten sonra tedaviyi kabul etme, reddetme veya durdurma hakk\u0131na sahiptir.<\/li>\n<li><strong>Sa\u011fl\u0131k Kurulu\u015funu ve Personelini Se\u00e7me ve De\u011fi\u015ftirme Hakk\u0131:<\/strong>\u00a0Hastalar, tedavi y\u00f6ntemini ve sa\u011fl\u0131k personelini se\u00e7me ve de\u011fi\u015ftirme hakk\u0131na sahiptir.<\/li>\n<li><strong>Mahremiyet ve Gizlilik Hakk\u0131:<\/strong>\u00a0Ki\u015fisel bilgilerin gizlili\u011finin korunmas\u0131 hakk\u0131na sahiptir.<\/li>\n<li><strong>Sayg\u0131nl\u0131k G\u00f6rme Hakk\u0131:<\/strong>\u00a0Hastalar, sa\u011fl\u0131k hizmetlerini nazik ve sayg\u0131l\u0131 bir ortamda alma hakk\u0131na sahiptir.<\/li>\n<li><strong>Dini Vecibelerini Yerine Getirme Hakk\u0131:<\/strong>\u00a0Hastalar, sa\u011fl\u0131k durumlar\u0131 izin verdi\u011fi s\u00fcrece dini vecibelerini yerine getirme hakk\u0131na sahiptir.<\/li>\n<li><strong>Ziyaret ve Refakat Hakk\u0131:<\/strong>\u00a0Hastalar, belirlenen kurallar \u00e7er\u00e7evesinde ziyaret\u00e7i kabul etme ve refakat\u00e7i bulundurma hakk\u0131na sahiptir.<\/li>\n<li><strong>G\u00fcvenlik Hakk\u0131:<\/strong>\u00a0Hastalar, sa\u011fl\u0131k hizmetlerindeki risklerden ve t\u0131bbi hatalardan korunma hakk\u0131na sahiptir.<\/li>\n<li><strong>Kons\u00fcltasyon ve \u0130kinci G\u00f6r\u00fc\u015f \u0130steme Hakk\u0131:<\/strong>\u00a0Hastalar, sa\u011fl\u0131k durumlar\u0131yla ilgili ba\u015fka bir uzmandan bilgi alma veya ikinci bir g\u00f6r\u00fc\u015f isteme hakk\u0131na sahiptir.<\/li>\n<li><strong>\u015eik\u00e2yet, G\u00f6r\u00fc\u015f ve \u00d6neri Bildirme Hakk\u0131:<\/strong>\u00a0Hastalar, haklar\u0131n\u0131n ihlali durumunda \u015fik\u00e2yette bulunma, de\u011ferlendirilme ve sonu\u00e7land\u0131r\u0131lma hakk\u0131na sahiptir.<\/li>\n<\/ol>\n<p><strong>Hasta Sorumluluklar\u0131<\/strong><\/p>\n<p>Hasta sorumluluklar\u0131, sa\u011fl\u0131k kurulu\u015flar\u0131na ba\u015fvuran ve hizmet alan hastalar\u0131n yerine getirmesi gereken g\u00f6rev ve y\u00fck\u00fcml\u00fcl\u00fckleri ifade eder.<\/p>\n<ol>\n<li><strong>Genel Sorumluluklar:<\/strong>\u00a0Hastalar, sa\u011fl\u0131klar\u0131n\u0131 korumak i\u00e7in gerekli tedbirleri almak ve verilen tavsiyelere uymakla y\u00fck\u00fcml\u00fcd\u00fcr.<\/li>\n<li><strong>Sosyal G\u00fcvenlik Durumu:<\/strong>\u00a0Hastalar, sosyal g\u00fcvenlik ve ki\u015fisel bilgilerindeki de\u011fi\u015fiklikleri zaman\u0131nda bildirmekle sorumludur.<\/li>\n<li><strong>Sa\u011fl\u0131k \u00c7al\u0131\u015fanlar\u0131n\u0131 Bilgilendirme:<\/strong>\u00a0Hastalar, sa\u011fl\u0131k durumlar\u0131 ve tedavi ge\u00e7mi\u015fleri hakk\u0131nda do\u011fru ve eksiksiz bilgi vermekle y\u00fck\u00fcml\u00fcd\u00fcr.<\/li>\n<li><strong>Hastane Kurallar\u0131na Uyma:<\/strong>\u00a0Hastalar, sa\u011fl\u0131k kurulu\u015funun kurallar\u0131na ve uygulamalar\u0131na uymakla sorumludur.<\/li>\n<li><strong>Tedavisi \u0130le \u0130lgili \u00d6nerilere Uyma:<\/strong>\u00a0Hastalar, tedavi ile ilgili \u00f6nerilere uymak ve tedavi s\u00fcrecine aktif kat\u0131l\u0131m sa\u011flamakla sorumludur.<\/li>\n<\/ol>\n<p>Bu haklar ve sorumluluklar, sa\u011fl\u0131k hizmetlerinin etkin ve verimli bir \u015fekilde sunulmas\u0131n\u0131 sa\u011flamak i\u00e7in \u00f6nemlidir.<\/p>\n\t\t\t\t\t\t<\/div>\n\t\t\t\t<\/div>\n\t\t            <\/div>\r\n        <\/div>\r\n        \t\t\t<\/div>\r\n\t\t<\/section>\r\n\t\t            <\/div>\r\n        <\/div>\r\n        \t\t\t<\/div>\r\n\t\t<\/section>\r\n\t\t\t\t<\/div>","protected":false},"excerpt":{"rendered":"<p>Hasta Haklar\u0131 Birimi Estecenter Hasta Haklar\u0131 Birimi \u0130nternet \u00c7erez Politikas\u0131 Ziyaret\u00e7i Politikas\u0131 Refakat\u00e7i Politikas\u0131 G\u00fcvenlik Bilgisi ve Politikas\u0131 \u015eikayet Politikas\u0131 Hasta Haklar\u0131 Birimi Memnuniyet Sa\u011flama S\u00fcreci Estecenter Hasta Haklar\u0131 Birimi Hasta Haklar\u0131 ve Sorumluluklar\u0131 Sa\u011fl\u0131k hizmetlerinde, bireylerin hak ve sorumluluklar\u0131 b\u00fcy\u00fck \u00f6nem ta\u015f\u0131r. Hastanelerimize ba\u015fvuran her hasta ve aileleri, sa\u011fl\u0131k hizmetlerinden yararlan\u0131rken sahip olduklar\u0131 haklara [&hellip;]<\/p>","protected":false},"author":1,"featured_media":0,"parent":0,"menu_order":0,"comment_status":"closed","ping_status":"closed","template":"","meta":{"footnotes":""},"categories":[],"tags":[],"_links":{"self":[{"href":"https:\/\/estecenter.com\/tr\/wp-json\/wp\/v2\/pages\/17467"}],"collection":[{"href":"https:\/\/estecenter.com\/tr\/wp-json\/wp\/v2\/pages"}],"about":[{"href":"https:\/\/estecenter.com\/tr\/wp-json\/wp\/v2\/types\/page"}],"author":[{"embeddable":true,"href":"https:\/\/estecenter.com\/tr\/wp-json\/wp\/v2\/users\/1"}],"replies":[{"embeddable":true,"href":"https:\/\/estecenter.com\/tr\/wp-json\/wp\/v2\/comments?post=17467"}],"version-history":[{"count":6,"href":"https:\/\/estecenter.com\/tr\/wp-json\/wp\/v2\/pages\/17467\/revisions"}],"predecessor-version":[{"id":18041,"href":"https:\/\/estecenter.com\/tr\/wp-json\/wp\/v2\/pages\/17467\/revisions\/18041"}],"wp:attachment":[{"href":"https:\/\/estecenter.com\/tr\/wp-json\/wp\/v2\/media?parent=17467"}],"wp:term":[{"taxonomy":"category","embeddable":true,"href":"https:\/\/estecenter.com\/tr\/wp-json\/wp\/v2\/categories?post=17467"},{"taxonomy":"post_tag","embeddable":true,"href":"https:\/\/estecenter.com\/tr\/wp-json\/wp\/v2\/tags?post=17467"}],"curies":[{"name":"wp","href":"https:\/\/api.w.org\/{rel}","templated":true}]}}