{"id":15325,"date":"2020-08-29T02:18:07","date_gmt":"2020-08-28T23:18:07","guid":{"rendered":"https:\/\/estecenter.com\/blog\/"},"modified":"2024-04-29T10:22:36","modified_gmt":"2024-04-29T07:22:36","slug":"bloglar","status":"publish","type":"page","link":"https:\/\/estecenter.com\/tr\/bloglar\/","title":{"rendered":"Blog"},"content":{"rendered":"<div data-elementor-type=\"wp-post\" data-elementor-id=\"15325\" class=\"elementor elementor-15325\" data-elementor-post-type=\"page\">\n\t\t\t\t        <section class=\"elementor-section elementor-top-section elementor-element elementor-element-8cd3075 elementor-section-boxed elementor-section-height-default elementor-section-height-default\" data-id=\"8cd3075\" data-element_type=\"section\">\r\n\t\t\r\n\t\t        <div class=\"elementor-container elementor-column-gap-default\" >\r\n\t\t        <div class=\"elementor-column elementor-col-100 elementor-top-column elementor-element elementor-element-991cd29\" data-id=\"991cd29\" data-element_type=\"column\">\r\n            <div class=\"elementor-widget-wrap elementor-element-populated\">\r\n                \t\t<div class=\"elementor-element elementor-element-a5c18ad elementor-widget elementor-widget-cms_post_grid\" data-id=\"a5c18ad\" data-element_type=\"widget\" data-widget_type=\"cms_post_grid.default\">\n\t\t\t\t<div class=\"elementor-widget-container\">\n\t\t\t\r\n<div id=\"cms_post_grid-a5c18ad\" class=\"cms-grid cms-post-grid-layout1\" data-layout=\"masonry\" data-start-page=\"1\" data-max-pages=\"45\" data-total=\"266\" data-perpage=\"6\" data-next-link=\"https:\/\/estecenter.com\/wp-json\/wp\/v2\/pages\/15325\/page\/2\/\">\r\n    <div class=\"cms-grid-overlay\"><\/div>\r\n    \r\n    <div class=\"cms-grid-inner cms-grid-masonry row animation-time\" data-gutter=\"15\">\r\n                    <div class=\"grid-sizer col-xl-4 col-lg-4 col-md-6 col-sm-6 col-12\"><\/div>\r\n                                <div class=\"grid-item col-xl-4 col-lg-4 col-md-6 col-sm-6 col-12\">\r\n                    <div class=\"grid-item-inner\">\r\n                                                    <div class=\"entry-featured\">\r\n                                <div class=\"post-image\">\r\n                                    <a href=\"https:\/\/estecenter.com\/tr\/what-is-ethnic-rhinoplasty-who-is-it-suitable-for\/\"><img decoding=\"async\" class=\"\" src=\"https:\/\/estecenter.com\/wp-content\/uploads\/2026\/04\/etnik-rinoplasti-370x270.jpg\" width=\"370\" height=\"270\" alt=\"etnik rinoplasti\" title=\"etnik rinoplasti\" \/><\/a>\r\n                                <\/div>\r\n                                                                    <div class=\"post-category\"><a href=\"https:\/\/estecenter.com\/tr\/blog\/kategori\/blog-2\/\" rel=\"tag\">Blog<\/a><\/div>\r\n                                                            <\/div>\r\n                                                <div class=\"entry-body\">\r\n                            <ul class=\"entry-meta\">\r\n                                                                    <li class=\"post-date\">Nisan 19, 2026<\/li>\r\n                                                                                                    <li class=\"author\">\r\n                                        <a href=\"https:\/\/estecenter.com\/tr\/author\/esteadmin\/\">Op. Dr. Bat\u0131bey Batmac\u0131<\/a><\/li>\r\n                                                            <\/ul>\r\n                                                            <h3 class=\"entry-title\"><a href=\"https:\/\/estecenter.com\/tr\/what-is-ethnic-rhinoplasty-who-is-it-suitable-for\/\">Etnik Rinoplasti Nedir? Kimler \u0130\u00e7in Uygundur?<\/a><\/h3>\r\n                                                                                        <div class=\"entry-content\">\r\n                                    Ethnic rhinoplasty is a specialized surgical approach that aims to perform nose aesthetics while preserving the facial features of individuals from different ethnic backgrounds. Unlike standard rhinoplasty procedures, this method&hellip;                                <\/div>\r\n                                                                                        <div class=\"entry-readmore\">\r\n                                    <a class=\"btn-more\" href=\"https:\/\/estecenter.com\/tr\/what-is-ethnic-rhinoplasty-who-is-it-suitable-for\/\">\r\n                                        <span>Devam\u0131n\u0131 oku<\/span>\r\n                                        <i class=\"far fa-arrow-right\"><\/i>\r\n                                    <\/a>\r\n                                <\/div>\r\n                                                    <\/div>\r\n                    <\/div>\r\n                <\/div>\r\n                            <div class=\"grid-item col-xl-4 col-lg-4 col-md-6 col-sm-6 col-12\">\r\n                    <div class=\"grid-item-inner\">\r\n                                                <div class=\"entry-body\">\r\n                            <ul class=\"entry-meta\">\r\n                                                                    <li class=\"post-date\">11 Haziran 2025<\/li>\r\n                                                                                                    <li class=\"author\">\r\n                                        <a href=\"https:\/\/estecenter.com\/tr\/author\/roipublic-seo\/\">SEO EK\u0130B\u0130 ROIPUBLIC<\/a><\/li>\r\n                                                            <\/ul>\r\n                                                            <h3 class=\"entry-title\"><a href=\"https:\/\/estecenter.com\/tr\/kadinlarda-sac-dokulmesinin-nedenleri\/\">Kad\u0131nlarda Sa\u00e7 D\u00f6k\u00fclmesinin Nedenleri<\/a><\/h3>\r\n                                                                                        <div class=\"entry-content\">\r\n                                    Kad\u0131nlar i\u00e7in sa\u00e7, g\u00fczelliklerinin, \u00f6zg\u00fcvenlerinin ve kendini ifade etmelerinin b\u00fcy\u00fck bir par\u00e7as\u0131d\u0131r. Yast\u0131\u011f\u0131n\u0131zda, sa\u00e7 f\u0131r\u00e7an\u0131zda veya ba\u015fka yerlerde bir\u00e7ok sa\u00e7 teli fark etti\u011finizde endi\u015felenmeniz \u00e7ok do\u011fal.                                <\/div>\r\n                                                                                        <div class=\"entry-readmore\">\r\n                                    <a class=\"btn-more\" href=\"https:\/\/estecenter.com\/tr\/kadinlarda-sac-dokulmesinin-nedenleri\/\">\r\n                                        <span>Devam\u0131n\u0131 oku<\/span>\r\n                                        <i class=\"far fa-arrow-right\"><\/i>\r\n                                    <\/a>\r\n                                <\/div>\r\n                                                    <\/div>\r\n                    <\/div>\r\n                <\/div>\r\n                            <div class=\"grid-item col-xl-4 col-lg-4 col-md-6 col-sm-6 col-12\">\r\n                    <div class=\"grid-item-inner\">\r\n                                                <div class=\"entry-body\">\r\n                            <ul class=\"entry-meta\">\r\n                                                                    <li class=\"post-date\">8 Haziran 2025<\/li>\r\n                                                                                                    <li class=\"author\">\r\n                                        <a href=\"https:\/\/estecenter.com\/tr\/author\/roipublic-seo\/\">SEO EK\u0130B\u0130 ROIPUBLIC<\/a><\/li>\r\n                                                            <\/ul>\r\n                                                            <h3 class=\"entry-title\"><a href=\"https:\/\/estecenter.com\/tr\/what-is-sunscreen-used-for-benefits-of-sunscreen-for-the-skin\/\">G\u00fcne\u015f Kremi Ne \u0130\u00e7in Kullan\u0131l\u0131r? G\u00fcne\u015f Kreminin Cilt \u0130\u00e7in Faydalar\u0131<\/a><\/h3>\r\n                                                                                        <div class=\"entry-content\">\r\n                                    Pek \u00e7ok influencer, \u00fcnl\u00fc ve dermatolog g\u00fcne\u015f kremini tan\u0131t\u0131rken, ger\u00e7ekten neden g\u00fcne\u015f kremine ihtiyac\u0131m\u0131z oldu\u011funu hi\u00e7 merak ettiniz mi? \u00c7o\u011fu insan g\u00fcne\u015f kreminin sadece ihtiya\u00e7 duydu\u011funuzda s\u00fcr\u00fclmesi gerekti\u011fine inan\u0131yor\u2026                                <\/div>\r\n                                                                                        <div class=\"entry-readmore\">\r\n                                    <a class=\"btn-more\" href=\"https:\/\/estecenter.com\/tr\/what-is-sunscreen-used-for-benefits-of-sunscreen-for-the-skin\/\">\r\n                                        <span>Devam\u0131n\u0131 oku<\/span>\r\n                                        <i class=\"far fa-arrow-right\"><\/i>\r\n                                    <\/a>\r\n                                <\/div>\r\n                                                    <\/div>\r\n                    <\/div>\r\n                <\/div>\r\n                            <div class=\"grid-item col-xl-4 col-lg-4 col-md-6 col-sm-6 col-12\">\r\n                    <div class=\"grid-item-inner\">\r\n                                                <div class=\"entry-body\">\r\n                            <ul class=\"entry-meta\">\r\n                                                                    <li class=\"post-date\">4 Haziran 2025<\/li>\r\n                                                                                                    <li class=\"author\">\r\n                                        <a href=\"https:\/\/estecenter.com\/tr\/author\/roipublic-seo\/\">SEO EK\u0130B\u0130 ROIPUBLIC<\/a><\/li>\r\n                                                            <\/ul>\r\n                                                            <h3 class=\"entry-title\"><a href=\"https:\/\/estecenter.com\/tr\/erkekler-icin-olmazsa-olmaz-cilt-bakim-rutini\/\">Erkekler \u0130\u00e7in Temel Cilt Bak\u0131m Rutini<\/a><\/h3>\r\n                                                                                        <div class=\"entry-content\">\r\n                                    San\u0131lan\u0131n aksine, cilt bak\u0131m\u0131 sadece kad\u0131nlara \u00f6zg\u00fc de\u011fil! G\u00fcn\u00fcm\u00fczde erkekler de cilt sa\u011fl\u0131klar\u0131n\u0131n fark\u0131ndalar ve rastgele bir temizleyiciyle yetinmiyorlar. Onlar da...                                <\/div>\r\n                                                                                        <div class=\"entry-readmore\">\r\n                                    <a class=\"btn-more\" href=\"https:\/\/estecenter.com\/tr\/erkekler-icin-olmazsa-olmaz-cilt-bakim-rutini\/\">\r\n                                        <span>Devam\u0131n\u0131 oku<\/span>\r\n                                        <i class=\"far fa-arrow-right\"><\/i>\r\n                                    <\/a>\r\n                                <\/div>\r\n                                                    <\/div>\r\n                    <\/div>\r\n                <\/div>\r\n                            <div class=\"grid-item col-xl-4 col-lg-4 col-md-6 col-sm-6 col-12\">\r\n                    <div class=\"grid-item-inner\">\r\n                                                <div class=\"entry-body\">\r\n                            <ul class=\"entry-meta\">\r\n                                                                    <li class=\"post-date\">28 May\u0131s 2025<\/li>\r\n                                                                                                    <li class=\"author\">\r\n                                        <a href=\"https:\/\/estecenter.com\/tr\/author\/roipublic-seo\/\">SEO EK\u0130B\u0130 ROIPUBLIC<\/a><\/li>\r\n                                                            <\/ul>\r\n                                                            <h3 class=\"entry-title\"><a href=\"https:\/\/estecenter.com\/tr\/a-basic-guide-for-mens-hair-care\/\">Erkek Sa\u00e7 Bak\u0131m\u0131 \u0130\u00e7in Temel K\u0131lavuz<\/a><\/h3>\r\n                                                                                        <div class=\"entry-content\">\r\n                                    Beyler, sa\u00e7lar\u0131n\u0131z\u0131 kad\u0131nlar kadar sevdi\u011finizi biliyoruz, ama sa\u00e7lar\u0131n\u0131z\u0131n bak\u0131m\u0131n\u0131 yapmak i\u00e7in ger\u00e7ekten basit bir erkek sa\u00e7 bak\u0131m rutini uyguluyor musunuz? Sizin gibi\u2026                                <\/div>\r\n                                                                                        <div class=\"entry-readmore\">\r\n                                    <a class=\"btn-more\" href=\"https:\/\/estecenter.com\/tr\/a-basic-guide-for-mens-hair-care\/\">\r\n                                        <span>Devam\u0131n\u0131 oku<\/span>\r\n                                        <i class=\"far fa-arrow-right\"><\/i>\r\n                                    <\/a>\r\n                                <\/div>\r\n                                                    <\/div>\r\n                    <\/div>\r\n                <\/div>\r\n                            <div class=\"grid-item col-xl-4 col-lg-4 col-md-6 col-sm-6 col-12\">\r\n                    <div class=\"grid-item-inner\">\r\n                                                <div class=\"entry-body\">\r\n                            <ul class=\"entry-meta\">\r\n                                                                    <li class=\"post-date\">22 May\u0131s 2025<\/li>\r\n                                                                                                    <li class=\"author\">\r\n                                        <a href=\"https:\/\/estecenter.com\/tr\/author\/roipublic-seo\/\">SEO EK\u0130B\u0130 ROIPUBLIC<\/a><\/li>\r\n                                                            <\/ul>\r\n                                                            <h3 class=\"entry-title\"><a href=\"https:\/\/estecenter.com\/tr\/lazer-epilasyon-oncesinde-neler-yapilmali\/\">Lazer Epilasyon \u00d6ncesinde Ne Yap\u0131lmal\u0131?<\/a><\/h3>\r\n                                                                                        <div class=\"entry-content\">\r\n                                    \u0130stenmeyen t\u00fcylerden kurtulmak i\u00e7in lazer epilasyon harika bir fikir \u00e7\u00fcnk\u00fc kal\u0131c\u0131 sonu\u00e7lar veriyor. Genellikle g\u00fcvenli, \u00e7ok etkili ve giderek daha pop\u00fcler hale geliyor\u2026                                <\/div>\r\n                                                                                        <div class=\"entry-readmore\">\r\n                                    <a class=\"btn-more\" href=\"https:\/\/estecenter.com\/tr\/lazer-epilasyon-oncesinde-neler-yapilmali\/\">\r\n                                        <span>Devam\u0131n\u0131 oku<\/span>\r\n                                        <i class=\"far fa-arrow-right\"><\/i>\r\n                                    <\/a>\r\n                                <\/div>\r\n                                                    <\/div>\r\n                    <\/div>\r\n                <\/div>\r\n                <\/div>\r\n            <div class=\"cms-grid-pagination\" data-loadmore=\"{&quot;startPage&quot;:1,&quot;maxPages&quot;:45,&quot;total&quot;:266,&quot;perpage&quot;:&quot;6&quot;,&quot;nextLink&quot;:&quot;https:\\\/\\\/estecenter.com\\\/wp-json\\\/wp\\\/v2\\\/pages\\\/15325\\\/page\\\/2\\\/&quot;,&quot;source&quot;:&quot;&quot;,&quot;orderby&quot;:&quot;date&quot;,&quot;order&quot;:&quot;desc&quot;,&quot;limit&quot;:&quot;6&quot;,&quot;post_ids&quot;:&quot;&quot;,&quot;col_xl&quot;:4,&quot;col_lg&quot;:4,&quot;col_md&quot;:6,&quot;col_sm&quot;:6,&quot;col_xs&quot;:12,&quot;thumbnail_size&quot;:&quot;custom&quot;,&quot;thumbnail_custom_dimension&quot;:{&quot;width&quot;:&quot;370&quot;,&quot;height&quot;:&quot;270&quot;},&quot;title_tag&quot;:&quot;h3&quot;,&quot;pagination_type&quot;:&quot;pagination&quot;,&quot;show_thumbnail&quot;:&quot;true&quot;,&quot;show_meta&quot;:&quot;true&quot;,&quot;show_author&quot;:&quot;true&quot;,&quot;show_post_date&quot;:&quot;true&quot;,&quot;show_categories&quot;:&quot;true&quot;,&quot;show_title&quot;:&quot;true&quot;,&quot;show_excerpt&quot;:&quot;true&quot;,&quot;num_words&quot;:30,&quot;show_button&quot;:&quot;true&quot;,&quot;hover_animation&quot;:&quot;pagination&quot;,&quot;button_text&quot;:&quot;Read More&quot;,&quot;template_type&quot;:&quot;post_grid_layout1&quot;,&quot;tax&quot;:[]}\" data-query=\"{&quot;post_type&quot;:&quot;post&quot;,&quot;post_status&quot;:&quot;publish&quot;,&quot;posts_per_page&quot;:6,&quot;order&quot;:&quot;desc&quot;,&quot;orderby&quot;:&quot;date&quot;,&quot;tax_query&quot;:{&quot;relation&quot;:&quot;OR&quot;},&quot;post__not_in&quot;:[15325]}\">\r\n                <nav class=\"navigation posts-pagination ajax\">\r\n        <div class=\"posts-page-links\">\r\n            <span aria-current=\"page\" class=\"page-numbers current\">1<\/span>\n<a class=\"page-numbers\" href=\"#2\">2<\/a>\n<span class=\"page-numbers dots\">&hellip;<\/span>\n<a class=\"page-numbers\" href=\"#45\">45<\/a>\n<a class=\"next page-numbers\" href=\"#2\"><i class=\"fac fac-arrow-right\"><\/i><\/a>        <\/div>\r\n    <\/nav>\r\n            <\/div>\r\n        <\/div>\t\t<\/div>\n\t\t\t\t<\/div>\n\t\t            <\/div>\r\n        <\/div>\r\n        \t\t\t<\/div>\r\n\t\t<\/section>\r\n\t\t\t\t<\/div>","protected":false},"excerpt":{"rendered":"<p>Neurology July 30, 2020 \u0130brahim \u00c7evik Unsure About Wearing Face Mask? Here\u2019s How and Why That means that you should still be following any shelter-in-place orders in your community. But when you\u2019re venturing out to the grocery store, pharmacy or hospital, it\u2019s wise to wear&hellip; Read More Laboratory, Pediatric July 30, 2020 \u0130brahim \u00c7evik 6 [&hellip;]<\/p>","protected":false},"author":1,"featured_media":0,"parent":0,"menu_order":0,"comment_status":"closed","ping_status":"closed","template":"","meta":{"footnotes":""},"categories":[],"tags":[],"_links":{"self":[{"href":"https:\/\/estecenter.com\/tr\/wp-json\/wp\/v2\/pages\/15325"}],"collection":[{"href":"https:\/\/estecenter.com\/tr\/wp-json\/wp\/v2\/pages"}],"about":[{"href":"https:\/\/estecenter.com\/tr\/wp-json\/wp\/v2\/types\/page"}],"author":[{"embeddable":true,"href":"https:\/\/estecenter.com\/tr\/wp-json\/wp\/v2\/users\/1"}],"replies":[{"embeddable":true,"href":"https:\/\/estecenter.com\/tr\/wp-json\/wp\/v2\/comments?post=15325"}],"version-history":[{"count":7,"href":"https:\/\/estecenter.com\/tr\/wp-json\/wp\/v2\/pages\/15325\/revisions"}],"predecessor-version":[{"id":18301,"href":"https:\/\/estecenter.com\/tr\/wp-json\/wp\/v2\/pages\/15325\/revisions\/18301"}],"wp:attachment":[{"href":"https:\/\/estecenter.com\/tr\/wp-json\/wp\/v2\/media?parent=15325"}],"wp:term":[{"taxonomy":"category","embeddable":true,"href":"https:\/\/estecenter.com\/tr\/wp-json\/wp\/v2\/categories?post=15325"},{"taxonomy":"post_tag","embeddable":true,"href":"https:\/\/estecenter.com\/tr\/wp-json\/wp\/v2\/tags?post=15325"}],"curies":[{"name":"wp","href":"https:\/\/api.w.org\/{rel}","templated":true}]}}