{"id":23308,"date":"2024-08-02T15:33:40","date_gmt":"2024-08-02T12:33:40","guid":{"rendered":"https:\/\/estecenter.com\/batibey-batmaci-budut\/"},"modified":"2024-08-05T10:04:15","modified_gmt":"2024-08-05T07:04:15","slug":"batibey-batmaci-budut","status":"publish","type":"page","link":"https:\/\/estecenter.com\/de\/batibey-batmaci-budut\/","title":{"rendered":"Bat\u0131bey Batmac\u0131 Budut"},"content":{"rendered":"<div data-elementor-type=\"wp-page\" data-elementor-id=\"23308\" class=\"elementor elementor-23308\" data-elementor-post-type=\"page\">\n\t\t\t\t        <section class=\"elementor-section elementor-top-section elementor-element elementor-element-b84ce89 elementor-section-stretched elementor-section-boxed elementor-section-height-default elementor-section-height-default\" data-id=\"b84ce89\" data-element_type=\"section\" data-settings=\"{&quot;stretch_section&quot;:&quot;section-stretched&quot;,&quot;background_background&quot;:&quot;classic&quot;}\">\r\n\t\t            <div class=\"elementor-background-overlay\"><\/div>\r\n\t\t\r\n\t\t        <div class=\"elementor-container elementor-column-gap-default\" >\r\n\t\t        <div class=\"elementor-column elementor-col-100 elementor-top-column elementor-element elementor-element-dca622f\" data-id=\"dca622f\" data-element_type=\"column\">\r\n            <div class=\"elementor-widget-wrap elementor-element-populated\">\r\n                        <section class=\"elementor-section elementor-inner-section elementor-element elementor-element-5d619c7 elementor-section-boxed elementor-section-height-default elementor-section-height-default\" data-id=\"5d619c7\" data-element_type=\"section\">\r\n\t\t\r\n\t\t        <div class=\"elementor-container elementor-column-gap-default\" >\r\n\t\t        <div class=\"elementor-column elementor-col-100 elementor-inner-column elementor-element elementor-element-0c6c311\" data-id=\"0c6c311\" data-element_type=\"column\">\r\n            <div class=\"elementor-widget-wrap\">\r\n                            <\/div>\r\n        <\/div>\r\n        \t\t\t<\/div>\r\n\t\t<\/section>\r\n\t\t            <\/div>\r\n        <\/div>\r\n        \t\t\t<\/div>\r\n\t\t<\/section>\r\n\t\t        <section class=\"elementor-section elementor-top-section elementor-element elementor-element-3f8e1b5 elementor-section-boxed elementor-section-height-default elementor-section-height-default\" data-id=\"3f8e1b5\" data-element_type=\"section\">\r\n\t\t\r\n\t\t        <div class=\"elementor-container elementor-column-gap-extended\" >\r\n\t\t        <div class=\"elementor-column elementor-col-50 elementor-top-column elementor-element elementor-element-a2e9280\" data-id=\"a2e9280\" data-element_type=\"column\">\r\n            <div class=\"elementor-widget-wrap elementor-element-populated\">\r\n                \t\t<div class=\"elementor-element elementor-element-aa66056 elementor-position-top elementor-widget elementor-widget-image-box\" data-id=\"aa66056\" data-element_type=\"widget\" data-widget_type=\"image-box.default\">\n\t\t\t\t<div class=\"elementor-widget-container\">\n\t\t\t<style>\/*! elementor - v3.21.0 - 15-04-2024 *\/\n.elementor-widget-image-box .elementor-image-box-content{width:100%}@media (min-width:768px){.elementor-widget-image-box.elementor-position-left .elementor-image-box-wrapper,.elementor-widget-image-box.elementor-position-right .elementor-image-box-wrapper{display:flex}.elementor-widget-image-box.elementor-position-right .elementor-image-box-wrapper{text-align:end;flex-direction:row-reverse}.elementor-widget-image-box.elementor-position-left .elementor-image-box-wrapper{text-align:start;flex-direction:row}.elementor-widget-image-box.elementor-position-top .elementor-image-box-img{margin:auto}.elementor-widget-image-box.elementor-vertical-align-top .elementor-image-box-wrapper{align-items:flex-start}.elementor-widget-image-box.elementor-vertical-align-middle .elementor-image-box-wrapper{align-items:center}.elementor-widget-image-box.elementor-vertical-align-bottom .elementor-image-box-wrapper{align-items:flex-end}}@media (max-width:767px){.elementor-widget-image-box .elementor-image-box-img{margin-left:auto!important;margin-right:auto!important;margin-bottom:15px}}.elementor-widget-image-box .elementor-image-box-img{display:inline-block}.elementor-widget-image-box .elementor-image-box-title a{color:inherit}.elementor-widget-image-box .elementor-image-box-wrapper{text-align:center}.elementor-widget-image-box .elementor-image-box-description{margin:0}<\/style><div class=\"elementor-image-box-wrapper\"><figure class=\"elementor-image-box-img\"><img decoding=\"async\" width=\"700\" height=\"1050\" src=\"https:\/\/estecenter.com\/wp-content\/uploads\/2024\/08\/Adsiz-tasarim-26.webp\" class=\"attachment-full size-full wp-image-23299\" alt=\"Plastik und Rekonstruktion Cerrah\u0131\" srcset=\"https:\/\/estecenter.com\/wp-content\/uploads\/2024\/08\/Adsiz-tasarim-26.webp 700w, https:\/\/estecenter.com\/wp-content\/uploads\/2024\/08\/Adsiz-tasarim-26-200x300.webp 200w, https:\/\/estecenter.com\/wp-content\/uploads\/2024\/08\/Adsiz-tasarim-26-683x1024.webp 683w\" sizes=\"(max-width: 700px) 100vw, 700px\" \/><\/figure><div class=\"elementor-image-box-content\"><h3 class=\"elementor-image-box-title\"><span class=\"ez-toc-section\" id=\"Batibey_Batmaci_Budut\"><\/span>Bat\u0131bey Batmac\u0131 Budut<span class=\"ez-toc-section-end\"><\/span><\/h3><p class=\"elementor-image-box-description\">\u062c\u0631\u0627\u062d \u0627\u0644\u062a\u062c\u0645\u064a\u0644 \u0648\u0627\u0644\u062a\u0631\u0645\u064a\u0645<\/p><\/div><\/div>\t\t<\/div>\n\t\t\t\t<\/div>\n\t\t        <section class=\"elementor-section elementor-inner-section elementor-element elementor-element-048315f elementor-section-boxed elementor-section-height-default elementor-section-height-default\" data-id=\"048315f\" data-element_type=\"section\" data-settings=\"{&quot;background_background&quot;:&quot;classic&quot;}\">\r\n\t\t            <div class=\"elementor-background-overlay\"><\/div>\r\n\t\t\r\n\t\t        <div class=\"elementor-container elementor-column-gap-no\" >\r\n\t\t        <div class=\"elementor-column elementor-col-100 elementor-inner-column elementor-element elementor-element-a9aae3e\" data-id=\"a9aae3e\" data-element_type=\"column\">\r\n            <div class=\"elementor-widget-wrap\">\r\n                            <\/div>\r\n        <\/div>\r\n        \t\t\t<\/div>\r\n\t\t<\/section>\r\n\t\t            <\/div>\r\n        <\/div>\r\n                <div class=\"elementor-column elementor-col-50 elementor-top-column elementor-element elementor-element-2f81b44\" data-id=\"2f81b44\" data-element_type=\"column\">\r\n            <div class=\"elementor-widget-wrap elementor-element-populated\">\r\n                \t\t<div class=\"elementor-element elementor-element-160d473 elementor-widget elementor-widget-spacer\" data-id=\"160d473\" data-element_type=\"widget\" data-widget_type=\"spacer.default\">\n\t\t\t\t<div class=\"elementor-widget-container\">\n\t\t\t<style>\/*! elementor - v3.21.0 - 15-04-2024 *\/\n.elementor-column .elementor-spacer-inner{height:var(--spacer-size)}.e-con{--container-widget-width:100%}.e-con-inner>.elementor-widget-spacer,.e-con>.elementor-widget-spacer{width:var(--container-widget-width,var(--spacer-size));--align-self:var(--container-widget-align-self,initial);--flex-shrink:0}.e-con-inner>.elementor-widget-spacer>.elementor-widget-container,.e-con>.elementor-widget-spacer>.elementor-widget-container{height:100%;width:100%}.e-con-inner>.elementor-widget-spacer>.elementor-widget-container>.elementor-spacer,.e-con>.elementor-widget-spacer>.elementor-widget-container>.elementor-spacer{height:100%}.e-con-inner>.elementor-widget-spacer>.elementor-widget-container>.elementor-spacer>.elementor-spacer-inner,.e-con>.elementor-widget-spacer>.elementor-widget-container>.elementor-spacer>.elementor-spacer-inner{height:var(--container-widget-height,var(--spacer-size))}.e-con-inner>.elementor-widget-spacer.elementor-widget-empty,.e-con>.elementor-widget-spacer.elementor-widget-empty{position:relative;min-height:22px;min-width:22px}.e-con-inner>.elementor-widget-spacer.elementor-widget-empty .elementor-widget-empty-icon,.e-con>.elementor-widget-spacer.elementor-widget-empty .elementor-widget-empty-icon{position:absolute;top:0;bottom:0;left:0;right:0;margin:auto;padding:0;width:22px;height:22px}<\/style>\t\t<div class=\"elementor-spacer\">\n\t\t\t<div class=\"elementor-spacer-inner\"><\/div>\n\t\t<\/div>\n\t\t\t\t<\/div>\n\t\t\t\t<\/div>\n\t\t\t\t<div class=\"elementor-element elementor-element-6468884 elementor-widget elementor-widget-cms_heading\" data-id=\"6468884\" data-element_type=\"widget\" data-widget_type=\"cms_heading.default\">\n\t\t\t\t<div class=\"elementor-widget-container\">\n\t\t\t<div class=\"cms-heading-wrapper cms-heading-layout1\">\r\n    \r\n            <h4 class=\"custom-heading\"><span class=\"ez-toc-section\" id=\"Biyografi\"><\/span>\r\n            <span >Biographie<\/span>\r\n        <span class=\"ez-toc-section-end\"><\/span><\/h4>\r\n        \r\n    <\/div>\t\t<\/div>\n\t\t\t\t<\/div>\n\t\t\t\t<div class=\"elementor-element elementor-element-27b1091 elementor-widget elementor-widget-text-editor\" data-id=\"27b1091\" data-element_type=\"widget\" data-widget_type=\"text-editor.default\">\n\t\t\t\t<div class=\"elementor-widget-container\">\n\t\t\t<style>\/*! elementor - v3.21.0 - 15-04-2024 *\/\n.elementor-widget-text-editor.elementor-drop-cap-view-stacked .elementor-drop-cap{background-color:#69727d;color:#fff}.elementor-widget-text-editor.elementor-drop-cap-view-framed .elementor-drop-cap{color:#69727d;border:3px solid;background-color:transparent}.elementor-widget-text-editor:not(.elementor-drop-cap-view-default) .elementor-drop-cap{margin-top:8px}.elementor-widget-text-editor:not(.elementor-drop-cap-view-default) .elementor-drop-cap-letter{width:1em;height:1em}.elementor-widget-text-editor .elementor-drop-cap{float:left;text-align:center;line-height:1;font-size:50px}.elementor-widget-text-editor .elementor-drop-cap-letter{display:inline-block}<\/style>\t\t\t\t<p>Im Jahr 1992.<br \/>\nEs wurde im Jahr 2010 von der Deutschen Presse-Agentur ver\u00f6ffentlicht.<br \/>\nIm Jahr 2016 haben wir uns auf die Suche nach einer neuen Version gemacht.<br \/>\nIch habe die Software in der gesamten Testversion von 2017 und in der Testversion heruntergeladen Die neue Version wurde im Jahr 2022 ver\u00f6ffentlicht und ist in K\u00fcrze verf\u00fcgbar Sie k\u00f6nnen sich keine Sorgen machen, dass Sie sich keine Sorgen mehr machen m\u00fcssen, um sich die Zeit zu nehmen, die Sie brauchen.<\/p>\n\t\t\t\t\t\t<\/div>\n\t\t\t\t<\/div>\n\t\t            <\/div>\r\n        <\/div>\r\n        \t\t\t<\/div>\r\n\t\t<\/section>\r\n\t\t\t\t<\/div>","protected":false},"excerpt":{"rendered":"<p>Bat\u0131bey Batmac\u0131 Budut \u062c\u0631\u0627\u062d \u0627\u0644\u062a\u062c\u0645\u064a\u0644 \u0648\u0627\u0644\u062a\u0631\u0645\u064a\u0645 \u00dclke time_zone utm_source Offline Conversion ref utm_campaign \u0130leti\u015fime Ge\u00e7 Biyografi \u0648\u0644\u062f \u0641\u064a \u0647\u0627\u062a\u0627\u064a \u0625\u0633\u0643\u0646\u062f\u0631\u0648\u0646 \u0639\u0627\u0645 1992. \u0628\u062f\u0623 \u062a\u0639\u0644\u064a\u0645\u0647 \u0641\u064a \u0643\u0644\u064a\u0629 \u0627\u0644\u0637\u0628 \u0628\u062c\u0627\u0645\u0639\u0629 \u0633\u0644\u062c\u0648\u0642 \u0645\u064a\u0631\u0627\u0645 \u0641\u064a \u0639\u0627\u0645 2010. \u062a\u062e\u0631\u062c \u0641\u064a \u0639\u0627\u0645 2016 \u0648\u0623\u0643\u0645\u0644 \u0648\u0627\u062c\u0628\u0647 \u0627\u0644\u0625\u0644\u0632\u0627\u0645\u064a \u0641\u064a \u0647\u0627\u062a\u0627\u064a \u0639\u0646\u062f\u0645\u0627 \u0643\u0627\u0646 \u0637\u0628\u064a\u0628\u064b\u0627 \u0639\u0627\u0645\u064b\u0627. \u0637\u0628\u064a\u0628\u0646\u0627\u060c \u0627\u0644\u0630\u064a \u0628\u062f\u0623 \u062a\u062f\u0631\u064a\u0628\u0647 \u0627\u0644\u062a\u062e\u0635\u0635\u064a \u0641\u064a \u0645\u0633\u062a\u0634\u0641\u0649 \u0627\u0644\u0628\u0631\u0648\u0641\u064a\u0633\u0648\u0631 \u062f\u0643\u062a\u0648\u0631 [&hellip;]<\/p>","protected":false},"author":1,"featured_media":0,"parent":0,"menu_order":0,"comment_status":"closed","ping_status":"closed","template":"","meta":{"footnotes":""},"categories":[],"tags":[],"_links":{"self":[{"href":"https:\/\/estecenter.com\/de\/wp-json\/wp\/v2\/pages\/23308"}],"collection":[{"href":"https:\/\/estecenter.com\/de\/wp-json\/wp\/v2\/pages"}],"about":[{"href":"https:\/\/estecenter.com\/de\/wp-json\/wp\/v2\/types\/page"}],"author":[{"embeddable":true,"href":"https:\/\/estecenter.com\/de\/wp-json\/wp\/v2\/users\/1"}],"replies":[{"embeddable":true,"href":"https:\/\/estecenter.com\/de\/wp-json\/wp\/v2\/comments?post=23308"}],"version-history":[{"count":4,"href":"https:\/\/estecenter.com\/de\/wp-json\/wp\/v2\/pages\/23308\/revisions"}],"predecessor-version":[{"id":23417,"href":"https:\/\/estecenter.com\/de\/wp-json\/wp\/v2\/pages\/23308\/revisions\/23417"}],"wp:attachment":[{"href":"https:\/\/estecenter.com\/de\/wp-json\/wp\/v2\/media?parent=23308"}],"wp:term":[{"taxonomy":"category","embeddable":true,"href":"https:\/\/estecenter.com\/de\/wp-json\/wp\/v2\/categories?post=23308"},{"taxonomy":"post_tag","embeddable":true,"href":"https:\/\/estecenter.com\/de\/wp-json\/wp\/v2\/tags?post=23308"}],"curies":[{"name":"wp","href":"https:\/\/api.w.org\/{rel}","templated":true}]}}