{"id":20728,"date":"2024-07-09T12:13:54","date_gmt":"2024-07-09T09:13:54","guid":{"rendered":"https:\/\/estecenter.com\/dr-tuna-balci\/"},"modified":"2025-04-11T18:17:36","modified_gmt":"2025-04-11T15:17:36","slug":"uzm-dr-tuna-balci","status":"publish","type":"page","link":"https:\/\/estecenter.com\/de\/uzm-dr-tuna-balci\/","title":{"rendered":"Dr. Tuna Balc\u0131"},"content":{"rendered":"<div data-elementor-type=\"wp-page\" data-elementor-id=\"20728\" class=\"elementor elementor-20728\" data-elementor-post-type=\"page\">\n\t\t\t\t        <section class=\"elementor-section elementor-top-section elementor-element elementor-element-b84ce89 elementor-section-stretched elementor-section-boxed elementor-section-height-default elementor-section-height-default\" data-id=\"b84ce89\" data-element_type=\"section\" data-settings=\"{&quot;stretch_section&quot;:&quot;section-stretched&quot;,&quot;background_background&quot;:&quot;classic&quot;}\">\r\n\t\t            <div class=\"elementor-background-overlay\"><\/div>\r\n\t\t\r\n\t\t        <div class=\"elementor-container elementor-column-gap-default\" >\r\n\t\t        <div class=\"elementor-column elementor-col-100 elementor-top-column elementor-element elementor-element-dca622f\" data-id=\"dca622f\" data-element_type=\"column\">\r\n            <div class=\"elementor-widget-wrap elementor-element-populated\">\r\n                        <section class=\"elementor-section elementor-inner-section elementor-element elementor-element-5d619c7 elementor-section-boxed elementor-section-height-default elementor-section-height-default\" data-id=\"5d619c7\" data-element_type=\"section\">\r\n\t\t\r\n\t\t        <div class=\"elementor-container elementor-column-gap-default\" >\r\n\t\t        <div class=\"elementor-column elementor-col-100 elementor-inner-column elementor-element elementor-element-0c6c311\" data-id=\"0c6c311\" data-element_type=\"column\">\r\n            <div class=\"elementor-widget-wrap\">\r\n                            <\/div>\r\n        <\/div>\r\n        \t\t\t<\/div>\r\n\t\t<\/section>\r\n\t\t            <\/div>\r\n        <\/div>\r\n        \t\t\t<\/div>\r\n\t\t<\/section>\r\n\t\t        <section class=\"elementor-section elementor-top-section elementor-element elementor-element-3f8e1b5 elementor-section-boxed elementor-section-height-default elementor-section-height-default\" data-id=\"3f8e1b5\" data-element_type=\"section\">\r\n\t\t\r\n\t\t        <div class=\"elementor-container elementor-column-gap-extended\" >\r\n\t\t        <div class=\"elementor-column elementor-col-50 elementor-top-column elementor-element elementor-element-a2e9280\" data-id=\"a2e9280\" data-element_type=\"column\">\r\n            <div class=\"elementor-widget-wrap elementor-element-populated\">\r\n                \t\t<div class=\"elementor-element elementor-element-aa66056 elementor-position-top elementor-widget elementor-widget-image-box\" data-id=\"aa66056\" data-element_type=\"widget\" data-widget_type=\"image-box.default\">\n\t\t\t\t<div class=\"elementor-widget-container\">\n\t\t\t<style>\/*! elementor - v3.21.0 - 15-04-2024 *\/\n.elementor-widget-image-box .elementor-image-box-content{width:100%}@media (min-width:768px){.elementor-widget-image-box.elementor-position-left .elementor-image-box-wrapper,.elementor-widget-image-box.elementor-position-right .elementor-image-box-wrapper{display:flex}.elementor-widget-image-box.elementor-position-right .elementor-image-box-wrapper{text-align:end;flex-direction:row-reverse}.elementor-widget-image-box.elementor-position-left .elementor-image-box-wrapper{text-align:start;flex-direction:row}.elementor-widget-image-box.elementor-position-top .elementor-image-box-img{margin:auto}.elementor-widget-image-box.elementor-vertical-align-top .elementor-image-box-wrapper{align-items:flex-start}.elementor-widget-image-box.elementor-vertical-align-middle .elementor-image-box-wrapper{align-items:center}.elementor-widget-image-box.elementor-vertical-align-bottom .elementor-image-box-wrapper{align-items:flex-end}}@media (max-width:767px){.elementor-widget-image-box .elementor-image-box-img{margin-left:auto!important;margin-right:auto!important;margin-bottom:15px}}.elementor-widget-image-box .elementor-image-box-img{display:inline-block}.elementor-widget-image-box .elementor-image-box-title a{color:inherit}.elementor-widget-image-box .elementor-image-box-wrapper{text-align:center}.elementor-widget-image-box .elementor-image-box-description{margin:0}<\/style><div class=\"elementor-image-box-wrapper\"><figure class=\"elementor-image-box-img\"><img decoding=\"async\" width=\"1708\" height=\"2560\" src=\"https:\/\/estecenter.com\/wp-content\/uploads\/2024\/08\/dr-tuna-en-scaled.jpg\" class=\"attachment-full size-full wp-image-23802\" alt=\"Facharzt f\u00fcr An\u00e4sthesie und Reanimation\" srcset=\"https:\/\/estecenter.com\/wp-content\/uploads\/2024\/08\/dr-tuna-en-scaled.jpg 1708w, https:\/\/estecenter.com\/wp-content\/uploads\/2024\/08\/dr-tuna-en-200x300.jpg 200w, https:\/\/estecenter.com\/wp-content\/uploads\/2024\/08\/dr-tuna-en-683x1024.jpg 683w, https:\/\/estecenter.com\/wp-content\/uploads\/2024\/08\/dr-tuna-en-768x1151.jpg 768w, https:\/\/estecenter.com\/wp-content\/uploads\/2024\/08\/dr-tuna-en-1025x1536.jpg 1025w, https:\/\/estecenter.com\/wp-content\/uploads\/2024\/08\/dr-tuna-en-1366x2048.jpg 1366w\" sizes=\"(max-width: 1708px) 100vw, 1708px\" \/><\/figure><div class=\"elementor-image-box-content\"><h3 class=\"elementor-image-box-title\"><span class=\"ez-toc-section\" id=\"Dr_Tuna_Balci\"><\/span>Dr. Tuna Balc\u0131<span class=\"ez-toc-section-end\"><\/span><\/h3><p class=\"elementor-image-box-description\">Facharzt f\u00fcr An\u00e4sthesie und Reanimation<br><br><br><\/p><\/div><\/div>\t\t<\/div>\n\t\t\t\t<\/div>\n\t\t        <section class=\"elementor-section elementor-inner-section elementor-element elementor-element-048315f elementor-section-boxed elementor-section-height-default elementor-section-height-default\" data-id=\"048315f\" data-element_type=\"section\" data-settings=\"{&quot;background_background&quot;:&quot;classic&quot;}\">\r\n\t\t            <div class=\"elementor-background-overlay\"><\/div>\r\n\t\t\r\n\t\t        <div class=\"elementor-container elementor-column-gap-no\" >\r\n\t\t        <div class=\"elementor-column elementor-col-100 elementor-inner-column elementor-element elementor-element-a9aae3e\" data-id=\"a9aae3e\" data-element_type=\"column\">\r\n            <div class=\"elementor-widget-wrap\">\r\n                            <\/div>\r\n        <\/div>\r\n        \t\t\t<\/div>\r\n\t\t<\/section>\r\n\t\t            <\/div>\r\n        <\/div>\r\n                <div class=\"elementor-column elementor-col-50 elementor-top-column elementor-element elementor-element-2f81b44\" data-id=\"2f81b44\" data-element_type=\"column\">\r\n            <div class=\"elementor-widget-wrap elementor-element-populated\">\r\n                \t\t<div class=\"elementor-element elementor-element-160d473 elementor-widget elementor-widget-spacer\" data-id=\"160d473\" data-element_type=\"widget\" data-widget_type=\"spacer.default\">\n\t\t\t\t<div class=\"elementor-widget-container\">\n\t\t\t<style>\/*! elementor - v3.21.0 - 15-04-2024 *\/\n.elementor-column .elementor-spacer-inner{height:var(--spacer-size)}.e-con{--container-widget-width:100%}.e-con-inner>.elementor-widget-spacer,.e-con>.elementor-widget-spacer{width:var(--container-widget-width,var(--spacer-size));--align-self:var(--container-widget-align-self,initial);--flex-shrink:0}.e-con-inner>.elementor-widget-spacer>.elementor-widget-container,.e-con>.elementor-widget-spacer>.elementor-widget-container{height:100%;width:100%}.e-con-inner>.elementor-widget-spacer>.elementor-widget-container>.elementor-spacer,.e-con>.elementor-widget-spacer>.elementor-widget-container>.elementor-spacer{height:100%}.e-con-inner>.elementor-widget-spacer>.elementor-widget-container>.elementor-spacer>.elementor-spacer-inner,.e-con>.elementor-widget-spacer>.elementor-widget-container>.elementor-spacer>.elementor-spacer-inner{height:var(--container-widget-height,var(--spacer-size))}.e-con-inner>.elementor-widget-spacer.elementor-widget-empty,.e-con>.elementor-widget-spacer.elementor-widget-empty{position:relative;min-height:22px;min-width:22px}.e-con-inner>.elementor-widget-spacer.elementor-widget-empty .elementor-widget-empty-icon,.e-con>.elementor-widget-spacer.elementor-widget-empty .elementor-widget-empty-icon{position:absolute;top:0;bottom:0;left:0;right:0;margin:auto;padding:0;width:22px;height:22px}<\/style>\t\t<div class=\"elementor-spacer\">\n\t\t\t<div class=\"elementor-spacer-inner\"><\/div>\n\t\t<\/div>\n\t\t\t\t<\/div>\n\t\t\t\t<\/div>\n\t\t\t\t<div class=\"elementor-element elementor-element-6468884 elementor-widget elementor-widget-cms_heading\" data-id=\"6468884\" data-element_type=\"widget\" data-widget_type=\"cms_heading.default\">\n\t\t\t\t<div class=\"elementor-widget-container\">\n\t\t\t<div class=\"cms-heading-wrapper cms-heading-layout1\">\r\n    \r\n            <h4 class=\"custom-heading\"><span class=\"ez-toc-section\" id=\"Biography\"><\/span>\r\n            <span >Biographie<\/span>\r\n        <span class=\"ez-toc-section-end\"><\/span><\/h4>\r\n        \r\n    <\/div>\t\t<\/div>\n\t\t\t\t<\/div>\n\t\t\t\t<div class=\"elementor-element elementor-element-27b1091 elementor-widget elementor-widget-text-editor\" data-id=\"27b1091\" data-element_type=\"widget\" data-widget_type=\"text-editor.default\">\n\t\t\t\t<div class=\"elementor-widget-container\">\n\t\t\t<style>\/*! elementor - v3.21.0 - 15-04-2024 *\/\n.elementor-widget-text-editor.elementor-drop-cap-view-stacked .elementor-drop-cap{background-color:#69727d;color:#fff}.elementor-widget-text-editor.elementor-drop-cap-view-framed .elementor-drop-cap{color:#69727d;border:3px solid;background-color:transparent}.elementor-widget-text-editor:not(.elementor-drop-cap-view-default) .elementor-drop-cap{margin-top:8px}.elementor-widget-text-editor:not(.elementor-drop-cap-view-default) .elementor-drop-cap-letter{width:1em;height:1em}.elementor-widget-text-editor .elementor-drop-cap{float:left;text-align:center;line-height:1;font-size:50px}.elementor-widget-text-editor .elementor-drop-cap-letter{display:inline-block}<\/style>\t\t\t\t<p><b>Uzm. Dr. Tuna BALCI<\/b>, was born in Sakarya in 1981. In 1999, he started his education at Ankara University Faculty of Medicine and graduated in 2006.<br \/>Dr. Tuna Balc\u0131, who wanted to further his career, started his specialty training in the Department of Anesthesiology and Reanimation of the same university and received the title of specialist doctor in 2010.<\/p><p>After completing his specialty training, Dr. Tuna Balc\u0131 started his compulsory service at Alaca State Hospital in 2011. His duty there continued until 2012 and then he returned to academic life and worked at Ankara University Faculty of Medicine, Department of Anesthesiology and Reanimation for two years.<\/p><p>In 2014, Dr. Tuna Balc\u0131 moved to Istanbul and worked at Liv Hospital Ulus for three years.<br \/>In 2018, he worked at Private Adat\u0131p Hospital, where he served his patients for a year. Then, in 2019, he worked at Private Bay\u0131nd\u0131r Hospital for two years.<br \/>In 2021, Dr. Tuna Balc\u0131 continued his career at Bezmialem Vak\u0131f University Dragos Hospital, where he worked for a year and then worked at Private \u015ei\u015fli Kolan Hospital for two years in 2022.<\/p><p>As of 2024, Dr. Tuna Balc\u0131 started working at the Private Este Center Plastic Surgery Center and continues to serve his patients by applying his knowledge and experience in anesthesiology and reanimation to aesthetic surgery operations.<\/p><p>Dr. BALCI also holds important certificates such as the Turkish Society of Anesthesiology and Reanimation Qualification Certificate in 2011 and the European Resuscitation Council Advanced Life Support Practitioner Certificate in 2022.<br \/>Dr. Tuna Balc\u0131, who speaks fluent English and intermediate German, is a member of the Turkish Society of Anesthesiology and Reanimation, the Society of Anesthesiology and Reanimation Specialists and the Turkish Intensive Care Association.<\/p>\t\t\t\t\t\t<\/div>\n\t\t\t\t<\/div>\n\t\t            <\/div>\r\n        <\/div>\r\n        \t\t\t<\/div>\r\n\t\t<\/section>\r\n\t\t\t\t<\/div>","protected":false},"excerpt":{"rendered":"<p>Dr. Tuna Balc\u0131 Anesthesia and Reanimation Specialist \u00dclke time_zone utm_source Offline Conversion ref utm_campaign Make Appointment Biography Uzm. Dr. Tuna BALCI, was born in Sakarya in 1981. In 1999, he started his education at Ankara University Faculty of Medicine and graduated in 2006.Dr. Tuna Balc\u0131, who wanted to further his career, started his specialty training [&hellip;]<\/p>","protected":false},"author":1,"featured_media":0,"parent":0,"menu_order":0,"comment_status":"closed","ping_status":"closed","template":"","meta":{"footnotes":""},"categories":[],"tags":[],"_links":{"self":[{"href":"https:\/\/estecenter.com\/de\/wp-json\/wp\/v2\/pages\/20728"}],"collection":[{"href":"https:\/\/estecenter.com\/de\/wp-json\/wp\/v2\/pages"}],"about":[{"href":"https:\/\/estecenter.com\/de\/wp-json\/wp\/v2\/types\/page"}],"author":[{"embeddable":true,"href":"https:\/\/estecenter.com\/de\/wp-json\/wp\/v2\/users\/1"}],"replies":[{"embeddable":true,"href":"https:\/\/estecenter.com\/de\/wp-json\/wp\/v2\/comments?post=20728"}],"version-history":[{"count":16,"href":"https:\/\/estecenter.com\/de\/wp-json\/wp\/v2\/pages\/20728\/revisions"}],"predecessor-version":[{"id":26576,"href":"https:\/\/estecenter.com\/de\/wp-json\/wp\/v2\/pages\/20728\/revisions\/26576"}],"wp:attachment":[{"href":"https:\/\/estecenter.com\/de\/wp-json\/wp\/v2\/media?parent=20728"}],"wp:term":[{"taxonomy":"category","embeddable":true,"href":"https:\/\/estecenter.com\/de\/wp-json\/wp\/v2\/categories?post=20728"},{"taxonomy":"post_tag","embeddable":true,"href":"https:\/\/estecenter.com\/de\/wp-json\/wp\/v2\/tags?post=20728"}],"curies":[{"name":"wp","href":"https:\/\/api.w.org\/{rel}","templated":true}]}}