{"id":14,"date":"2020-08-29T02:18:07","date_gmt":"2020-08-29T02:18:07","guid":{"rendered":"https:\/\/demo.cmssuperheroes.com\/themeforest\/koira\/?page_id=14"},"modified":"2025-11-04T13:11:12","modified_gmt":"2025-11-04T10:11:12","slug":"blog","status":"publish","type":"page","link":"https:\/\/estecenter.com\/de\/blog\/","title":{"rendered":"Blog"},"content":{"rendered":"<div data-elementor-type=\"wp-post\" data-elementor-id=\"14\" class=\"elementor elementor-14\" data-elementor-post-type=\"page\">\n\t\t\t\t        <section class=\"elementor-section elementor-top-section elementor-element elementor-element-88f8c7b elementor-section-stretched elementor-section-boxed elementor-section-height-default elementor-section-height-default\" data-id=\"88f8c7b\" data-element_type=\"section\" data-settings=\"{&quot;stretch_section&quot;:&quot;section-stretched&quot;,&quot;background_background&quot;:&quot;classic&quot;}\">\r\n\t\t            <div class=\"elementor-background-overlay\"><\/div>\r\n\t\t\r\n\t\t        <div class=\"elementor-container elementor-column-gap-default\" >\r\n\t\t        <div class=\"elementor-column elementor-col-100 elementor-top-column elementor-element elementor-element-8a40248\" data-id=\"8a40248\" data-element_type=\"column\">\r\n            <div class=\"elementor-widget-wrap elementor-element-populated\">\r\n                \t\t<div class=\"elementor-element elementor-element-8f64f10 elementor-widget elementor-widget-cms_heading\" data-id=\"8f64f10\" data-element_type=\"widget\" data-widget_type=\"cms_heading.default\">\n\t\t\t\t<div class=\"elementor-widget-container\">\n\t\t\t<div class=\"cms-heading-wrapper cms-heading-layout1\">\r\n    \r\n            <h2 class=\"custom-heading\">\r\n            <span >Blog<\/span>\r\n        <\/h2>\r\n        \r\n    <\/div>\t\t<\/div>\n\t\t\t\t<\/div>\n\t\t            <\/div>\r\n        <\/div>\r\n        \t\t\t<\/div>\r\n\t\t<\/section>\r\n\t\t        <section class=\"elementor-section elementor-top-section elementor-element elementor-element-8cd3075 elementor-section-boxed elementor-section-height-default elementor-section-height-default\" data-id=\"8cd3075\" data-element_type=\"section\">\r\n\t\t\r\n\t\t        <div class=\"elementor-container elementor-column-gap-default\" >\r\n\t\t        <div class=\"elementor-column elementor-col-100 elementor-top-column elementor-element elementor-element-991cd29\" data-id=\"991cd29\" data-element_type=\"column\">\r\n            <div class=\"elementor-widget-wrap elementor-element-populated\">\r\n                \t\t<div class=\"elementor-element elementor-element-a5c18ad elementor-widget elementor-widget-cms_post_grid\" data-id=\"a5c18ad\" data-element_type=\"widget\" data-widget_type=\"cms_post_grid.default\">\n\t\t\t\t<div class=\"elementor-widget-container\">\n\t\t\t\r\n<div id=\"cms_post_grid-a5c18ad\" class=\"cms-grid cms-post-grid-layout1\" data-layout=\"masonry\" data-start-page=\"1\" data-max-pages=\"45\" data-total=\"266\" data-perpage=\"6\" data-next-link=\"https:\/\/estecenter.com\/wp-json\/wp\/v2\/pages\/14\/page\/2\/\">\r\n    <div class=\"cms-grid-overlay\"><\/div>\r\n    \r\n    <div class=\"cms-grid-inner cms-grid-masonry row animation-time\" data-gutter=\"15\">\r\n                    <div class=\"grid-sizer col-xl-4 col-lg-4 col-md-6 col-sm-6 col-12\"><\/div>\r\n                                <div class=\"grid-item col-xl-4 col-lg-4 col-md-6 col-sm-6 col-12\">\r\n                    <div class=\"grid-item-inner\">\r\n                                                    <div class=\"entry-featured\">\r\n                                <div class=\"post-image\">\r\n                                    <a href=\"https:\/\/estecenter.com\/de\/what-is-ethnic-rhinoplasty-who-is-it-suitable-for\/\"><img decoding=\"async\" class=\"\" src=\"https:\/\/estecenter.com\/wp-content\/uploads\/2026\/04\/etnik-rinoplasti-370x270.jpg\" width=\"370\" height=\"270\" alt=\"etnik rinoplasti\" title=\"etnik rinoplasti\" \/><\/a>\r\n                                <\/div>\r\n                                                                    <div class=\"post-category\"><a href=\"https:\/\/estecenter.com\/de\/blog\/kategorie\/blog-2\/\" rel=\"tag\">Blog<\/a><\/div>\r\n                                                            <\/div>\r\n                                                <div class=\"entry-body\">\r\n                            <ul class=\"entry-meta\">\r\n                                                                                            <\/ul>\r\n                                                            <h3 class=\"entry-title\"><a href=\"https:\/\/estecenter.com\/de\/what-is-ethnic-rhinoplasty-who-is-it-suitable-for\/\">What Is Ethnic Rhinoplasty? Who Is It Suitable For?<\/a><\/h3>\r\n                                                                                        <div class=\"entry-content\">\r\n                                    Ethnic rhinoplasty is a specialized surgical approach that aims to perform nose aesthetics while preserving the facial features of individuals from different ethnic backgrounds. Unlike standard rhinoplasty procedures, this method&hellip;                                <\/div>\r\n                                                                                        <div class=\"entry-readmore\">\r\n                                    <a class=\"btn-more\" href=\"https:\/\/estecenter.com\/de\/what-is-ethnic-rhinoplasty-who-is-it-suitable-for\/\">\r\n                                        <span>Mehr lesen<\/span>\r\n                                        <i class=\"far fa-arrow-right\"><\/i>\r\n                                    <\/a>\r\n                                <\/div>\r\n                                                    <\/div>\r\n                    <\/div>\r\n                <\/div>\r\n                            <div class=\"grid-item col-xl-4 col-lg-4 col-md-6 col-sm-6 col-12\">\r\n                    <div class=\"grid-item-inner\">\r\n                                                <div class=\"entry-body\">\r\n                            <ul class=\"entry-meta\">\r\n                                                                                            <\/ul>\r\n                                                            <h3 class=\"entry-title\"><a href=\"https:\/\/estecenter.com\/de\/ursachen-von-haarausfall-bei-frauen\/\">Ursachen f\u00fcr Haarausfall bei Frauen<\/a><\/h3>\r\n                                                                                        <div class=\"entry-content\">\r\n                                    F\u00fcr Frauen spielt das Haar eine gro\u00dfe Rolle f\u00fcr Sch\u00f6nheit, Selbstbewusstsein und Selbstausdruck. Es ist v\u00f6llig verst\u00e4ndlich, sich Sorgen zu machen, wenn man viele Haare auf dem Kissen, in der Haarb\u00fcrste oder\u2026 entdeckt.                                <\/div>\r\n                                                                                        <div class=\"entry-readmore\">\r\n                                    <a class=\"btn-more\" href=\"https:\/\/estecenter.com\/de\/ursachen-von-haarausfall-bei-frauen\/\">\r\n                                        <span>Mehr lesen<\/span>\r\n                                        <i class=\"far fa-arrow-right\"><\/i>\r\n                                    <\/a>\r\n                                <\/div>\r\n                                                    <\/div>\r\n                    <\/div>\r\n                <\/div>\r\n                            <div class=\"grid-item col-xl-4 col-lg-4 col-md-6 col-sm-6 col-12\">\r\n                    <div class=\"grid-item-inner\">\r\n                                                <div class=\"entry-body\">\r\n                            <ul class=\"entry-meta\">\r\n                                                                                            <\/ul>\r\n                                                            <h3 class=\"entry-title\"><a href=\"https:\/\/estecenter.com\/de\/wozu-dient-sonnenschutz-welche-vorteile-hat-sonnenschutz-fur-die-haut\/\">Wozu dient Sonnenschutz? Vorteile von Sonnenschutz f\u00fcr die Haut<\/a><\/h3>\r\n                                                                                        <div class=\"entry-content\">\r\n                                    Angesichts der vielen Influencer, Prominenten und Dermatologen, die f\u00fcr Sonnenschutzmittel werben, haben Sie sich jemals gefragt, warum wir Sonnenschutzmittel wirklich brauchen? Die meisten Menschen glauben, dass Sonnenschutzmittel nur aufgetragen werden m\u00fcssen, wenn man\u2026                                <\/div>\r\n                                                                                        <div class=\"entry-readmore\">\r\n                                    <a class=\"btn-more\" href=\"https:\/\/estecenter.com\/de\/wozu-dient-sonnenschutz-welche-vorteile-hat-sonnenschutz-fur-die-haut\/\">\r\n                                        <span>Mehr lesen<\/span>\r\n                                        <i class=\"far fa-arrow-right\"><\/i>\r\n                                    <\/a>\r\n                                <\/div>\r\n                                                    <\/div>\r\n                    <\/div>\r\n                <\/div>\r\n                            <div class=\"grid-item col-xl-4 col-lg-4 col-md-6 col-sm-6 col-12\">\r\n                    <div class=\"grid-item-inner\">\r\n                                                <div class=\"entry-body\">\r\n                            <ul class=\"entry-meta\">\r\n                                                                                            <\/ul>\r\n                                                            <h3 class=\"entry-title\"><a href=\"https:\/\/estecenter.com\/de\/the-essential-skin-care-routine-for-men\/\">Die essentielle Hautpflege-Routine f\u00fcr M\u00e4nner<\/a><\/h3>\r\n                                                                                        <div class=\"entry-content\">\r\n                                    Anders als man bisher dachte, ist Hautpflege nicht nur Frauensache! M\u00e4nner achten heute sehr auf ihre Hautgesundheit und geben sich nicht mehr mit irgendeinem Reinigungsprodukt zufrieden. Sie sind\u2026                                <\/div>\r\n                                                                                        <div class=\"entry-readmore\">\r\n                                    <a class=\"btn-more\" href=\"https:\/\/estecenter.com\/de\/the-essential-skin-care-routine-for-men\/\">\r\n                                        <span>Mehr lesen<\/span>\r\n                                        <i class=\"far fa-arrow-right\"><\/i>\r\n                                    <\/a>\r\n                                <\/div>\r\n                                                    <\/div>\r\n                    <\/div>\r\n                <\/div>\r\n                            <div class=\"grid-item col-xl-4 col-lg-4 col-md-6 col-sm-6 col-12\">\r\n                    <div class=\"grid-item-inner\">\r\n                                                <div class=\"entry-body\">\r\n                            <ul class=\"entry-meta\">\r\n                                                                                            <\/ul>\r\n                                                            <h3 class=\"entry-title\"><a href=\"https:\/\/estecenter.com\/de\/a-basic-guide-for-mens-hair-care\/\">Ein grundlegender Leitfaden zur Haarpflege f\u00fcr M\u00e4nner<\/a><\/h3>\r\n                                                                                        <div class=\"entry-content\">\r\n                                    Meine Herren, wir wissen, dass Sie Ihr Haar genauso lieben wie Frauen ihres, aber befolgen Sie wirklich eine einfache Haarpflegeroutine f\u00fcr M\u00e4nner, um es optimal zu pflegen? So wie Sie\u2026                                <\/div>\r\n                                                                                        <div class=\"entry-readmore\">\r\n                                    <a class=\"btn-more\" href=\"https:\/\/estecenter.com\/de\/a-basic-guide-for-mens-hair-care\/\">\r\n                                        <span>Mehr lesen<\/span>\r\n                                        <i class=\"far fa-arrow-right\"><\/i>\r\n                                    <\/a>\r\n                                <\/div>\r\n                                                    <\/div>\r\n                    <\/div>\r\n                <\/div>\r\n                            <div class=\"grid-item col-xl-4 col-lg-4 col-md-6 col-sm-6 col-12\">\r\n                    <div class=\"grid-item-inner\">\r\n                                                <div class=\"entry-body\">\r\n                            <ul class=\"entry-meta\">\r\n                                                                                            <\/ul>\r\n                                                            <h3 class=\"entry-title\"><a href=\"https:\/\/estecenter.com\/de\/what-to-do-before-laser-hair-removal\/\">Was ist vor der Laserhaarentfernung zu beachten?<\/a><\/h3>\r\n                                                                                        <div class=\"entry-content\">\r\n                                    Die Laserhaarentfernung ist eine hervorragende M\u00f6glichkeit, unerw\u00fcnschte Haare loszuwerden, da sie dauerhafte Ergebnisse liefert. Sie ist im Allgemeinen sicher, sehr effektiv und erfreut sich zunehmender Beliebtheit\u2026                                <\/div>\r\n                                                                                        <div class=\"entry-readmore\">\r\n                                    <a class=\"btn-more\" href=\"https:\/\/estecenter.com\/de\/what-to-do-before-laser-hair-removal\/\">\r\n                                        <span>Mehr lesen<\/span>\r\n                                        <i class=\"far fa-arrow-right\"><\/i>\r\n                                    <\/a>\r\n                                <\/div>\r\n                                                    <\/div>\r\n                    <\/div>\r\n                <\/div>\r\n                <\/div>\r\n            <div class=\"cms-grid-pagination\" data-loadmore=\"{&quot;startPage&quot;:1,&quot;maxPages&quot;:45,&quot;total&quot;:266,&quot;perpage&quot;:6,&quot;nextLink&quot;:&quot;https:\\\/\\\/estecenter.com\\\/wp-json\\\/wp\\\/v2\\\/pages\\\/14\\\/page\\\/2\\\/&quot;,&quot;source&quot;:&quot;&quot;,&quot;orderby&quot;:&quot;date&quot;,&quot;order&quot;:&quot;desc&quot;,&quot;limit&quot;:6,&quot;post_ids&quot;:&quot;&quot;,&quot;col_xl&quot;:4,&quot;col_lg&quot;:4,&quot;col_md&quot;:6,&quot;col_sm&quot;:6,&quot;col_xs&quot;:12,&quot;thumbnail_size&quot;:&quot;custom&quot;,&quot;thumbnail_custom_dimension&quot;:{&quot;width&quot;:&quot;370&quot;,&quot;height&quot;:&quot;270&quot;},&quot;title_tag&quot;:&quot;h3&quot;,&quot;pagination_type&quot;:&quot;pagination&quot;,&quot;show_thumbnail&quot;:&quot;true&quot;,&quot;show_meta&quot;:&quot;true&quot;,&quot;show_author&quot;:&quot;pagination&quot;,&quot;show_post_date&quot;:&quot;pagination&quot;,&quot;show_categories&quot;:&quot;true&quot;,&quot;show_title&quot;:&quot;true&quot;,&quot;show_excerpt&quot;:&quot;true&quot;,&quot;num_words&quot;:30,&quot;show_button&quot;:&quot;true&quot;,&quot;hover_animation&quot;:&quot;pagination&quot;,&quot;button_text&quot;:&quot;Read More&quot;,&quot;template_type&quot;:&quot;post_grid_layout1&quot;,&quot;tax&quot;:[]}\" data-query=\"{&quot;post_type&quot;:&quot;post&quot;,&quot;post_status&quot;:&quot;publish&quot;,&quot;posts_per_page&quot;:6,&quot;order&quot;:&quot;desc&quot;,&quot;orderby&quot;:&quot;date&quot;,&quot;tax_query&quot;:{&quot;relation&quot;:&quot;OR&quot;},&quot;post__not_in&quot;:[14]}\">\r\n                <nav class=\"navigation posts-pagination ajax\">\r\n        <div class=\"posts-page-links\">\r\n            <span aria-current=\"page\" class=\"page-numbers current\">1<\/span>\n<a class=\"page-numbers\" href=\"#2\">2<\/a>\n<span class=\"page-numbers dots\">&hellip;<\/span>\n<a class=\"page-numbers\" href=\"#45\">45<\/a>\n<a class=\"next page-numbers\" href=\"#2\"><i class=\"fac fac-arrow-right\"><\/i><\/a>        <\/div>\r\n    <\/nav>\r\n            <\/div>\r\n        <\/div>\t\t<\/div>\n\t\t\t\t<\/div>\n\t\t            <\/div>\r\n        <\/div>\r\n        \t\t\t<\/div>\r\n\t\t<\/section>\r\n\t\t\t\t<\/div>","protected":false},"excerpt":{"rendered":"<p>Blog Causes of Hair Loss in Women Blog Causes of Hair Loss in Women For women, hair is a big part of their beauty, confidence and self-expression. It&#8217;s so natural to worry when you notice many strands&hellip; Read More What is Sunscreen Used for? Benefits of Sunscreen for the Skin Blog Causes of Hair Loss [&hellip;]<\/p>","protected":false},"author":1,"featured_media":0,"parent":0,"menu_order":0,"comment_status":"closed","ping_status":"closed","template":"","meta":{"footnotes":""},"categories":[],"tags":[],"_links":{"self":[{"href":"https:\/\/estecenter.com\/de\/wp-json\/wp\/v2\/pages\/14"}],"collection":[{"href":"https:\/\/estecenter.com\/de\/wp-json\/wp\/v2\/pages"}],"about":[{"href":"https:\/\/estecenter.com\/de\/wp-json\/wp\/v2\/types\/page"}],"author":[{"embeddable":true,"href":"https:\/\/estecenter.com\/de\/wp-json\/wp\/v2\/users\/1"}],"replies":[{"embeddable":true,"href":"https:\/\/estecenter.com\/de\/wp-json\/wp\/v2\/comments?post=14"}],"version-history":[{"count":13,"href":"https:\/\/estecenter.com\/de\/wp-json\/wp\/v2\/pages\/14\/revisions"}],"predecessor-version":[{"id":27402,"href":"https:\/\/estecenter.com\/de\/wp-json\/wp\/v2\/pages\/14\/revisions\/27402"}],"wp:attachment":[{"href":"https:\/\/estecenter.com\/de\/wp-json\/wp\/v2\/media?parent=14"}],"wp:term":[{"taxonomy":"category","embeddable":true,"href":"https:\/\/estecenter.com\/de\/wp-json\/wp\/v2\/categories?post=14"},{"taxonomy":"post_tag","embeddable":true,"href":"https:\/\/estecenter.com\/de\/wp-json\/wp\/v2\/tags?post=14"}],"curies":[{"name":"wp","href":"https:\/\/api.w.org\/{rel}","templated":true}]}}