{"id":23182,"date":"2024-07-26T17:38:22","date_gmt":"2024-07-26T14:38:22","guid":{"rendered":"https:\/\/estecenter.com\/?page_id=23182"},"modified":"2025-04-11T18:09:11","modified_gmt":"2025-04-11T15:09:11","slug":"%d8%a7%d9%84%d8%af%d9%83%d8%aa%d9%88%d8%b1-%d8%b3%d8%b1%d8%af%d8%a7%d8%b1-%d8%ac%d9%8a%d9%84%d8%a7%d9%86","status":"publish","type":"page","link":"https:\/\/estecenter.com\/ar\/%d8%a7%d9%84%d8%af%d9%83%d8%aa%d9%88%d8%b1-%d8%b3%d8%b1%d8%af%d8%a7%d8%b1-%d8%ac%d9%8a%d9%84%d8%a7%d9%86\/","title":{"rendered":"\u0627\u0644\u062f\u0643\u062a\u0648\u0631 \u0633\u0631\u062f\u0627\u0631 \u062c\u064a\u0644\u0627\u0646"},"content":{"rendered":"<div data-elementor-type=\"wp-page\" data-elementor-id=\"23182\" class=\"elementor elementor-23182\" data-elementor-post-type=\"page\">\n\t\t\t\t        <section class=\"elementor-section elementor-top-section elementor-element elementor-element-b84ce89 elementor-section-stretched elementor-section-boxed elementor-section-height-default elementor-section-height-default\" data-id=\"b84ce89\" data-element_type=\"section\" data-settings=\"{&quot;stretch_section&quot;:&quot;section-stretched&quot;,&quot;background_background&quot;:&quot;classic&quot;}\">\r\n\t\t            <div class=\"elementor-background-overlay\"><\/div>\r\n\t\t\r\n\t\t        <div class=\"elementor-container elementor-column-gap-default\" >\r\n\t\t        <div class=\"elementor-column elementor-col-100 elementor-top-column elementor-element elementor-element-dca622f\" data-id=\"dca622f\" data-element_type=\"column\">\r\n            <div class=\"elementor-widget-wrap elementor-element-populated\">\r\n                        <section class=\"elementor-section elementor-inner-section elementor-element elementor-element-5d619c7 elementor-section-boxed elementor-section-height-default elementor-section-height-default\" data-id=\"5d619c7\" data-element_type=\"section\">\r\n\t\t\r\n\t\t        <div class=\"elementor-container elementor-column-gap-default\" >\r\n\t\t        <div class=\"elementor-column elementor-col-100 elementor-inner-column elementor-element elementor-element-0c6c311\" data-id=\"0c6c311\" data-element_type=\"column\">\r\n            <div class=\"elementor-widget-wrap\">\r\n                            <\/div>\r\n        <\/div>\r\n        \t\t\t<\/div>\r\n\t\t<\/section>\r\n\t\t            <\/div>\r\n        <\/div>\r\n        \t\t\t<\/div>\r\n\t\t<\/section>\r\n\t\t        <section class=\"elementor-section elementor-top-section elementor-element elementor-element-3f8e1b5 elementor-section-boxed elementor-section-height-default elementor-section-height-default\" data-id=\"3f8e1b5\" data-element_type=\"section\">\r\n\t\t\r\n\t\t        <div class=\"elementor-container elementor-column-gap-extended\" >\r\n\t\t        <div class=\"elementor-column elementor-col-50 elementor-top-column elementor-element elementor-element-a2e9280\" data-id=\"a2e9280\" data-element_type=\"column\">\r\n            <div class=\"elementor-widget-wrap elementor-element-populated\">\r\n                \t\t<div class=\"elementor-element elementor-element-aa66056 elementor-position-top elementor-widget elementor-widget-image-box\" data-id=\"aa66056\" data-element_type=\"widget\" data-widget_type=\"image-box.default\">\n\t\t\t\t<div class=\"elementor-widget-container\">\n\t\t\t<style>\/*! elementor - v3.21.0 - 15-04-2024 *\/\n.elementor-widget-image-box .elementor-image-box-content{width:100%}@media (min-width:768px){.elementor-widget-image-box.elementor-position-left .elementor-image-box-wrapper,.elementor-widget-image-box.elementor-position-right .elementor-image-box-wrapper{display:flex}.elementor-widget-image-box.elementor-position-right .elementor-image-box-wrapper{text-align:end;flex-direction:row-reverse}.elementor-widget-image-box.elementor-position-left .elementor-image-box-wrapper{text-align:start;flex-direction:row}.elementor-widget-image-box.elementor-position-top .elementor-image-box-img{margin:auto}.elementor-widget-image-box.elementor-vertical-align-top .elementor-image-box-wrapper{align-items:flex-start}.elementor-widget-image-box.elementor-vertical-align-middle .elementor-image-box-wrapper{align-items:center}.elementor-widget-image-box.elementor-vertical-align-bottom .elementor-image-box-wrapper{align-items:flex-end}}@media (max-width:767px){.elementor-widget-image-box .elementor-image-box-img{margin-left:auto!important;margin-right:auto!important;margin-bottom:15px}}.elementor-widget-image-box .elementor-image-box-img{display:inline-block}.elementor-widget-image-box .elementor-image-box-title a{color:inherit}.elementor-widget-image-box .elementor-image-box-wrapper{text-align:center}.elementor-widget-image-box .elementor-image-box-description{margin:0}<\/style><div class=\"elementor-image-box-wrapper\"><figure class=\"elementor-image-box-img\"><img decoding=\"async\" width=\"700\" height=\"1050\" src=\"https:\/\/estecenter.com\/wp-content\/uploads\/2024\/08\/Adsiz-tasarim.webp\" class=\"attachment-full size-full wp-image-23277\" alt=\"KBB Uzman\u0131\" srcset=\"https:\/\/estecenter.com\/wp-content\/uploads\/2024\/08\/Adsiz-tasarim.webp 700w, https:\/\/estecenter.com\/wp-content\/uploads\/2024\/08\/Adsiz-tasarim-200x300.webp 200w, https:\/\/estecenter.com\/wp-content\/uploads\/2024\/08\/Adsiz-tasarim-683x1024.webp 683w\" sizes=\"(max-width: 700px) 100vw, 700px\" \/><\/figure><div class=\"elementor-image-box-content\"><h3 class=\"elementor-image-box-title\"><span class=\"ez-toc-section\" id=\"Dr_Ogr_Uyesi_Serdar_Ceylan\"><\/span>\u062f\u0643\u062a\u0648\u0631 \u0623\u0648\u0631. \u00fcyesi \u0633\u0631\u062f\u0627\u0631 \u062c\u064a\u0644\u0627\u0646<span class=\"ez-toc-section-end\"><\/span><\/h3><p class=\"elementor-image-box-description\">KBB Uzman\u0131<\/p><\/div><\/div>\t\t<\/div>\n\t\t\t\t<\/div>\n\t\t        <section class=\"elementor-section elementor-inner-section elementor-element elementor-element-048315f elementor-section-boxed elementor-section-height-default elementor-section-height-default\" data-id=\"048315f\" data-element_type=\"section\" data-settings=\"{&quot;background_background&quot;:&quot;classic&quot;}\">\r\n\t\t            <div class=\"elementor-background-overlay\"><\/div>\r\n\t\t\r\n\t\t        <div class=\"elementor-container elementor-column-gap-no\" >\r\n\t\t        <div class=\"elementor-column elementor-col-100 elementor-inner-column elementor-element elementor-element-a9aae3e\" data-id=\"a9aae3e\" data-element_type=\"column\">\r\n            <div class=\"elementor-widget-wrap\">\r\n                            <\/div>\r\n        <\/div>\r\n        \t\t\t<\/div>\r\n\t\t<\/section>\r\n\t\t            <\/div>\r\n        <\/div>\r\n                <div class=\"elementor-column elementor-col-50 elementor-top-column elementor-element elementor-element-2f81b44\" data-id=\"2f81b44\" data-element_type=\"column\">\r\n            <div class=\"elementor-widget-wrap elementor-element-populated\">\r\n                \t\t<div class=\"elementor-element elementor-element-160d473 elementor-widget elementor-widget-spacer\" data-id=\"160d473\" data-element_type=\"widget\" data-widget_type=\"spacer.default\">\n\t\t\t\t<div class=\"elementor-widget-container\">\n\t\t\t<style>\/*! elementor - v3.21.0 - 15-04-2024 *\/\n.elementor-column .elementor-spacer-inner{height:var(--spacer-size)}.e-con{--container-widget-width:100%}.e-con-inner>.elementor-widget-spacer,.e-con>.elementor-widget-spacer{width:var(--container-widget-width,var(--spacer-size));--align-self:var(--container-widget-align-self,initial);--flex-shrink:0}.e-con-inner>.elementor-widget-spacer>.elementor-widget-container,.e-con>.elementor-widget-spacer>.elementor-widget-container{height:100%;width:100%}.e-con-inner>.elementor-widget-spacer>.elementor-widget-container>.elementor-spacer,.e-con>.elementor-widget-spacer>.elementor-widget-container>.elementor-spacer{height:100%}.e-con-inner>.elementor-widget-spacer>.elementor-widget-container>.elementor-spacer>.elementor-spacer-inner,.e-con>.elementor-widget-spacer>.elementor-widget-container>.elementor-spacer>.elementor-spacer-inner{height:var(--container-widget-height,var(--spacer-size))}.e-con-inner>.elementor-widget-spacer.elementor-widget-empty,.e-con>.elementor-widget-spacer.elementor-widget-empty{position:relative;min-height:22px;min-width:22px}.e-con-inner>.elementor-widget-spacer.elementor-widget-empty .elementor-widget-empty-icon,.e-con>.elementor-widget-spacer.elementor-widget-empty .elementor-widget-empty-icon{position:absolute;top:0;bottom:0;left:0;right:0;margin:auto;padding:0;width:22px;height:22px}<\/style>\t\t<div class=\"elementor-spacer\">\n\t\t\t<div class=\"elementor-spacer-inner\"><\/div>\n\t\t<\/div>\n\t\t\t\t<\/div>\n\t\t\t\t<\/div>\n\t\t\t\t<div class=\"elementor-element elementor-element-6468884 elementor-widget elementor-widget-cms_heading\" data-id=\"6468884\" data-element_type=\"widget\" data-widget_type=\"cms_heading.default\">\n\t\t\t\t<div class=\"elementor-widget-container\">\n\t\t\t<div class=\"cms-heading-wrapper cms-heading-layout1\">\r\n    \r\n            <h4 class=\"custom-heading\"><span class=\"ez-toc-section\" id=\"Biyografi\"><\/span>\r\n            <span >\u0633\u064a\u0631\u0629 \u0630\u0627\u062a\u064a\u0629<\/span>\r\n        <span class=\"ez-toc-section-end\"><\/span><\/h4>\r\n        \r\n    <\/div>\t\t<\/div>\n\t\t\t\t<\/div>\n\t\t\t\t<div class=\"elementor-element elementor-element-27b1091 elementor-widget elementor-widget-text-editor\" data-id=\"27b1091\" data-element_type=\"widget\" data-widget_type=\"text-editor.default\">\n\t\t\t\t<div class=\"elementor-widget-container\">\n\t\t\t<style>\/*! elementor - v3.21.0 - 15-04-2024 *\/\n.elementor-widget-text-editor.elementor-drop-cap-view-stacked .elementor-drop-cap{background-color:#69727d;color:#fff}.elementor-widget-text-editor.elementor-drop-cap-view-framed .elementor-drop-cap{color:#69727d;border:3px solid;background-color:transparent}.elementor-widget-text-editor:not(.elementor-drop-cap-view-default) .elementor-drop-cap{margin-top:8px}.elementor-widget-text-editor:not(.elementor-drop-cap-view-default) .elementor-drop-cap-letter{width:1em;height:1em}.elementor-widget-text-editor .elementor-drop-cap{float:left;text-align:center;line-height:1;font-size:50px}.elementor-widget-text-editor .elementor-drop-cap-letter{display:inline-block}<\/style>\t\t\t\t<p>\u0625\u064a\u063a\u064a\u062a\u064a\u0645<\/p><p>1-Ege \u00dcniversitesi T\u0131p Fak\u00fcltesi 1983-1989<\/p><p>2-\u062c\u0627\u0645\u0639\u0629 \u0633\u0627\u063a\u0644\u064a\u0643 \u0628\u0627\u0643\u0627\u0646\u0644\u064a\u063a\u064a \u0625\u0632\u0645\u064a\u0631 \u062a\u064a\u0628\u062c\u064a\u0643 \u0625\u064a\u062c\u064a\u062a\u064a\u0645 \u0641\u064a \u0623\u0631\u0627\u0634\u064a\u062a\u064a\u0631\u0645\u0627 \u0647\u0627\u0633\u062a\u0627\u0646\u064a\u0633\u064a \u0643\u0648\u0644\u0627\u0643- \u0628\u0648\u0631\u0648\u0646 \u2013 \u0628\u0648\u063a\u0627\u0632 \u0648\u0628\u0627\u0634 \u0628\u0648\u064a\u0648\u0646 \u062c\u0631\u0627\u062d\u064a\u0633\u064a: \u0623\u0648\u0632\u0645\u0627\u0646\u0644\u064a\u0643 \u0625\u063a\u064a\u062a\u064a\u0645\u064a 1990-1994<\/p><p>3-Sa\u011fl\u0131k Bakanl\u0131\u011f\u0131 \u0130stanbul E\u011fitim ve Ara\u015ft\u0131rma Hastanesi Kulak \u2013Burun-Bo\u011faz ve Ba\u015f-Boyun Cerrahisi Klini\u011fi Uzman Doktor 1996-2018<\/p><p>4- \u062f\u0648\u0631\u0629 \u0627\u0644\u062a\u0639\u0644\u064a\u0645 \u0627\u0644\u0637\u0628\u064a \u0627\u0644\u0645\u0633\u062a\u0645\u0631 \u0641\u064a \u062c\u0631\u0627\u062d\u0629 \u0627\u0644\u062c\u064a\u0648\u0628 \u0627\u0644\u0623\u0646\u0641\u064a\u0629 \u0628\u0627\u0644\u0645\u0646\u0638\u0627\u0631: \u0645\u0633\u062a\u0634\u0641\u0649 \u0634\u0627\u064a\u062f\u064a\u0633\u0627\u064a\u062f\u060c \u0628\u064a\u062a\u0633\u0628\u0631\u063a\u060c \u0628\u0646\u0633\u0644\u0641\u0627\u0646\u064a\u0627\u060c 1996<\/p><p>5- \u0632\u0645\u0627\u0644\u0629 \u0632\u0627\u0626\u0631\u0629: \u0642\u0633\u0645 \u0637\u0628 \u0627\u0644\u0623\u0646\u0641 \u0648\u0627\u0644\u0623\u0630\u0646 \u0648\u0627\u0644\u062d\u0646\u062c\u0631\u0629 - \u062c\u0631\u0627\u062d\u0629 \u0627\u0644\u0631\u0623\u0633 \u0648\u0627\u0644\u0631\u0642\u0628\u0629<\/p><p>\u062c\u0627\u0645\u0639\u0629 \u0643\u064a\u0633 \u0648\u064a\u0633\u062a\u0631\u0646 \u0631\u064a\u0632\u064a\u0631\u0641\u060c 1991<\/p><p>\u062f\u0648\u0631\u0629 \u062a\u062c\u0645\u064a\u0644 \u0627\u0644\u0623\u0646\u0641 \u0631\u0642\u0645 6: \u0627\u0644\u0623\u0643\u0627\u062f\u064a\u0645\u064a\u0629 \u0627\u0644\u0623\u0645\u0631\u064a\u0643\u064a\u0629 \u0644\u062c\u0631\u0627\u062d\u0629 \u062a\u062c\u0645\u064a\u0644 \u0627\u0644\u0648\u062c\u0647 \u0648\u0627\u0644\u062a\u0631\u0645\u064a\u0645\u060c \u0634\u064a\u0643\u0627\u063a\u0648\u060c \u0625\u0644\u064a\u0646\u0648\u064a\u060c 2000<\/p><p>7- \u0632\u0645\u0627\u0644\u0629 \u0632\u0627\u0626\u0631\u0629: \u0642\u0633\u0645 \u0637\u0628 \u0627\u0644\u0623\u0646\u0641 \u0648\u0627\u0644\u0623\u0630\u0646 \u0648\u0627\u0644\u062d\u0646\u062c\u0631\u0629\u060c \u0643\u0644\u064a\u0629 \u0627\u0644\u0637\u0628 \u0628\u062c\u0627\u0645\u0639\u0629 \u0628\u064a\u062a\u0633\u0628\u0631\u063a\u060c 2003<\/p><p>8- \u0632\u0645\u0627\u0644\u0629 \u0632\u0627\u0626\u0631\u0629: \u0642\u0633\u0645 \u0637\u0628 \u0627\u0644\u0623\u0646\u0641 \u0648\u0627\u0644\u0623\u0630\u0646 \u0648\u0627\u0644\u062d\u0646\u062c\u0631\u0629\u060c \u0643\u0644\u064a\u0629 \u0627\u0644\u0637\u0628 \u0628\u062c\u0627\u0645\u0639\u0629 \u0628\u064a\u062a\u0633\u0628\u0631\u063a\u060c 2004<\/p><p>9- \u0646\u062f\u0648\u0629 \u0645\u0635\u063a\u0631\u0629 \u0641\u064a \u0637\u0628 \u0627\u0644\u0623\u0630\u0646 \u0648\u0627\u0644\u0623\u0646\u0641 \u0648\u0627\u0644\u062d\u0646\u062c\u0631\u0629: \u062a\u062d\u062f\u064a\u062b \u062d\u0648\u0644 \u0627\u0644\u0639\u0644\u0627\u062c \u0627\u0644\u0635\u0648\u062a\u064a \u0645\u062a\u0639\u062f\u062f \u0627\u0644\u062a\u062e\u0635\u0635\u0627\u062a\u060c 2003\u060c \u0643\u0644\u064a\u0629 \u0627\u0644\u0637\u0628 \u0628\u062c\u0627\u0645\u0639\u0629 \u0628\u064a\u062a\u0633\u0628\u0631\u063a\u060c \u062f\u0648\u0631\u0629 \u0633\u0628\u062a\u0645\u0628\u0631<\/p><p>10- \u062a\u0634\u0631\u064a\u062d \u0627\u0644\u0639\u0638\u0645 \u0627\u0644\u0635\u062f\u063a\u064a \u0648\u0627\u0644\u062a\u0634\u0631\u064a\u062d \u0627\u0644\u062c\u0631\u0627\u062d\u064a\u060c \u0642\u0633\u0645 \u0637\u0628 \u0627\u0644\u0623\u0646\u0641 \u0648\u0627\u0644\u0623\u0630\u0646 \u0648\u0627\u0644\u062d\u0646\u062c\u0631\u0629\u060c \u0643\u0644\u064a\u0629 \u0627\u0644\u0637\u0628 \u0628\u062c\u0627\u0645\u0639\u0629 \u0628\u064a\u062a\u0633\u0628\u0631\u063a\u060c \u062f\u0648\u0631\u0629 \u0633\u0628\u062a\u0645\u0628\u0631 2004<\/p><p>11-TC.Galatasaray \u00dcniversitesi \u015eili Meslek Y\u00fcksek Okulu Sa\u011fl\u0131k Programlar\u0131 Odyometri B\u00f6l\u00fcm\u00fc Dr.\u00d6\u011fretim \u00dcyesi (Y.DO\u00e7) 2018-Halen devam ediyor.<\/p><p>\u00a0<\/p><p>\u00c7al\u0131\u015ft\u0131\u011f\u0131 Kurumlar<\/p><p>1-\u062c\u0627\u0645\u0639\u0629 \u0635\u0627\u063a\u0644\u064a\u0643 \u0628\u0627\u0643\u0646\u0644\u064a\u063a\u064a \u062f. \u0633\u0648\u0627\u062a \u0633\u064a\u0631\u064a\u0646 \u063a\u0648\u063a\u0648\u0633 \u0647\u0627\u0633\u062a\u0627\u0644\u064a\u0643\u0644\u0627\u0631\u0643 \u0648\u062c\u0631\u0627\u062d\u0629 \u0647\u0627\u0633\u062a\u0627\u0646\u064a\u0633\u064a 1989-1990 (\u0623\u0633\u064a\u0633\u062a\u0627\u0646)<\/p><p>2- Sa\u011fl\u0131k Baknl\u0131\u011f\u0131 \u00dcniversitesi Tepecik E\u011fitim ve Ara\u015ft\u0131rma Hastanesi 1990-1994 (Uzmanl\u0131k)<\/p><p>3-\u0627\u0633\u0637\u0646\u0628\u0648\u0644 \u0643\u0648\u0632\u064a \u062f\u0646\u064a\u0632 Saha Komutanl\u0131\u011f\u0131 Deniz Hastanesi 1994-1996 (\u064a\u062f\u064a\u0643 \u0633\u0648\u0628\u0627\u064a)<\/p><p>4- \u062c\u0627\u0645\u0639\u0629 \u0633\u0627\u063a\u0644\u064a\u0643 \u0628\u0627\u0643\u0646\u0644\u064a\u062c\u064a \u00dcniversitesi \u0130stanbul E\u011fitim ve Ara\u015ft\u0131rma Hastanesi 1996-2018<\/p><p>5- \u062c\u0627\u0645\u0639\u0629 TC.Galatasaray \u00dcniversitesi \u015eili Meslek Y\u00fcksek Okulu Sa\u011fl\u0131k Programlar\u0131 Odyometri B\u00f6l\u00fcm\u00fc Dr.\u00d6\u011fretim \u00dcyesi (Y.DO\u00e7) 2018-Halen devam ediyor.<\/p><p>6-Mayacentrium Cerrahi T\u0131p Merkezi 2019-2022<\/p><p>7-\u0645\u064a\u062f\u064a\u0643\u0627\u0646\u0627 \u0627\u0646\u062a\u0631\u0646\u0627\u0634\u064a\u0648\u0646\u0627\u0644 \u0627\u0633\u0637\u0646\u0628\u0648\u0644 \u0647\u0627\u0633\u062a\u0627\u0646\u064a\u0633\u064a 2022-2023<\/p>\t\t\t\t\t\t<\/div>\n\t\t\t\t<\/div>\n\t\t            <\/div>\r\n        <\/div>\r\n        \t\t\t<\/div>\r\n\t\t<\/section>\r\n\t\t\t\t<\/div>","protected":false},"excerpt":{"rendered":"<p>Dr. \u00d6\u011fr. \u00dcyesi Serdar Ceylan KBB Uzman\u0131 \u00dclke time_zone utm_source Offline Conversion ref utm_campaign \u0130leti\u015fime Ge\u00e7 Biyografi E\u011fitim 1-Ege \u00dcniversitesi T\u0131p Fak\u00fcltesi 1983-1989 2-Sa\u011fl\u0131k Bakanl\u0131\u011f\u0131 \u00dcniversitesi \u0130zmir Tepecik E\u011fitim ve Ara\u015ft\u0131rma hastanesi Kulak- Burun &#8211; Bo\u011faz ve Ba\u015f-Boyun Cerrahisi :Uzmanl\u0131k\u00a0 E\u011fitimi 1990-1994 3-Sa\u011fl\u0131k Bakanl\u0131\u011f\u0131 \u0130stanbul E\u011fitim ve Ara\u015ft\u0131rma Hastanesi Kulak \u2013Burun-Bo\u011faz ve Ba\u015f-Boyun Cerrahisi klini\u011fi [&hellip;]<\/p>","protected":false},"author":1,"featured_media":0,"parent":0,"menu_order":0,"comment_status":"closed","ping_status":"closed","template":"","meta":{"footnotes":""},"categories":[],"tags":[],"_links":{"self":[{"href":"https:\/\/estecenter.com\/ar\/wp-json\/wp\/v2\/pages\/23182"}],"collection":[{"href":"https:\/\/estecenter.com\/ar\/wp-json\/wp\/v2\/pages"}],"about":[{"href":"https:\/\/estecenter.com\/ar\/wp-json\/wp\/v2\/types\/page"}],"author":[{"embeddable":true,"href":"https:\/\/estecenter.com\/ar\/wp-json\/wp\/v2\/users\/1"}],"replies":[{"embeddable":true,"href":"https:\/\/estecenter.com\/ar\/wp-json\/wp\/v2\/comments?post=23182"}],"version-history":[{"count":18,"href":"https:\/\/estecenter.com\/ar\/wp-json\/wp\/v2\/pages\/23182\/revisions"}],"predecessor-version":[{"id":26572,"href":"https:\/\/estecenter.com\/ar\/wp-json\/wp\/v2\/pages\/23182\/revisions\/26572"}],"wp:attachment":[{"href":"https:\/\/estecenter.com\/ar\/wp-json\/wp\/v2\/media?parent=23182"}],"wp:term":[{"taxonomy":"category","embeddable":true,"href":"https:\/\/estecenter.com\/ar\/wp-json\/wp\/v2\/categories?post=23182"},{"taxonomy":"post_tag","embeddable":true,"href":"https:\/\/estecenter.com\/ar\/wp-json\/wp\/v2\/tags?post=23182"}],"curies":[{"name":"wp","href":"https:\/\/api.w.org\/{rel}","templated":true}]}}