{"id":17463,"date":"2024-04-22T11:06:08","date_gmt":"2024-04-22T08:06:08","guid":{"rendered":"https:\/\/estecenter.com\/refakatci-politikasi\/"},"modified":"2024-04-26T14:37:11","modified_gmt":"2024-04-26T11:37:11","slug":"refakatci-politikasi","status":"publish","type":"page","link":"https:\/\/estecenter.com\/ar\/refakatci-politikasi\/","title":{"rendered":"\u0633\u064a\u0627\u0633\u0629 \u0627\u0644\u0631\u0641\u0627\u062a"},"content":{"rendered":"<div data-elementor-type=\"wp-page\" data-elementor-id=\"17463\" class=\"elementor elementor-17463\" data-elementor-post-type=\"page\">\n\t\t\t\t        <section class=\"elementor-section elementor-top-section elementor-element elementor-element-3ee4e01 elementor-section-stretched elementor-section-boxed elementor-section-height-default elementor-section-height-default\" data-id=\"3ee4e01\" data-element_type=\"section\" data-settings=\"{&quot;stretch_section&quot;:&quot;section-stretched&quot;,&quot;background_background&quot;:&quot;classic&quot;}\">\r\n\t\t            <div class=\"elementor-background-overlay\"><\/div>\r\n\t\t\r\n\t\t        <div class=\"elementor-container elementor-column-gap-default\" >\r\n\t\t        <div class=\"elementor-column elementor-col-100 elementor-top-column elementor-element elementor-element-8d15320\" data-id=\"8d15320\" data-element_type=\"column\">\r\n            <div class=\"elementor-widget-wrap elementor-element-populated\">\r\n                \t\t<div class=\"elementor-element elementor-element-8d23ec7 elementor-widget elementor-widget-cms_heading\" data-id=\"8d23ec7\" data-element_type=\"widget\" data-widget_type=\"cms_heading.default\">\n\t\t\t\t<div class=\"elementor-widget-container\">\n\t\t\t<div class=\"cms-heading-wrapper cms-heading-layout1\">\r\n    \r\n            <h2 class=\"custom-heading\">\r\n            <span >\u0633\u064a\u0627\u0633\u0629 \u0627\u0644\u0631\u0641\u0627\u062a<\/span>\r\n        <\/h2>\r\n        \r\n    <\/div>\t\t<\/div>\n\t\t\t\t<\/div>\n\t\t            <\/div>\r\n        <\/div>\r\n        \t\t\t<\/div>\r\n\t\t<\/section>\r\n\t\t        <section class=\"elementor-section elementor-top-section elementor-element elementor-element-876277c elementor-section-stretched elementor-section-boxed elementor-section-height-default elementor-section-height-default\" data-id=\"876277c\" data-element_type=\"section\" data-settings=\"{&quot;stretch_section&quot;:&quot;section-stretched&quot;}\">\r\n\t\t\r\n\t\t        <div class=\"elementor-container elementor-column-gap-default\" >\r\n\t\t        <div class=\"elementor-column elementor-col-50 elementor-top-column elementor-element elementor-element-02af45a\" data-id=\"02af45a\" data-element_type=\"column\">\r\n            <div class=\"elementor-widget-wrap elementor-element-populated\">\r\n                        <section class=\"elementor-section elementor-inner-section elementor-element elementor-element-820ee9b elementor-section-full_width elementor-section-height-default elementor-section-height-default\" data-id=\"820ee9b\" data-element_type=\"section\" data-settings=\"{&quot;sticky&quot;:&quot;top&quot;,&quot;sticky_on&quot;:[&quot;desktop&quot;,&quot;tablet&quot;],&quot;sticky_parent&quot;:&quot;yes&quot;,&quot;sticky_offset&quot;:99,&quot;sticky_effects_offset&quot;:0}\">\r\n\t\t\r\n\t\t        <div class=\"elementor-container elementor-column-gap-no\" >\r\n\t\t        <div class=\"elementor-column elementor-col-100 elementor-inner-column elementor-element elementor-element-6b63ea7\" data-id=\"6b63ea7\" data-element_type=\"column\">\r\n            <div class=\"elementor-widget-wrap elementor-element-populated\">\r\n                \t\t<div class=\"elementor-element elementor-element-8f24657 elementor-widget elementor-widget-heading\" data-id=\"8f24657\" data-element_type=\"widget\" data-widget_type=\"heading.default\">\n\t\t\t\t<div class=\"elementor-widget-container\">\n\t\t\t<style>\/*! elementor - v3.21.0 - 15-04-2024 *\/\n.elementor-heading-title{padding:0;margin:0;line-height:1}.elementor-widget-heading .elementor-heading-title[class*=elementor-size-]>a{color:inherit;font-size:inherit;line-height:inherit}.elementor-widget-heading .elementor-heading-title.elementor-size-small{font-size:15px}.elementor-widget-heading .elementor-heading-title.elementor-size-medium{font-size:19px}.elementor-widget-heading .elementor-heading-title.elementor-size-large{font-size:29px}.elementor-widget-heading .elementor-heading-title.elementor-size-xl{font-size:39px}.elementor-widget-heading .elementor-heading-title.elementor-size-xxl{font-size:59px}<\/style><p class=\"elementor-heading-title elementor-size-default\">Estecenter Refakat\u00e7i Politikas\u0131<\/p>\t\t<\/div>\n\t\t\t\t<\/div>\n\t\t            <\/div>\r\n        <\/div>\r\n        \t\t\t<\/div>\r\n\t\t<\/section>\r\n\t\t\t\t<div class=\"elementor-element elementor-element-1c3d503 elementor-icon-list--layout-traditional elementor-list-item-link-full_width elementor-widget elementor-widget-icon-list\" data-id=\"1c3d503\" data-element_type=\"widget\" data-widget_type=\"icon-list.default\">\n\t\t\t\t<div class=\"elementor-widget-container\">\n\t\t\t<link rel=\"stylesheet\" href=\"https:\/\/estecenter.com\/wp-content\/plugins\/elementor\/assets\/css\/widget-icon-list.min.css\">\t\t<ul class=\"elementor-icon-list-items\">\n\t\t\t\t\t\t\t<li class=\"elementor-icon-list-item\">\n\t\t\t\t\t\t\t\t\t\t\t<a href=\"https:\/\/estecenter.com\/tr\/internet-cerez-politikasi\/\">\n\n\t\t\t\t\t\t\t\t\t\t\t\t<span class=\"elementor-icon-list-icon\">\n\t\t\t\t\t\t\t<svg aria-hidden=\"true\" class=\"e-font-icon-svg e-fas-circle\" viewbox=\"0 0 512 512\" xmlns=\"http:\/\/www.w3.org\/2000\/svg\"><path d=\"M256 8C119 8 8 119 8 256s111 248 248 248 248-111 248-248S393 8 256 8z\"><\/path><\/svg>\t\t\t\t\t\t<\/span>\n\t\t\t\t\t\t\t\t\t\t<span class=\"elementor-icon-list-text\">\u0633\u064a\u0627\u0633\u0629 \u0645\u0644\u0641\u0627\u062a \u0627\u0644\u0625\u0646\u062a\u0631\u0646\u062a<\/span>\n\t\t\t\t\t\t\t\t\t\t\t<\/a>\n\t\t\t\t\t\t\t\t\t<\/li>\n\t\t\t\t\t\t\t\t<li class=\"elementor-icon-list-item\">\n\t\t\t\t\t\t\t\t\t\t\t<a href=\"https:\/\/estecenter.com\/tr\/ziyaretci-politikasi\/\">\n\n\t\t\t\t\t\t\t\t\t\t\t\t<span class=\"elementor-icon-list-icon\">\n\t\t\t\t\t\t\t<svg aria-hidden=\"true\" class=\"e-font-icon-svg e-fas-circle\" viewbox=\"0 0 512 512\" xmlns=\"http:\/\/www.w3.org\/2000\/svg\"><path d=\"M256 8C119 8 8 119 8 256s111 248 248 248 248-111 248-248S393 8 256 8z\"><\/path><\/svg>\t\t\t\t\t\t<\/span>\n\t\t\t\t\t\t\t\t\t\t<span class=\"elementor-icon-list-text\">\u0633\u064a\u0627\u0633\u0629 \u0627\u0644\u0632\u064a\u0627\u0631\u0629<\/span>\n\t\t\t\t\t\t\t\t\t\t\t<\/a>\n\t\t\t\t\t\t\t\t\t<\/li>\n\t\t\t\t\t\t\t\t<li class=\"elementor-icon-list-item\">\n\t\t\t\t\t\t\t\t\t\t\t<a href=\"https:\/\/estecenter.com\/tr\/refakatci-politikasi\/\">\n\n\t\t\t\t\t\t\t\t\t\t\t\t<span class=\"elementor-icon-list-icon\">\n\t\t\t\t\t\t\t<svg aria-hidden=\"true\" class=\"e-font-icon-svg e-fas-circle\" viewbox=\"0 0 512 512\" xmlns=\"http:\/\/www.w3.org\/2000\/svg\"><path d=\"M256 8C119 8 8 119 8 256s111 248 248 248 248-111 248-248S393 8 256 8z\"><\/path><\/svg>\t\t\t\t\t\t<\/span>\n\t\t\t\t\t\t\t\t\t\t<span class=\"elementor-icon-list-text\">\u0633\u064a\u0627\u0633\u0629 \u0627\u0644\u0631\u0641\u0627\u062a<\/span>\n\t\t\t\t\t\t\t\t\t\t\t<\/a>\n\t\t\t\t\t\t\t\t\t<\/li>\n\t\t\t\t\t\t\t\t<li class=\"elementor-icon-list-item\">\n\t\t\t\t\t\t\t\t\t\t\t<a href=\"https:\/\/estecenter.com\/tr\/guvenlik-bilgisi-ve-politikasi\/\">\n\n\t\t\t\t\t\t\t\t\t\t\t\t<span class=\"elementor-icon-list-icon\">\n\t\t\t\t\t\t\t<svg aria-hidden=\"true\" class=\"e-font-icon-svg e-fas-circle\" viewbox=\"0 0 512 512\" xmlns=\"http:\/\/www.w3.org\/2000\/svg\"><path d=\"M256 8C119 8 8 119 8 256s111 248 248 248 248-111 248-248S393 8 256 8z\"><\/path><\/svg>\t\t\t\t\t\t<\/span>\n\t\t\t\t\t\t\t\t\t\t<span class=\"elementor-icon-list-text\">G\u00fcvenlik Bilgisi ve Politikas\u0131<\/span>\n\t\t\t\t\t\t\t\t\t\t\t<\/a>\n\t\t\t\t\t\t\t\t\t<\/li>\n\t\t\t\t\t\t\t\t<li class=\"elementor-icon-list-item\">\n\t\t\t\t\t\t\t\t\t\t\t<a href=\"https:\/\/estecenter.com\/tr\/sikayet-politikasi\/\">\n\n\t\t\t\t\t\t\t\t\t\t\t\t<span class=\"elementor-icon-list-icon\">\n\t\t\t\t\t\t\t<svg aria-hidden=\"true\" class=\"e-font-icon-svg e-fas-circle\" viewbox=\"0 0 512 512\" xmlns=\"http:\/\/www.w3.org\/2000\/svg\"><path d=\"M256 8C119 8 8 119 8 256s111 248 248 248 248-111 248-248S393 8 256 8z\"><\/path><\/svg>\t\t\t\t\t\t<\/span>\n\t\t\t\t\t\t\t\t\t\t<span class=\"elementor-icon-list-text\">\u0633\u064a\u0627\u0633\u0629 \u0627\u0644\u062e\u0635\u0648\u0635\u064a\u0629<\/span>\n\t\t\t\t\t\t\t\t\t\t\t<\/a>\n\t\t\t\t\t\t\t\t\t<\/li>\n\t\t\t\t\t\t\t\t<li class=\"elementor-icon-list-item\">\n\t\t\t\t\t\t\t\t\t\t\t<a href=\"https:\/\/estecenter.com\/tr\/hasta-haklari-birimi\/\">\n\n\t\t\t\t\t\t\t\t\t\t\t\t<span class=\"elementor-icon-list-icon\">\n\t\t\t\t\t\t\t<svg aria-hidden=\"true\" class=\"e-font-icon-svg e-fas-circle\" viewbox=\"0 0 512 512\" xmlns=\"http:\/\/www.w3.org\/2000\/svg\"><path d=\"M256 8C119 8 8 119 8 256s111 248 248 248 248-111 248-248S393 8 256 8z\"><\/path><\/svg>\t\t\t\t\t\t<\/span>\n\t\t\t\t\t\t\t\t\t\t<span class=\"elementor-icon-list-text\">Hasta Haklar\u0131 Birimi<\/span>\n\t\t\t\t\t\t\t\t\t\t\t<\/a>\n\t\t\t\t\t\t\t\t\t<\/li>\n\t\t\t\t\t\t\t\t<li class=\"elementor-icon-list-item\">\n\t\t\t\t\t\t\t\t\t\t\t<a href=\"https:\/\/estecenter.com\/tr\/memnuniyet-saglama-sureci\/\">\n\n\t\t\t\t\t\t\t\t\t\t\t\t<span class=\"elementor-icon-list-icon\">\n\t\t\t\t\t\t\t<svg aria-hidden=\"true\" class=\"e-font-icon-svg e-fas-circle\" viewbox=\"0 0 512 512\" xmlns=\"http:\/\/www.w3.org\/2000\/svg\"><path d=\"M256 8C119 8 8 119 8 256s111 248 248 248 248-111 248-248S393 8 256 8z\"><\/path><\/svg>\t\t\t\t\t\t<\/span>\n\t\t\t\t\t\t\t\t\t\t<span class=\"elementor-icon-list-text\">Memnuniyet Sa\u011flama S\u00fcreci<\/span>\n\t\t\t\t\t\t\t\t\t\t\t<\/a>\n\t\t\t\t\t\t\t\t\t<\/li>\n\t\t\t\t\t\t<\/ul>\n\t\t\t\t<\/div>\n\t\t\t\t<\/div>\n\t\t            <\/div>\r\n        <\/div>\r\n                <div class=\"elementor-column elementor-col-50 elementor-top-column elementor-element elementor-element-067c8d0\" data-id=\"067c8d0\" data-element_type=\"column\" data-settings=\"{&quot;background_background&quot;:&quot;classic&quot;}\">\r\n            <div class=\"elementor-widget-wrap elementor-element-populated\">\r\n                        <section class=\"elementor-section elementor-inner-section elementor-element elementor-element-bd6580a elementor-section-boxed elementor-section-height-default elementor-section-height-default\" data-id=\"bd6580a\" data-element_type=\"section\" id=\"about-us\">\r\n\t\t\r\n\t\t        <div class=\"elementor-container elementor-column-gap-no\" >\r\n\t\t        <div class=\"elementor-column elementor-col-100 elementor-inner-column elementor-element elementor-element-27d6c66\" data-id=\"27d6c66\" data-element_type=\"column\">\r\n            <div class=\"elementor-widget-wrap elementor-element-populated\">\r\n                \t\t<div class=\"elementor-element elementor-element-ce54632 elementor-widget elementor-widget-heading\" data-id=\"ce54632\" data-element_type=\"widget\" data-widget_type=\"heading.default\">\n\t\t\t\t<div class=\"elementor-widget-container\">\n\t\t\t<p class=\"elementor-heading-title elementor-size-default\">\u0633\u064a\u0627\u0633\u0629 \u0627\u0644\u0631\u0641\u0627\u062a<\/p>\t\t<\/div>\n\t\t\t\t<\/div>\n\t\t\t\t<div class=\"elementor-element elementor-element-33a0415 elementor-widget elementor-widget-text-editor\" data-id=\"33a0415\" data-element_type=\"widget\" data-widget_type=\"text-editor.default\">\n\t\t\t\t<div class=\"elementor-widget-container\">\n\t\t\t<style>\/*! elementor - v3.21.0 - 15-04-2024 *\/\n.elementor-widget-text-editor.elementor-drop-cap-view-stacked .elementor-drop-cap{background-color:#69727d;color:#fff}.elementor-widget-text-editor.elementor-drop-cap-view-framed .elementor-drop-cap{color:#69727d;border:3px solid;background-color:transparent}.elementor-widget-text-editor:not(.elementor-drop-cap-view-default) .elementor-drop-cap{margin-top:8px}.elementor-widget-text-editor:not(.elementor-drop-cap-view-default) .elementor-drop-cap-letter{width:1em;height:1em}.elementor-widget-text-editor .elementor-drop-cap{float:left;text-align:center;line-height:1;font-size:50px}.elementor-widget-text-editor .elementor-drop-cap-letter{display:inline-block}<\/style>\t\t\t\t<p>Tedavi s\u00fcrecinde hastalar\u0131n refacat\u00e7i bulundurma hakk\u0131\u060c tedaviden sorumlu doktorun onay\u0131 ve hastanenin beliirledi\u011fi kurallar do\u011frultusunda ger\u00e7ekle\u015ftirilmelidir. Bu hakk\u0131n kullan\u0131m\u0131nda hastalar\u0131m\u0131za destek olman\u0131z ve hastanemizin refacat\u00e7i politikas\u0131na uygun davranman\u0131z \u00f6nemlidir.<\/p>\n<p>Refakat\u00e7i say\u0131s\u0131 bir ki\u015fi ile s\u0131n\u0131rl\u0131d\u0131r ve vizit ve t\u0131bbi bak\u0131m s\u0131ras\u0131nda hastan\u0131n yan\u0131nda bulunmamal\u0131d\u0131r. Hekim veya hem\u015fire direktifleri d\u0131\u015f\u0131nda hastaya m\u00fcdahalede bulunulmamal\u0131\u060c ancak hastan\u0131n bak\u0131m\u0131na izin verilen \u00f6l\u00e7\u00fcde yard\u0131mc\u0131 olunmal\u0131d\u0131r.<\/p>\n<p>Hastan\u0131n tedavi s\u00fcrecini aksatmamak ad\u0131na refakat\u00e7inin hastaneyi terk etmemesi ve yata\u011f\u0131n\u0131 de\u011fi\u015ftirmemesi \u00f6nemlidir. \u0642\u0645 \u0628\u0625\u0639\u0627\u062f\u0629 \u0627\u0644\u062c\u0644\u0633\u0629 \u0645\u0631\u0629 \u0623\u062e\u0631\u0649, \u0642\u0645 \u0628\u062a\u0633\u0631\u064a\u0639 \u0639\u0645\u0644\u064a\u0629 \u0627\u0644\u062d\u0641\u0638 \u0648\u0627\u0644\u062a\u0639\u062c\u064a\u0644 \u0628\u0627\u0644\u0628\u062f\u0621 \u0641\u064a \u0627\u0644\u0639\u0645\u0644 \u0648\u062a\u0634\u062c\u064a\u0639 \u062c\u0645\u064a\u0639 \u0627\u0644\u0637\u0644\u0627\u0628.<\/p>\n<p>Hastane d\u0131\u015f\u0131ndan yiyecek ve i\u00e7ecek getirilmemeli, \u00f6zellikle diyetisyen kontrol\u00fc olmayan yiyecekler hastaya verilmemelidir. Refakat\u00e7i olarak hastane kurallar\u0131na uymak \u00f6nemlidir ve kurallara uyulmamas\u0131 durumunda refakat\u00e7i hakk\u0131 iptal edilebilir.<\/p>\n<p>\u0642\u0645 \u0628\u0625\u0639\u0627\u062f\u0629 \u062a\u0623\u0643\u064a\u062f \u0642\u0637\u0639 \u0627\u0644\u063a\u064a\u0627\u0631 \u0645\u0646 \u062e\u0644\u0627\u0644 \u0642\u0637\u0639 \u0627\u0644\u063a\u064a\u0627\u0631 \u0648\u062a\u0633\u0631\u064a\u0639 \u0639\u0645\u0644\u064a\u0629 \u0642\u0637\u0639 \u0627\u0644\u063a\u064a\u0627\u0631 \u0627\u0644\u062a\u064a \u062a\u062d\u062a\u0627\u062c\u0647\u0627 \u0645\u0646 \u062e\u0644\u0627\u0644 \u062e\u062f\u0645\u0629 \u0642\u0637\u0639 \u0627\u0644\u063a\u064a\u0627\u0631 \u0627\u0644\u0642\u062f\u064a\u0645\u0629 \u0645\u0646 \u062e\u0644\u0627\u0644 \u062e\u062f\u0645\u0629 \u0642\u0637\u0639 \u0627\u0644\u063a\u064a\u0627\u0631. \u0645\u0646 \u062e\u0644\u0627\u0644 \u0627\u0644\u0623\u0634\u062e\u0627\u0635 \u0627\u0644\u0630\u064a\u0646 \u064a\u0648\u062c\u0647\u0648\u0646\u0647\u0645 \u0645\u0628\u0627\u0634\u0631\u0629\u060c \u064a\u062a\u0645 \u0627\u0633\u062a\u0647\u062f\u0627\u0641\u0647\u0645.<\/p>\n\t\t\t\t\t\t<\/div>\n\t\t\t\t<\/div>\n\t\t            <\/div>\r\n        <\/div>\r\n        \t\t\t<\/div>\r\n\t\t<\/section>\r\n\t\t            <\/div>\r\n        <\/div>\r\n        \t\t\t<\/div>\r\n\t\t<\/section>\r\n\t\t\t\t<\/div>","protected":false},"excerpt":{"rendered":"<p>Refakat\u00e7i Politikas\u0131 Estecenter Refakat\u00e7i Politikas\u0131 \u0130nternet \u00c7erez Politikas\u0131 Ziyaret\u00e7i Politikas\u0131 Refakat\u00e7i Politikas\u0131 G\u00fcvenlik Bilgisi ve Politikas\u0131 \u015eikayet Politikas\u0131 Hasta Haklar\u0131 Birimi Memnuniyet Sa\u011flama S\u00fcreci Refakat\u00e7i Politikas\u0131 Tedavi s\u00fcrecinde hastalar\u0131n refakat\u00e7i bulundurma hakk\u0131, tedaviden sorumlu doktorun onay\u0131 ve hastanenin belirledi\u011fi kurallar do\u011frultusunda ger\u00e7ekle\u015ftirilmelidir. Bu hakk\u0131n kullan\u0131m\u0131nda hastalar\u0131m\u0131za destek olman\u0131z ve hastanemizin refakat\u00e7i politikas\u0131na uygun davranman\u0131z \u00f6nemlidir. [&hellip;]<\/p>","protected":false},"author":1,"featured_media":0,"parent":0,"menu_order":0,"comment_status":"closed","ping_status":"closed","template":"","meta":{"footnotes":""},"categories":[],"tags":[],"_links":{"self":[{"href":"https:\/\/estecenter.com\/ar\/wp-json\/wp\/v2\/pages\/17463"}],"collection":[{"href":"https:\/\/estecenter.com\/ar\/wp-json\/wp\/v2\/pages"}],"about":[{"href":"https:\/\/estecenter.com\/ar\/wp-json\/wp\/v2\/types\/page"}],"author":[{"embeddable":true,"href":"https:\/\/estecenter.com\/ar\/wp-json\/wp\/v2\/users\/1"}],"replies":[{"embeddable":true,"href":"https:\/\/estecenter.com\/ar\/wp-json\/wp\/v2\/comments?post=17463"}],"version-history":[{"count":8,"href":"https:\/\/estecenter.com\/ar\/wp-json\/wp\/v2\/pages\/17463\/revisions"}],"predecessor-version":[{"id":18048,"href":"https:\/\/estecenter.com\/ar\/wp-json\/wp\/v2\/pages\/17463\/revisions\/18048"}],"wp:attachment":[{"href":"https:\/\/estecenter.com\/ar\/wp-json\/wp\/v2\/media?parent=17463"}],"wp:term":[{"taxonomy":"category","embeddable":true,"href":"https:\/\/estecenter.com\/ar\/wp-json\/wp\/v2\/categories?post=17463"},{"taxonomy":"post_tag","embeddable":true,"href":"https:\/\/estecenter.com\/ar\/wp-json\/wp\/v2\/tags?post=17463"}],"curies":[{"name":"wp","href":"https:\/\/api.w.org\/{rel}","templated":true}]}}